{"id":1356,"date":"2026-02-18T09:45:46","date_gmt":"2026-02-18T09:45:46","guid":{"rendered":"https:\/\/indusrestaurant.ro\/?post_type=product&#038;p=1356"},"modified":"2026-04-17T08:38:39","modified_gmt":"2026-04-17T08:38:39","slug":"combo-hummus-indus-salata-cu-valeriana","status":"publish","type":"product","link":"https:\/\/indusrestaurant.ro\/en\/product\/combo-hummus-indus-salata-cu-valeriana\/","title":{"rendered":"Combo HUMMUS INDUS &#038; Salat\u0103 cu valerian\u0103"},"content":{"rendered":"<p><em><strong>DE POST\/VEGAN<\/strong><br \/>\nRecomandat cu lipie tradi\u021bional\u0103 Paratha <\/em><\/p>\n<p>O combina\u021bie special\u0103 cu hummus \u0219i salat\u0103 creat\u0103 de buc\u0103tarul indus foarte hr\u0103nitoare \u0219i savuroas\u0103, cu twist pakistanez.<\/p>\n<p><strong>Hummus<\/strong><\/p>\n<p>&#8211; Un preparat cu semn\u0103tura \u201dindus\u201d, recunoscut pentru gustul inedit \u0219i textura cremoas\u0103. Este o gustare bogat\u0103 \u00een nutrien\u021bi \u0219i hr\u0103nitoare, care con\u021bine n\u0103ut premium de calibru mare, dulceag, g\u0103tit de la zero, devenit\u0103 foarte fin\u0103 \u0219i datorit\u0103 pastei de susan de \u00eenalt\u0103 calitate. Hummusul este g\u0103tit cu pasiune \u0219i inspira\u021bie din Israel \u0219i Palestina.<\/p>\n<p><strong>Salat\u0103 cu valerian\u0103 <\/strong> &#8211; O salat\u0103 marca \u201dindus\u201d cu un gust spectaculos oferit de melanjul dintre valeriana verde, n\u0103utul premium preparat de la zero, ro\u0219iile cherry, ceapa ro\u0219ie, guliile crocante \u0219i condimentele pakistaneze premium u\u0219or picante. 100g<\/p>","protected":false},"excerpt":{"rendered":"<p>DE POST\/VEGAN Recomandat cu lipie tradi\u021bional\u0103 Paratha O combina\u021bie special\u0103 cu hummus \u0219i salat\u0103 creat\u0103 de buc\u0103tarul indus foarte hr\u0103nitoare \u0219i savuroas\u0103, cu twist pakistanez. Hummus &#8211; Un preparat cu semn\u0103tura \u201dindus\u201d, recunoscut pentru gustul inedit \u0219i textura cremoas\u0103. Este o gustare bogat\u0103 \u00een nutrien\u021bi \u0219i hr\u0103nitoare, care con\u021bine n\u0103ut premium de calibru mare, dulceag, [&hellip;]<\/p>\n","protected":false},"featured_media":0,"template":"","meta":{"_acf_changed":false},"product_brand":[],"product_cat":[41,30],"product_tag":[],"class_list":{"0":"post-1356","1":"product","2":"type-product","3":"status-publish","5":"product_cat-streetfood","6":"product_cat-vegan","8":"first","9":"instock","10":"shipping-taxable","11":"purchasable","12":"product-type-simple"},"acf":[],"yoast_head":"<!-- This site is optimized with the Yoast SEO plugin v27.5 - https:\/\/yoast.com\/product\/yoast-seo-wordpress\/ -->\n<title>Combo HUMMUS INDUS &amp; Salat\u0103 cu valerian\u0103 - INDUS Restaurant pakistanez<\/title>\n<meta name=\"robots\" content=\"index, follow, max-snippet:-1, max-image-preview:large, max-video-preview:-1\" \/>\n<link rel=\"canonical\" href=\"https:\/\/indusrestaurant.ro\/en\/product\/combo-hummus-indus-salata-cu-valeriana\/\" \/>\n<meta property=\"og:locale\" content=\"en_GB\" \/>\n<meta property=\"og:type\" content=\"article\" \/>\n<meta property=\"og:title\" content=\"Combo HUMMUS INDUS &amp; Salat\u0103 cu valerian\u0103 - INDUS Restaurant pakistanez\" \/>\n<meta property=\"og:description\" content=\"DE POST\/VEGAN Recomandat cu lipie tradi\u021bional\u0103 Paratha O combina\u021bie special\u0103 cu hummus \u0219i salat\u0103 creat\u0103 de buc\u0103tarul indus foarte hr\u0103nitoare \u0219i savuroas\u0103, cu twist pakistanez. Hummus &#8211; Un preparat cu semn\u0103tura \u201dindus\u201d, recunoscut pentru gustul inedit \u0219i textura cremoas\u0103. Este o gustare bogat\u0103 \u00een nutrien\u021bi \u0219i hr\u0103nitoare, care con\u021bine n\u0103ut premium de calibru mare, dulceag, [&hellip;]\" \/>\n<meta property=\"og:url\" content=\"https:\/\/indusrestaurant.ro\/en\/product\/combo-hummus-indus-salata-cu-valeriana\/\" \/>\n<meta property=\"og:site_name\" content=\"INDUS Restaurant pakistanez\" \/>\n<meta property=\"article:modified_time\" content=\"2026-04-17T08:38:39+00:00\" \/>\n<meta name=\"twitter:card\" content=\"summary_large_image\" \/>\n<meta name=\"twitter:label1\" content=\"Estimated reading time\" \/>\n\t<meta name=\"twitter:data1\" content=\"1 minute\" \/>\n<script type=\"application\/ld+json\" class=\"yoast-schema-graph\">{\"@context\":\"https:\\\/\\\/schema.org\",\"@graph\":[{\"@type\":\"WebPage\",\"@id\":\"https:\\\/\\\/indusrestaurant.ro\\\/product\\\/combo-hummus-indus-salata-cu-valeriana\\\/\",\"url\":\"https:\\\/\\\/indusrestaurant.ro\\\/product\\\/combo-hummus-indus-salata-cu-valeriana\\\/\",\"name\":\"Combo HUMMUS INDUS & Salat\u0103 cu valerian\u0103 - INDUS Restaurant pakistanez\",\"isPartOf\":{\"@id\":\"https:\\\/\\\/indusrestaurant.ro\\\/#website\"},\"datePublished\":\"2026-02-18T09:45:46+00:00\",\"dateModified\":\"2026-04-17T08:38:39+00:00\",\"breadcrumb\":{\"@id\":\"https:\\\/\\\/indusrestaurant.ro\\\/product\\\/combo-hummus-indus-salata-cu-valeriana\\\/#breadcrumb\"},\"inLanguage\":\"en-GB\",\"potentialAction\":[{\"@type\":\"ReadAction\",\"target\":[\"https:\\\/\\\/indusrestaurant.ro\\\/product\\\/combo-hummus-indus-salata-cu-valeriana\\\/\"]}]},{\"@type\":\"BreadcrumbList\",\"@id\":\"https:\\\/\\\/indusrestaurant.ro\\\/product\\\/combo-hummus-indus-salata-cu-valeriana\\\/#breadcrumb\",\"itemListElement\":[{\"@type\":\"ListItem\",\"position\":1,\"name\":\"Home\",\"item\":\"https:\\\/\\\/indusrestaurant.ro\\\/\"},{\"@type\":\"ListItem\",\"position\":2,\"name\":\"Shop\",\"item\":\"https:\\\/\\\/indusrestaurant.ro\\\/shop\\\/\"},{\"@type\":\"ListItem\",\"position\":3,\"name\":\"Combo HUMMUS INDUS &#038; Salat\u0103 cu valerian\u0103\"}]},{\"@type\":\"WebSite\",\"@id\":\"https:\\\/\\\/indusrestaurant.ro\\\/#website\",\"url\":\"https:\\\/\\\/indusrestaurant.ro\\\/\",\"name\":\"INDUS Restaurant pakistanez\",\"description\":\"Spice is life\",\"publisher\":{\"@id\":\"https:\\\/\\\/indusrestaurant.ro\\\/#organization\"},\"potentialAction\":[{\"@type\":\"SearchAction\",\"target\":{\"@type\":\"EntryPoint\",\"urlTemplate\":\"https:\\\/\\\/indusrestaurant.ro\\\/?s={search_term_string}\"},\"query-input\":{\"@type\":\"PropertyValueSpecification\",\"valueRequired\":true,\"valueName\":\"search_term_string\"}}],\"inLanguage\":\"en-GB\"},{\"@type\":\"Organization\",\"@id\":\"https:\\\/\\\/indusrestaurant.ro\\\/#organization\",\"name\":\"INDUS Restaurant pakistanez\",\"url\":\"https:\\\/\\\/indusrestaurant.ro\\\/\",\"logo\":{\"@type\":\"ImageObject\",\"inLanguage\":\"en-GB\",\"@id\":\"https:\\\/\\\/indusrestaurant.ro\\\/#\\\/schema\\\/logo\\\/image\\\/\",\"url\":\"https:\\\/\\\/indusrestaurant.ro\\\/wp-content\\\/uploads\\\/2025\\\/03\\\/logo-2-1.webp\",\"contentUrl\":\"https:\\\/\\\/indusrestaurant.ro\\\/wp-content\\\/uploads\\\/2025\\\/03\\\/logo-2-1.webp\",\"width\":614,\"height\":283,\"caption\":\"INDUS Restaurant pakistanez\"},\"image\":{\"@id\":\"https:\\\/\\\/indusrestaurant.ro\\\/#\\\/schema\\\/logo\\\/image\\\/\"}}]}<\/script>\n<!-- \/ Yoast SEO plugin. -->","yoast_head_json":{"title":"Combo HUMMUS INDUS & Salat\u0103 cu valerian\u0103 - INDUS Restaurant pakistanez","robots":{"index":"index","follow":"follow","max-snippet":"max-snippet:-1","max-image-preview":"max-image-preview:large","max-video-preview":"max-video-preview:-1"},"canonical":"https:\/\/indusrestaurant.ro\/en\/product\/combo-hummus-indus-salata-cu-valeriana\/","og_locale":"en_GB","og_type":"article","og_title":"Combo HUMMUS INDUS & Salat\u0103 cu valerian\u0103 - INDUS Restaurant pakistanez","og_description":"DE POST\/VEGAN Recomandat cu lipie tradi\u021bional\u0103 Paratha O combina\u021bie special\u0103 cu hummus \u0219i salat\u0103 creat\u0103 de buc\u0103tarul indus foarte hr\u0103nitoare \u0219i savuroas\u0103, cu twist pakistanez. Hummus &#8211; Un preparat cu semn\u0103tura \u201dindus\u201d, recunoscut pentru gustul inedit \u0219i textura cremoas\u0103. Este o gustare bogat\u0103 \u00een nutrien\u021bi \u0219i hr\u0103nitoare, care con\u021bine n\u0103ut premium de calibru mare, dulceag, [&hellip;]","og_url":"https:\/\/indusrestaurant.ro\/en\/product\/combo-hummus-indus-salata-cu-valeriana\/","og_site_name":"INDUS Restaurant pakistanez","article_modified_time":"2026-04-17T08:38:39+00:00","twitter_card":"summary_large_image","twitter_misc":{"Estimated reading time":"1 minute"},"schema":{"@context":"https:\/\/schema.org","@graph":[{"@type":"WebPage","@id":"https:\/\/indusrestaurant.ro\/product\/combo-hummus-indus-salata-cu-valeriana\/","url":"https:\/\/indusrestaurant.ro\/product\/combo-hummus-indus-salata-cu-valeriana\/","name":"Combo HUMMUS INDUS & Salat\u0103 cu valerian\u0103 - INDUS Restaurant pakistanez","isPartOf":{"@id":"https:\/\/indusrestaurant.ro\/#website"},"datePublished":"2026-02-18T09:45:46+00:00","dateModified":"2026-04-17T08:38:39+00:00","breadcrumb":{"@id":"https:\/\/indusrestaurant.ro\/product\/combo-hummus-indus-salata-cu-valeriana\/#breadcrumb"},"inLanguage":"en-GB","potentialAction":[{"@type":"ReadAction","target":["https:\/\/indusrestaurant.ro\/product\/combo-hummus-indus-salata-cu-valeriana\/"]}]},{"@type":"BreadcrumbList","@id":"https:\/\/indusrestaurant.ro\/product\/combo-hummus-indus-salata-cu-valeriana\/#breadcrumb","itemListElement":[{"@type":"ListItem","position":1,"name":"Home","item":"https:\/\/indusrestaurant.ro\/"},{"@type":"ListItem","position":2,"name":"Shop","item":"https:\/\/indusrestaurant.ro\/shop\/"},{"@type":"ListItem","position":3,"name":"Combo HUMMUS INDUS &#038; Salat\u0103 cu valerian\u0103"}]},{"@type":"WebSite","@id":"https:\/\/indusrestaurant.ro\/#website","url":"https:\/\/indusrestaurant.ro\/","name":"INDUS Restaurant pakistanez","description":"Spice is life","publisher":{"@id":"https:\/\/indusrestaurant.ro\/#organization"},"potentialAction":[{"@type":"SearchAction","target":{"@type":"EntryPoint","urlTemplate":"https:\/\/indusrestaurant.ro\/?s={search_term_string}"},"query-input":{"@type":"PropertyValueSpecification","valueRequired":true,"valueName":"search_term_string"}}],"inLanguage":"en-GB"},{"@type":"Organization","@id":"https:\/\/indusrestaurant.ro\/#organization","name":"INDUS Restaurant pakistanez","url":"https:\/\/indusrestaurant.ro\/","logo":{"@type":"ImageObject","inLanguage":"en-GB","@id":"https:\/\/indusrestaurant.ro\/#\/schema\/logo\/image\/","url":"https:\/\/indusrestaurant.ro\/wp-content\/uploads\/2025\/03\/logo-2-1.webp","contentUrl":"https:\/\/indusrestaurant.ro\/wp-content\/uploads\/2025\/03\/logo-2-1.webp","width":614,"height":283,"caption":"INDUS Restaurant pakistanez"},"image":{"@id":"https:\/\/indusrestaurant.ro\/#\/schema\/logo\/image\/"}}]}},"_links":{"self":[{"href":"https:\/\/indusrestaurant.ro\/en\/wp-json\/wp\/v2\/product\/1356","targetHints":{"allow":["GET"]}}],"collection":[{"href":"https:\/\/indusrestaurant.ro\/en\/wp-json\/wp\/v2\/product"}],"about":[{"href":"https:\/\/indusrestaurant.ro\/en\/wp-json\/wp\/v2\/types\/product"}],"wp:attachment":[{"href":"https:\/\/indusrestaurant.ro\/en\/wp-json\/wp\/v2\/media?parent=1356"}],"wp:term":[{"taxonomy":"product_brand","embeddable":true,"href":"https:\/\/indusrestaurant.ro\/en\/wp-json\/wp\/v2\/product_brand?post=1356"},{"taxonomy":"product_cat","embeddable":true,"href":"https:\/\/indusrestaurant.ro\/en\/wp-json\/wp\/v2\/product_cat?post=1356"},{"taxonomy":"product_tag","embeddable":true,"href":"https:\/\/indusrestaurant.ro\/en\/wp-json\/wp\/v2\/product_tag?post=1356"}],"curies":[{"name":"wp","href":"https:\/\/api.w.org\/{rel}","templated":true}]}}