{"id":1591,"date":"2026-04-29T13:04:30","date_gmt":"2026-04-29T13:04:30","guid":{"rendered":"https:\/\/indusrestaurant.ro\/?post_type=product&#038;p=1591"},"modified":"2026-04-29T13:10:35","modified_gmt":"2026-04-29T13:10:35","slug":"samosa-specialitatea-zilei","status":"publish","type":"product","link":"https:\/\/indusrestaurant.ro\/en\/product\/samosa-specialitatea-zilei\/","title":{"rendered":"SAMOSA &#8211; specialitatea zilei"},"content":{"rendered":"<p>Un preparat vegan\/de post crocant la exterior \u0219i surprinz\u0103tor de cremos la interior, \u00een care cartofii \u0219i maz\u0103rea sunt g\u0103ti\u021bi lent, la tigaie, exact ca acas\u0103 \u00een Pakistan, al\u0103turi de condimente atent dozate care aduc c\u0103ldur\u0103, profunzime \u0219i echilibru. Aluatul fin devine auriu \u0219i u\u0219or crocant, \u00een timp ce umplutura r\u0103m\u00e2ne aromat\u0103 \u0219i reconfortant\u0103. Al\u0103turi, sosul Raita \u2013 r\u0103coritor, cu iaurt, ment\u0103 verde din bel\u0219ug \u0219i o not\u0103 subtil\u0103 de chimion \u2013 completeaz\u0103 perfect fiecare mu\u0219c\u0103tur\u0103. Rezultatul este un preparat simplu, dar plin de caracter, care spune o poveste autentic\u0103 din buc\u0103t\u0103ria pakistanez\u0103. <\/p>\n<p><em><strong>120 g (dou\u0103 buc\u0103\u021bi de samosa)<br \/>\n30g sos Raita<\/strong><\/em><\/p>","protected":false},"excerpt":{"rendered":"<p>Un preparat vegan\/de post crocant la exterior \u0219i surprinz\u0103tor de cremos la interior, \u00een care cartofii \u0219i maz\u0103rea sunt g\u0103ti\u021bi lent, la tigaie, exact ca acas\u0103 \u00een Pakistan, al\u0103turi de condimente atent dozate care aduc c\u0103ldur\u0103, profunzime \u0219i echilibru. Aluatul fin devine auriu \u0219i u\u0219or crocant, \u00een timp ce umplutura r\u0103m\u00e2ne aromat\u0103 \u0219i reconfortant\u0103. Al\u0103turi, [&hellip;]<\/p>\n","protected":false},"featured_media":0,"template":"","meta":{"_acf_changed":false},"product_brand":[],"product_cat":[36,26,41],"product_tag":[],"class_list":{"0":"post-1591","1":"product","2":"type-product","3":"status-publish","5":"product_cat-snacks","6":"product_cat-specialitatea-bucatarului","7":"product_cat-streetfood","9":"first","10":"instock","11":"shipping-taxable","12":"purchasable","13":"product-type-simple"},"acf":[],"yoast_head":"<!-- This site is optimized with the Yoast SEO plugin v27.5 - https:\/\/yoast.com\/product\/yoast-seo-wordpress\/ -->\n<title>SAMOSA - specialitatea zilei - INDUS Restaurant pakistanez<\/title>\n<meta name=\"robots\" content=\"index, follow, max-snippet:-1, max-image-preview:large, max-video-preview:-1\" \/>\n<link rel=\"canonical\" href=\"https:\/\/indusrestaurant.ro\/en\/product\/samosa-specialitatea-zilei\/\" \/>\n<meta property=\"og:locale\" content=\"en_GB\" \/>\n<meta property=\"og:type\" content=\"article\" \/>\n<meta property=\"og:title\" content=\"SAMOSA - specialitatea zilei - INDUS Restaurant pakistanez\" \/>\n<meta property=\"og:description\" content=\"Un preparat vegan\/de post crocant la exterior \u0219i surprinz\u0103tor de cremos la interior, \u00een care cartofii \u0219i maz\u0103rea sunt g\u0103ti\u021bi lent, la tigaie, exact ca acas\u0103 \u00een Pakistan, al\u0103turi de condimente atent dozate care aduc c\u0103ldur\u0103, profunzime \u0219i echilibru. Aluatul fin devine auriu \u0219i u\u0219or crocant, \u00een timp ce umplutura r\u0103m\u00e2ne aromat\u0103 \u0219i reconfortant\u0103. Al\u0103turi, [&hellip;]\" \/>\n<meta property=\"og:url\" content=\"https:\/\/indusrestaurant.ro\/en\/product\/samosa-specialitatea-zilei\/\" \/>\n<meta property=\"og:site_name\" content=\"INDUS Restaurant pakistanez\" \/>\n<meta property=\"article:modified_time\" content=\"2026-04-29T13:10:35+00:00\" \/>\n<meta name=\"twitter:card\" content=\"summary_large_image\" \/>\n<meta name=\"twitter:label1\" content=\"Estimated reading time\" \/>\n\t<meta name=\"twitter:data1\" content=\"1 minute\" \/>\n<script type=\"application\/ld+json\" class=\"yoast-schema-graph\">{\"@context\":\"https:\\\/\\\/schema.org\",\"@graph\":[{\"@type\":\"WebPage\",\"@id\":\"https:\\\/\\\/indusrestaurant.ro\\\/product\\\/samosa-specialitatea-zilei\\\/\",\"url\":\"https:\\\/\\\/indusrestaurant.ro\\\/product\\\/samosa-specialitatea-zilei\\\/\",\"name\":\"SAMOSA - specialitatea zilei - INDUS Restaurant pakistanez\",\"isPartOf\":{\"@id\":\"https:\\\/\\\/indusrestaurant.ro\\\/#website\"},\"datePublished\":\"2026-04-29T13:04:30+00:00\",\"dateModified\":\"2026-04-29T13:10:35+00:00\",\"breadcrumb\":{\"@id\":\"https:\\\/\\\/indusrestaurant.ro\\\/product\\\/samosa-specialitatea-zilei\\\/#breadcrumb\"},\"inLanguage\":\"en-GB\",\"potentialAction\":[{\"@type\":\"ReadAction\",\"target\":[\"https:\\\/\\\/indusrestaurant.ro\\\/product\\\/samosa-specialitatea-zilei\\\/\"]}]},{\"@type\":\"BreadcrumbList\",\"@id\":\"https:\\\/\\\/indusrestaurant.ro\\\/product\\\/samosa-specialitatea-zilei\\\/#breadcrumb\",\"itemListElement\":[{\"@type\":\"ListItem\",\"position\":1,\"name\":\"Home\",\"item\":\"https:\\\/\\\/indusrestaurant.ro\\\/\"},{\"@type\":\"ListItem\",\"position\":2,\"name\":\"Shop\",\"item\":\"https:\\\/\\\/indusrestaurant.ro\\\/shop\\\/\"},{\"@type\":\"ListItem\",\"position\":3,\"name\":\"SAMOSA &#8211; specialitatea zilei\"}]},{\"@type\":\"WebSite\",\"@id\":\"https:\\\/\\\/indusrestaurant.ro\\\/#website\",\"url\":\"https:\\\/\\\/indusrestaurant.ro\\\/\",\"name\":\"INDUS Restaurant pakistanez\",\"description\":\"Spice is life\",\"publisher\":{\"@id\":\"https:\\\/\\\/indusrestaurant.ro\\\/#organization\"},\"potentialAction\":[{\"@type\":\"SearchAction\",\"target\":{\"@type\":\"EntryPoint\",\"urlTemplate\":\"https:\\\/\\\/indusrestaurant.ro\\\/?s={search_term_string}\"},\"query-input\":{\"@type\":\"PropertyValueSpecification\",\"valueRequired\":true,\"valueName\":\"search_term_string\"}}],\"inLanguage\":\"en-GB\"},{\"@type\":\"Organization\",\"@id\":\"https:\\\/\\\/indusrestaurant.ro\\\/#organization\",\"name\":\"INDUS Restaurant pakistanez\",\"url\":\"https:\\\/\\\/indusrestaurant.ro\\\/\",\"logo\":{\"@type\":\"ImageObject\",\"inLanguage\":\"en-GB\",\"@id\":\"https:\\\/\\\/indusrestaurant.ro\\\/#\\\/schema\\\/logo\\\/image\\\/\",\"url\":\"https:\\\/\\\/indusrestaurant.ro\\\/wp-content\\\/uploads\\\/2025\\\/03\\\/logo-2-1.webp\",\"contentUrl\":\"https:\\\/\\\/indusrestaurant.ro\\\/wp-content\\\/uploads\\\/2025\\\/03\\\/logo-2-1.webp\",\"width\":614,\"height\":283,\"caption\":\"INDUS Restaurant pakistanez\"},\"image\":{\"@id\":\"https:\\\/\\\/indusrestaurant.ro\\\/#\\\/schema\\\/logo\\\/image\\\/\"}}]}<\/script>\n<!-- \/ Yoast SEO plugin. -->","yoast_head_json":{"title":"SAMOSA - specialitatea zilei - INDUS Restaurant pakistanez","robots":{"index":"index","follow":"follow","max-snippet":"max-snippet:-1","max-image-preview":"max-image-preview:large","max-video-preview":"max-video-preview:-1"},"canonical":"https:\/\/indusrestaurant.ro\/en\/product\/samosa-specialitatea-zilei\/","og_locale":"en_GB","og_type":"article","og_title":"SAMOSA - specialitatea zilei - INDUS Restaurant pakistanez","og_description":"Un preparat vegan\/de post crocant la exterior \u0219i surprinz\u0103tor de cremos la interior, \u00een care cartofii \u0219i maz\u0103rea sunt g\u0103ti\u021bi lent, la tigaie, exact ca acas\u0103 \u00een Pakistan, al\u0103turi de condimente atent dozate care aduc c\u0103ldur\u0103, profunzime \u0219i echilibru. Aluatul fin devine auriu \u0219i u\u0219or crocant, \u00een timp ce umplutura r\u0103m\u00e2ne aromat\u0103 \u0219i reconfortant\u0103. Al\u0103turi, [&hellip;]","og_url":"https:\/\/indusrestaurant.ro\/en\/product\/samosa-specialitatea-zilei\/","og_site_name":"INDUS Restaurant pakistanez","article_modified_time":"2026-04-29T13:10:35+00:00","twitter_card":"summary_large_image","twitter_misc":{"Estimated reading time":"1 minute"},"schema":{"@context":"https:\/\/schema.org","@graph":[{"@type":"WebPage","@id":"https:\/\/indusrestaurant.ro\/product\/samosa-specialitatea-zilei\/","url":"https:\/\/indusrestaurant.ro\/product\/samosa-specialitatea-zilei\/","name":"SAMOSA - specialitatea zilei - INDUS Restaurant pakistanez","isPartOf":{"@id":"https:\/\/indusrestaurant.ro\/#website"},"datePublished":"2026-04-29T13:04:30+00:00","dateModified":"2026-04-29T13:10:35+00:00","breadcrumb":{"@id":"https:\/\/indusrestaurant.ro\/product\/samosa-specialitatea-zilei\/#breadcrumb"},"inLanguage":"en-GB","potentialAction":[{"@type":"ReadAction","target":["https:\/\/indusrestaurant.ro\/product\/samosa-specialitatea-zilei\/"]}]},{"@type":"BreadcrumbList","@id":"https:\/\/indusrestaurant.ro\/product\/samosa-specialitatea-zilei\/#breadcrumb","itemListElement":[{"@type":"ListItem","position":1,"name":"Home","item":"https:\/\/indusrestaurant.ro\/"},{"@type":"ListItem","position":2,"name":"Shop","item":"https:\/\/indusrestaurant.ro\/shop\/"},{"@type":"ListItem","position":3,"name":"SAMOSA &#8211; specialitatea zilei"}]},{"@type":"WebSite","@id":"https:\/\/indusrestaurant.ro\/#website","url":"https:\/\/indusrestaurant.ro\/","name":"INDUS Restaurant pakistanez","description":"Spice is life","publisher":{"@id":"https:\/\/indusrestaurant.ro\/#organization"},"potentialAction":[{"@type":"SearchAction","target":{"@type":"EntryPoint","urlTemplate":"https:\/\/indusrestaurant.ro\/?s={search_term_string}"},"query-input":{"@type":"PropertyValueSpecification","valueRequired":true,"valueName":"search_term_string"}}],"inLanguage":"en-GB"},{"@type":"Organization","@id":"https:\/\/indusrestaurant.ro\/#organization","name":"INDUS Restaurant pakistanez","url":"https:\/\/indusrestaurant.ro\/","logo":{"@type":"ImageObject","inLanguage":"en-GB","@id":"https:\/\/indusrestaurant.ro\/#\/schema\/logo\/image\/","url":"https:\/\/indusrestaurant.ro\/wp-content\/uploads\/2025\/03\/logo-2-1.webp","contentUrl":"https:\/\/indusrestaurant.ro\/wp-content\/uploads\/2025\/03\/logo-2-1.webp","width":614,"height":283,"caption":"INDUS Restaurant pakistanez"},"image":{"@id":"https:\/\/indusrestaurant.ro\/#\/schema\/logo\/image\/"}}]}},"_links":{"self":[{"href":"https:\/\/indusrestaurant.ro\/en\/wp-json\/wp\/v2\/product\/1591","targetHints":{"allow":["GET"]}}],"collection":[{"href":"https:\/\/indusrestaurant.ro\/en\/wp-json\/wp\/v2\/product"}],"about":[{"href":"https:\/\/indusrestaurant.ro\/en\/wp-json\/wp\/v2\/types\/product"}],"wp:attachment":[{"href":"https:\/\/indusrestaurant.ro\/en\/wp-json\/wp\/v2\/media?parent=1591"}],"wp:term":[{"taxonomy":"product_brand","embeddable":true,"href":"https:\/\/indusrestaurant.ro\/en\/wp-json\/wp\/v2\/product_brand?post=1591"},{"taxonomy":"product_cat","embeddable":true,"href":"https:\/\/indusrestaurant.ro\/en\/wp-json\/wp\/v2\/product_cat?post=1591"},{"taxonomy":"product_tag","embeddable":true,"href":"https:\/\/indusrestaurant.ro\/en\/wp-json\/wp\/v2\/product_tag?post=1591"}],"curies":[{"name":"wp","href":"https:\/\/api.w.org\/{rel}","templated":true}]}}