{"id":1599,"date":"2026-05-01T08:53:29","date_gmt":"2026-05-01T08:53:29","guid":{"rendered":"https:\/\/indusrestaurant.ro\/?post_type=product&#038;p=1599"},"modified":"2026-05-01T10:06:06","modified_gmt":"2026-05-01T10:06:06","slug":"chapli-kabab-specialitatea-zilei","status":"publish","type":"product","link":"https:\/\/indusrestaurant.ro\/en\/product\/chapli-kabab-specialitatea-zilei\/","title":{"rendered":"Chapli Kabab &#8211; specialitatea zilei"},"content":{"rendered":"<p>Carne de vit\u0103 tocat\u0103 de la ferm\u0103, amestecat\u0103 cu condimente pakistaneze autentice, semin\u021be de rodie \u0219i chimen regal indian (ajwain), completate de verde\u021buri proaspete \u0219i un accent delicat de chilli, modelat\u0103 manual \u0219i g\u0103tit\u0103 pe plit\u0103 pentru o crust\u0103 u\u0219or crocant\u0103 \u0219i un interior suculent\u2014exact \u00een stilul tradi\u021bional Chapli Kabab. <\/p>\n<p>Servite \u00een por\u021bie de 3 buc\u0103\u021bi, al\u0103turi de o lipie Paratha fraged\u0103 \u0219i un sos raita fin, din iaurt cu ment\u0103 din abunden\u021b\u0103, pentru o not\u0103 proasp\u0103t\u0103 \u0219i echilibrat\u0103. <\/p>\n<p>250g\/por\u021bie<\/p>","protected":false},"excerpt":{"rendered":"<p>Carne de vit\u0103 tocat\u0103 de la ferm\u0103, amestecat\u0103 cu condimente pakistaneze autentice, semin\u021be de rodie \u0219i chimen regal indian (ajwain), completate de verde\u021buri proaspete \u0219i un accent delicat de chilli, modelat\u0103 manual \u0219i g\u0103tit\u0103 pe plit\u0103 pentru o crust\u0103 u\u0219or crocant\u0103 \u0219i un interior suculent\u2014exact \u00een stilul tradi\u021bional Chapli Kabab. Servite \u00een por\u021bie de 3 [&hellip;]<\/p>\n","protected":false},"featured_media":0,"template":"","meta":{"_acf_changed":false},"product_brand":[],"product_cat":[26,41],"product_tag":[],"class_list":{"0":"post-1599","1":"product","2":"type-product","3":"status-publish","5":"product_cat-specialitatea-bucatarului","6":"product_cat-streetfood","8":"first","9":"instock","10":"shipping-taxable","11":"purchasable","12":"product-type-simple"},"acf":[],"yoast_head":"<!-- This site is optimized with the Yoast SEO plugin v27.5 - https:\/\/yoast.com\/product\/yoast-seo-wordpress\/ -->\n<title>Chapli Kabab - specialitatea zilei - INDUS Restaurant pakistanez<\/title>\n<meta name=\"robots\" content=\"index, follow, max-snippet:-1, max-image-preview:large, max-video-preview:-1\" \/>\n<link rel=\"canonical\" href=\"https:\/\/indusrestaurant.ro\/en\/product\/chapli-kabab-specialitatea-zilei\/\" \/>\n<meta property=\"og:locale\" content=\"en_GB\" \/>\n<meta property=\"og:type\" content=\"article\" \/>\n<meta property=\"og:title\" content=\"Chapli Kabab - specialitatea zilei - INDUS Restaurant pakistanez\" \/>\n<meta property=\"og:description\" content=\"Carne de vit\u0103 tocat\u0103 de la ferm\u0103, amestecat\u0103 cu condimente pakistaneze autentice, semin\u021be de rodie \u0219i chimen regal indian (ajwain), completate de verde\u021buri proaspete \u0219i un accent delicat de chilli, modelat\u0103 manual \u0219i g\u0103tit\u0103 pe plit\u0103 pentru o crust\u0103 u\u0219or crocant\u0103 \u0219i un interior suculent\u2014exact \u00een stilul tradi\u021bional Chapli Kabab. Servite \u00een por\u021bie de 3 [&hellip;]\" \/>\n<meta property=\"og:url\" content=\"https:\/\/indusrestaurant.ro\/en\/product\/chapli-kabab-specialitatea-zilei\/\" \/>\n<meta property=\"og:site_name\" content=\"INDUS Restaurant pakistanez\" \/>\n<meta property=\"article:modified_time\" content=\"2026-05-01T10:06:06+00:00\" \/>\n<meta name=\"twitter:card\" content=\"summary_large_image\" \/>\n<meta name=\"twitter:label1\" content=\"Estimated reading time\" \/>\n\t<meta name=\"twitter:data1\" content=\"1 minute\" \/>\n<script type=\"application\/ld+json\" class=\"yoast-schema-graph\">{\"@context\":\"https:\\\/\\\/schema.org\",\"@graph\":[{\"@type\":\"WebPage\",\"@id\":\"https:\\\/\\\/indusrestaurant.ro\\\/product\\\/chapli-kabab-specialitatea-zilei\\\/\",\"url\":\"https:\\\/\\\/indusrestaurant.ro\\\/product\\\/chapli-kabab-specialitatea-zilei\\\/\",\"name\":\"Chapli Kabab - specialitatea zilei - INDUS Restaurant pakistanez\",\"isPartOf\":{\"@id\":\"https:\\\/\\\/indusrestaurant.ro\\\/#website\"},\"datePublished\":\"2026-05-01T08:53:29+00:00\",\"dateModified\":\"2026-05-01T10:06:06+00:00\",\"breadcrumb\":{\"@id\":\"https:\\\/\\\/indusrestaurant.ro\\\/product\\\/chapli-kabab-specialitatea-zilei\\\/#breadcrumb\"},\"inLanguage\":\"en-GB\",\"potentialAction\":[{\"@type\":\"ReadAction\",\"target\":[\"https:\\\/\\\/indusrestaurant.ro\\\/product\\\/chapli-kabab-specialitatea-zilei\\\/\"]}]},{\"@type\":\"BreadcrumbList\",\"@id\":\"https:\\\/\\\/indusrestaurant.ro\\\/product\\\/chapli-kabab-specialitatea-zilei\\\/#breadcrumb\",\"itemListElement\":[{\"@type\":\"ListItem\",\"position\":1,\"name\":\"Home\",\"item\":\"https:\\\/\\\/indusrestaurant.ro\\\/\"},{\"@type\":\"ListItem\",\"position\":2,\"name\":\"Shop\",\"item\":\"https:\\\/\\\/indusrestaurant.ro\\\/shop\\\/\"},{\"@type\":\"ListItem\",\"position\":3,\"name\":\"Chapli Kabab &#8211; specialitatea zilei\"}]},{\"@type\":\"WebSite\",\"@id\":\"https:\\\/\\\/indusrestaurant.ro\\\/#website\",\"url\":\"https:\\\/\\\/indusrestaurant.ro\\\/\",\"name\":\"INDUS Restaurant pakistanez\",\"description\":\"Spice is life\",\"publisher\":{\"@id\":\"https:\\\/\\\/indusrestaurant.ro\\\/#organization\"},\"potentialAction\":[{\"@type\":\"SearchAction\",\"target\":{\"@type\":\"EntryPoint\",\"urlTemplate\":\"https:\\\/\\\/indusrestaurant.ro\\\/?s={search_term_string}\"},\"query-input\":{\"@type\":\"PropertyValueSpecification\",\"valueRequired\":true,\"valueName\":\"search_term_string\"}}],\"inLanguage\":\"en-GB\"},{\"@type\":\"Organization\",\"@id\":\"https:\\\/\\\/indusrestaurant.ro\\\/#organization\",\"name\":\"INDUS Restaurant pakistanez\",\"url\":\"https:\\\/\\\/indusrestaurant.ro\\\/\",\"logo\":{\"@type\":\"ImageObject\",\"inLanguage\":\"en-GB\",\"@id\":\"https:\\\/\\\/indusrestaurant.ro\\\/#\\\/schema\\\/logo\\\/image\\\/\",\"url\":\"https:\\\/\\\/indusrestaurant.ro\\\/wp-content\\\/uploads\\\/2025\\\/03\\\/logo-2-1.webp\",\"contentUrl\":\"https:\\\/\\\/indusrestaurant.ro\\\/wp-content\\\/uploads\\\/2025\\\/03\\\/logo-2-1.webp\",\"width\":614,\"height\":283,\"caption\":\"INDUS Restaurant pakistanez\"},\"image\":{\"@id\":\"https:\\\/\\\/indusrestaurant.ro\\\/#\\\/schema\\\/logo\\\/image\\\/\"}}]}<\/script>\n<!-- \/ Yoast SEO plugin. -->","yoast_head_json":{"title":"Chapli Kabab - specialitatea zilei - INDUS Restaurant pakistanez","robots":{"index":"index","follow":"follow","max-snippet":"max-snippet:-1","max-image-preview":"max-image-preview:large","max-video-preview":"max-video-preview:-1"},"canonical":"https:\/\/indusrestaurant.ro\/en\/product\/chapli-kabab-specialitatea-zilei\/","og_locale":"en_GB","og_type":"article","og_title":"Chapli Kabab - specialitatea zilei - INDUS Restaurant pakistanez","og_description":"Carne de vit\u0103 tocat\u0103 de la ferm\u0103, amestecat\u0103 cu condimente pakistaneze autentice, semin\u021be de rodie \u0219i chimen regal indian (ajwain), completate de verde\u021buri proaspete \u0219i un accent delicat de chilli, modelat\u0103 manual \u0219i g\u0103tit\u0103 pe plit\u0103 pentru o crust\u0103 u\u0219or crocant\u0103 \u0219i un interior suculent\u2014exact \u00een stilul tradi\u021bional Chapli Kabab. Servite \u00een por\u021bie de 3 [&hellip;]","og_url":"https:\/\/indusrestaurant.ro\/en\/product\/chapli-kabab-specialitatea-zilei\/","og_site_name":"INDUS Restaurant pakistanez","article_modified_time":"2026-05-01T10:06:06+00:00","twitter_card":"summary_large_image","twitter_misc":{"Estimated reading time":"1 minute"},"schema":{"@context":"https:\/\/schema.org","@graph":[{"@type":"WebPage","@id":"https:\/\/indusrestaurant.ro\/product\/chapli-kabab-specialitatea-zilei\/","url":"https:\/\/indusrestaurant.ro\/product\/chapli-kabab-specialitatea-zilei\/","name":"Chapli Kabab - specialitatea zilei - INDUS Restaurant pakistanez","isPartOf":{"@id":"https:\/\/indusrestaurant.ro\/#website"},"datePublished":"2026-05-01T08:53:29+00:00","dateModified":"2026-05-01T10:06:06+00:00","breadcrumb":{"@id":"https:\/\/indusrestaurant.ro\/product\/chapli-kabab-specialitatea-zilei\/#breadcrumb"},"inLanguage":"en-GB","potentialAction":[{"@type":"ReadAction","target":["https:\/\/indusrestaurant.ro\/product\/chapli-kabab-specialitatea-zilei\/"]}]},{"@type":"BreadcrumbList","@id":"https:\/\/indusrestaurant.ro\/product\/chapli-kabab-specialitatea-zilei\/#breadcrumb","itemListElement":[{"@type":"ListItem","position":1,"name":"Home","item":"https:\/\/indusrestaurant.ro\/"},{"@type":"ListItem","position":2,"name":"Shop","item":"https:\/\/indusrestaurant.ro\/shop\/"},{"@type":"ListItem","position":3,"name":"Chapli Kabab &#8211; specialitatea zilei"}]},{"@type":"WebSite","@id":"https:\/\/indusrestaurant.ro\/#website","url":"https:\/\/indusrestaurant.ro\/","name":"INDUS Restaurant pakistanez","description":"Spice is life","publisher":{"@id":"https:\/\/indusrestaurant.ro\/#organization"},"potentialAction":[{"@type":"SearchAction","target":{"@type":"EntryPoint","urlTemplate":"https:\/\/indusrestaurant.ro\/?s={search_term_string}"},"query-input":{"@type":"PropertyValueSpecification","valueRequired":true,"valueName":"search_term_string"}}],"inLanguage":"en-GB"},{"@type":"Organization","@id":"https:\/\/indusrestaurant.ro\/#organization","name":"INDUS Restaurant pakistanez","url":"https:\/\/indusrestaurant.ro\/","logo":{"@type":"ImageObject","inLanguage":"en-GB","@id":"https:\/\/indusrestaurant.ro\/#\/schema\/logo\/image\/","url":"https:\/\/indusrestaurant.ro\/wp-content\/uploads\/2025\/03\/logo-2-1.webp","contentUrl":"https:\/\/indusrestaurant.ro\/wp-content\/uploads\/2025\/03\/logo-2-1.webp","width":614,"height":283,"caption":"INDUS Restaurant pakistanez"},"image":{"@id":"https:\/\/indusrestaurant.ro\/#\/schema\/logo\/image\/"}}]}},"_links":{"self":[{"href":"https:\/\/indusrestaurant.ro\/en\/wp-json\/wp\/v2\/product\/1599","targetHints":{"allow":["GET"]}}],"collection":[{"href":"https:\/\/indusrestaurant.ro\/en\/wp-json\/wp\/v2\/product"}],"about":[{"href":"https:\/\/indusrestaurant.ro\/en\/wp-json\/wp\/v2\/types\/product"}],"wp:attachment":[{"href":"https:\/\/indusrestaurant.ro\/en\/wp-json\/wp\/v2\/media?parent=1599"}],"wp:term":[{"taxonomy":"product_brand","embeddable":true,"href":"https:\/\/indusrestaurant.ro\/en\/wp-json\/wp\/v2\/product_brand?post=1599"},{"taxonomy":"product_cat","embeddable":true,"href":"https:\/\/indusrestaurant.ro\/en\/wp-json\/wp\/v2\/product_cat?post=1599"},{"taxonomy":"product_tag","embeddable":true,"href":"https:\/\/indusrestaurant.ro\/en\/wp-json\/wp\/v2\/product_tag?post=1599"}],"curies":[{"name":"wp","href":"https:\/\/api.w.org\/{rel}","templated":true}]}}