{"id":1600,"date":"2026-05-01T09:04:18","date_gmt":"2026-05-01T09:04:18","guid":{"rendered":"https:\/\/indusrestaurant.ro\/?post_type=product&#038;p=1600"},"modified":"2026-05-01T15:59:08","modified_gmt":"2026-05-01T15:59:08","slug":"onion-paratha-lipie-traditionala","status":"publish","type":"product","link":"https:\/\/indusrestaurant.ro\/en\/product\/onion-paratha-lipie-traditionala\/","title":{"rendered":"ONION PARATHA &#8211; lipie tradi\u021bional\u0103"},"content":{"rendered":"<p>Lipie tradi\u021bional\u0103 pakistanez\u0103, din aluat necrescut, fr\u0103m\u00e2ntat astfel \u00eenc\u00e2t s\u0103 formeze straturi fine \u0219i u\u0219or crocante, umplut\u0103 cu ceap\u0103 proasp\u0103t\u0103 pentru un gust intens \u0219i aromat. G\u0103tit\u0103 la tigaie \u00een unt din lapte, pentru o textur\u0103 bogat\u0103 \u0219i un gust autentic. Potrivit\u0103 at\u00e2t pentru micul dejun, c\u00e2t \u0219i pentru pr\u00e2nz, al\u0103turi de orice preparat principal pakistanez. 120g.<\/p>","protected":false},"excerpt":{"rendered":"<p>Lipie tradi\u021bional\u0103 pakistanez\u0103, din aluat necrescut, fr\u0103m\u00e2ntat astfel \u00eenc\u00e2t s\u0103 formeze straturi fine \u0219i u\u0219or crocante, umplut\u0103 cu ceap\u0103 proasp\u0103t\u0103 pentru un gust intens \u0219i aromat. G\u0103tit\u0103 la tigaie \u00een unt din lapte, pentru o textur\u0103 bogat\u0103 \u0219i un gust autentic. Potrivit\u0103 at\u00e2t pentru micul dejun, c\u00e2t \u0219i pentru pr\u00e2nz, al\u0103turi de orice preparat principal [&hellip;]<\/p>\n","protected":false},"featured_media":0,"template":"","meta":{"_acf_changed":false},"product_brand":[],"product_cat":[37],"product_tag":[],"class_list":{"0":"post-1600","1":"product","2":"type-product","3":"status-publish","5":"product_cat-paine","7":"first","8":"instock","9":"shipping-taxable","10":"purchasable","11":"product-type-simple"},"acf":[],"yoast_head":"<!-- This site is optimized with the Yoast SEO plugin v27.5 - https:\/\/yoast.com\/product\/yoast-seo-wordpress\/ -->\n<title>ONION PARATHA - lipie tradi\u021bional\u0103 - INDUS Restaurant pakistanez<\/title>\n<meta name=\"robots\" content=\"index, follow, max-snippet:-1, max-image-preview:large, max-video-preview:-1\" \/>\n<link rel=\"canonical\" href=\"https:\/\/indusrestaurant.ro\/en\/product\/onion-paratha-lipie-traditionala\/\" \/>\n<meta property=\"og:locale\" content=\"en_GB\" \/>\n<meta property=\"og:type\" content=\"article\" \/>\n<meta property=\"og:title\" content=\"ONION PARATHA - lipie tradi\u021bional\u0103 - INDUS Restaurant pakistanez\" \/>\n<meta property=\"og:description\" content=\"Lipie tradi\u021bional\u0103 pakistanez\u0103, din aluat necrescut, fr\u0103m\u00e2ntat astfel \u00eenc\u00e2t s\u0103 formeze straturi fine \u0219i u\u0219or crocante, umplut\u0103 cu ceap\u0103 proasp\u0103t\u0103 pentru un gust intens \u0219i aromat. G\u0103tit\u0103 la tigaie \u00een unt din lapte, pentru o textur\u0103 bogat\u0103 \u0219i un gust autentic. Potrivit\u0103 at\u00e2t pentru micul dejun, c\u00e2t \u0219i pentru pr\u00e2nz, al\u0103turi de orice preparat principal [&hellip;]\" \/>\n<meta property=\"og:url\" content=\"https:\/\/indusrestaurant.ro\/en\/product\/onion-paratha-lipie-traditionala\/\" \/>\n<meta property=\"og:site_name\" content=\"INDUS Restaurant pakistanez\" \/>\n<meta property=\"article:modified_time\" content=\"2026-05-01T15:59:08+00:00\" \/>\n<meta name=\"twitter:card\" content=\"summary_large_image\" \/>\n<meta name=\"twitter:label1\" content=\"Estimated reading time\" \/>\n\t<meta name=\"twitter:data1\" content=\"1 minute\" \/>\n<script type=\"application\/ld+json\" class=\"yoast-schema-graph\">{\"@context\":\"https:\\\/\\\/schema.org\",\"@graph\":[{\"@type\":\"WebPage\",\"@id\":\"https:\\\/\\\/indusrestaurant.ro\\\/product\\\/onion-paratha-lipie-traditionala\\\/\",\"url\":\"https:\\\/\\\/indusrestaurant.ro\\\/product\\\/onion-paratha-lipie-traditionala\\\/\",\"name\":\"ONION PARATHA - lipie tradi\u021bional\u0103 - INDUS Restaurant pakistanez\",\"isPartOf\":{\"@id\":\"https:\\\/\\\/indusrestaurant.ro\\\/#website\"},\"datePublished\":\"2026-05-01T09:04:18+00:00\",\"dateModified\":\"2026-05-01T15:59:08+00:00\",\"breadcrumb\":{\"@id\":\"https:\\\/\\\/indusrestaurant.ro\\\/product\\\/onion-paratha-lipie-traditionala\\\/#breadcrumb\"},\"inLanguage\":\"en-GB\",\"potentialAction\":[{\"@type\":\"ReadAction\",\"target\":[\"https:\\\/\\\/indusrestaurant.ro\\\/product\\\/onion-paratha-lipie-traditionala\\\/\"]}]},{\"@type\":\"BreadcrumbList\",\"@id\":\"https:\\\/\\\/indusrestaurant.ro\\\/product\\\/onion-paratha-lipie-traditionala\\\/#breadcrumb\",\"itemListElement\":[{\"@type\":\"ListItem\",\"position\":1,\"name\":\"Home\",\"item\":\"https:\\\/\\\/indusrestaurant.ro\\\/\"},{\"@type\":\"ListItem\",\"position\":2,\"name\":\"Shop\",\"item\":\"https:\\\/\\\/indusrestaurant.ro\\\/shop\\\/\"},{\"@type\":\"ListItem\",\"position\":3,\"name\":\"ONION PARATHA &#8211; lipie tradi\u021bional\u0103\"}]},{\"@type\":\"WebSite\",\"@id\":\"https:\\\/\\\/indusrestaurant.ro\\\/#website\",\"url\":\"https:\\\/\\\/indusrestaurant.ro\\\/\",\"name\":\"INDUS Restaurant pakistanez\",\"description\":\"Spice is life\",\"publisher\":{\"@id\":\"https:\\\/\\\/indusrestaurant.ro\\\/#organization\"},\"potentialAction\":[{\"@type\":\"SearchAction\",\"target\":{\"@type\":\"EntryPoint\",\"urlTemplate\":\"https:\\\/\\\/indusrestaurant.ro\\\/?s={search_term_string}\"},\"query-input\":{\"@type\":\"PropertyValueSpecification\",\"valueRequired\":true,\"valueName\":\"search_term_string\"}}],\"inLanguage\":\"en-GB\"},{\"@type\":\"Organization\",\"@id\":\"https:\\\/\\\/indusrestaurant.ro\\\/#organization\",\"name\":\"INDUS Restaurant pakistanez\",\"url\":\"https:\\\/\\\/indusrestaurant.ro\\\/\",\"logo\":{\"@type\":\"ImageObject\",\"inLanguage\":\"en-GB\",\"@id\":\"https:\\\/\\\/indusrestaurant.ro\\\/#\\\/schema\\\/logo\\\/image\\\/\",\"url\":\"https:\\\/\\\/indusrestaurant.ro\\\/wp-content\\\/uploads\\\/2025\\\/03\\\/logo-2-1.webp\",\"contentUrl\":\"https:\\\/\\\/indusrestaurant.ro\\\/wp-content\\\/uploads\\\/2025\\\/03\\\/logo-2-1.webp\",\"width\":614,\"height\":283,\"caption\":\"INDUS Restaurant pakistanez\"},\"image\":{\"@id\":\"https:\\\/\\\/indusrestaurant.ro\\\/#\\\/schema\\\/logo\\\/image\\\/\"}}]}<\/script>\n<!-- \/ Yoast SEO plugin. -->","yoast_head_json":{"title":"ONION PARATHA - lipie tradi\u021bional\u0103 - INDUS Restaurant pakistanez","robots":{"index":"index","follow":"follow","max-snippet":"max-snippet:-1","max-image-preview":"max-image-preview:large","max-video-preview":"max-video-preview:-1"},"canonical":"https:\/\/indusrestaurant.ro\/en\/product\/onion-paratha-lipie-traditionala\/","og_locale":"en_GB","og_type":"article","og_title":"ONION PARATHA - lipie tradi\u021bional\u0103 - INDUS Restaurant pakistanez","og_description":"Lipie tradi\u021bional\u0103 pakistanez\u0103, din aluat necrescut, fr\u0103m\u00e2ntat astfel \u00eenc\u00e2t s\u0103 formeze straturi fine \u0219i u\u0219or crocante, umplut\u0103 cu ceap\u0103 proasp\u0103t\u0103 pentru un gust intens \u0219i aromat. G\u0103tit\u0103 la tigaie \u00een unt din lapte, pentru o textur\u0103 bogat\u0103 \u0219i un gust autentic. Potrivit\u0103 at\u00e2t pentru micul dejun, c\u00e2t \u0219i pentru pr\u00e2nz, al\u0103turi de orice preparat principal [&hellip;]","og_url":"https:\/\/indusrestaurant.ro\/en\/product\/onion-paratha-lipie-traditionala\/","og_site_name":"INDUS Restaurant pakistanez","article_modified_time":"2026-05-01T15:59:08+00:00","twitter_card":"summary_large_image","twitter_misc":{"Estimated reading time":"1 minute"},"schema":{"@context":"https:\/\/schema.org","@graph":[{"@type":"WebPage","@id":"https:\/\/indusrestaurant.ro\/product\/onion-paratha-lipie-traditionala\/","url":"https:\/\/indusrestaurant.ro\/product\/onion-paratha-lipie-traditionala\/","name":"ONION PARATHA - lipie tradi\u021bional\u0103 - INDUS Restaurant pakistanez","isPartOf":{"@id":"https:\/\/indusrestaurant.ro\/#website"},"datePublished":"2026-05-01T09:04:18+00:00","dateModified":"2026-05-01T15:59:08+00:00","breadcrumb":{"@id":"https:\/\/indusrestaurant.ro\/product\/onion-paratha-lipie-traditionala\/#breadcrumb"},"inLanguage":"en-GB","potentialAction":[{"@type":"ReadAction","target":["https:\/\/indusrestaurant.ro\/product\/onion-paratha-lipie-traditionala\/"]}]},{"@type":"BreadcrumbList","@id":"https:\/\/indusrestaurant.ro\/product\/onion-paratha-lipie-traditionala\/#breadcrumb","itemListElement":[{"@type":"ListItem","position":1,"name":"Home","item":"https:\/\/indusrestaurant.ro\/"},{"@type":"ListItem","position":2,"name":"Shop","item":"https:\/\/indusrestaurant.ro\/shop\/"},{"@type":"ListItem","position":3,"name":"ONION PARATHA &#8211; lipie tradi\u021bional\u0103"}]},{"@type":"WebSite","@id":"https:\/\/indusrestaurant.ro\/#website","url":"https:\/\/indusrestaurant.ro\/","name":"INDUS Restaurant pakistanez","description":"Spice is life","publisher":{"@id":"https:\/\/indusrestaurant.ro\/#organization"},"potentialAction":[{"@type":"SearchAction","target":{"@type":"EntryPoint","urlTemplate":"https:\/\/indusrestaurant.ro\/?s={search_term_string}"},"query-input":{"@type":"PropertyValueSpecification","valueRequired":true,"valueName":"search_term_string"}}],"inLanguage":"en-GB"},{"@type":"Organization","@id":"https:\/\/indusrestaurant.ro\/#organization","name":"INDUS Restaurant pakistanez","url":"https:\/\/indusrestaurant.ro\/","logo":{"@type":"ImageObject","inLanguage":"en-GB","@id":"https:\/\/indusrestaurant.ro\/#\/schema\/logo\/image\/","url":"https:\/\/indusrestaurant.ro\/wp-content\/uploads\/2025\/03\/logo-2-1.webp","contentUrl":"https:\/\/indusrestaurant.ro\/wp-content\/uploads\/2025\/03\/logo-2-1.webp","width":614,"height":283,"caption":"INDUS Restaurant pakistanez"},"image":{"@id":"https:\/\/indusrestaurant.ro\/#\/schema\/logo\/image\/"}}]}},"_links":{"self":[{"href":"https:\/\/indusrestaurant.ro\/en\/wp-json\/wp\/v2\/product\/1600","targetHints":{"allow":["GET"]}}],"collection":[{"href":"https:\/\/indusrestaurant.ro\/en\/wp-json\/wp\/v2\/product"}],"about":[{"href":"https:\/\/indusrestaurant.ro\/en\/wp-json\/wp\/v2\/types\/product"}],"wp:attachment":[{"href":"https:\/\/indusrestaurant.ro\/en\/wp-json\/wp\/v2\/media?parent=1600"}],"wp:term":[{"taxonomy":"product_brand","embeddable":true,"href":"https:\/\/indusrestaurant.ro\/en\/wp-json\/wp\/v2\/product_brand?post=1600"},{"taxonomy":"product_cat","embeddable":true,"href":"https:\/\/indusrestaurant.ro\/en\/wp-json\/wp\/v2\/product_cat?post=1600"},{"taxonomy":"product_tag","embeddable":true,"href":"https:\/\/indusrestaurant.ro\/en\/wp-json\/wp\/v2\/product_tag?post=1600"}],"curies":[{"name":"wp","href":"https:\/\/api.w.org\/{rel}","templated":true}]}}