{"id":564,"date":"2025-08-27T15:44:47","date_gmt":"2025-08-27T15:44:47","guid":{"rendered":"https:\/\/indusrestaurant.ro\/?post_type=product&#038;p=564"},"modified":"2026-05-01T09:01:39","modified_gmt":"2026-05-01T09:01:39","slug":"makhni-chicken-karahi","status":"publish","type":"product","link":"https:\/\/indusrestaurant.ro\/en\/product\/makhni-chicken-karahi\/","title":{"rendered":"MAKHNI CHICKEN KARAHI"},"content":{"rendered":"<p>Un preparat traditional pakistanez, g\u0103tit \u00een tigaie wok, cu aripi de pui premium pentru un gust intens de carne, bogat \u00een unt clarifiat, ghimbir, usturoi, sm\u00e2nt\u00e2n\u0103 \u0219i unt de ferm\u0103, dar \u0219i condimente autentice din Sudul Asiei. Preparatul are un grad de iu\u021beal\u0103 sc\u0103zut, nu con\u021bine deloc ulei \u0219i are o arom\u0103 cu totul deosebit\u0103 \u00een special datorit\u0103 untului clarifiat, fiind unul dintre cele mai iubite preparate \u00een Pakistan, acolo unde este cunoscut \u0219i ca \u201dButter Chicken\u201d. 320g<\/p>","protected":false},"excerpt":{"rendered":"<p>Un preparat traditional pakistanez, g\u0103tit \u00een tigaie wok, cu aripi de pui premium pentru un gust intens de carne, bogat \u00een unt clarifiat, ghimbir, usturoi, sm\u00e2nt\u00e2n\u0103 \u0219i unt de ferm\u0103, dar \u0219i condimente autentice din Sudul Asiei. Preparatul are un grad de iu\u021beal\u0103 sc\u0103zut, nu con\u021bine deloc ulei \u0219i are o arom\u0103 cu totul deosebit\u0103 [&hellip;]<\/p>\n","protected":false},"featured_media":0,"template":"","meta":{"_acf_changed":false},"product_brand":[],"product_cat":[26],"product_tag":[],"class_list":{"0":"post-564","1":"product","2":"type-product","3":"status-publish","5":"product_cat-specialitatea-bucatarului","7":"first","8":"instock","9":"shipping-taxable","10":"purchasable","11":"product-type-simple"},"acf":[],"yoast_head":"<!-- This site is optimized with the Yoast SEO plugin v27.5 - https:\/\/yoast.com\/product\/yoast-seo-wordpress\/ -->\n<title>MAKHNI CHICKEN KARAHI - INDUS Restaurant pakistanez<\/title>\n<meta name=\"robots\" content=\"index, follow, max-snippet:-1, max-image-preview:large, max-video-preview:-1\" \/>\n<link rel=\"canonical\" href=\"https:\/\/indusrestaurant.ro\/en\/product\/makhni-chicken-karahi\/\" \/>\n<meta property=\"og:locale\" content=\"en_GB\" \/>\n<meta property=\"og:type\" content=\"article\" \/>\n<meta property=\"og:title\" content=\"MAKHNI CHICKEN KARAHI - INDUS Restaurant pakistanez\" \/>\n<meta property=\"og:description\" content=\"Un preparat traditional pakistanez, g\u0103tit \u00een tigaie wok, cu aripi de pui premium pentru un gust intens de carne, bogat \u00een unt clarifiat, ghimbir, usturoi, sm\u00e2nt\u00e2n\u0103 \u0219i unt de ferm\u0103, dar \u0219i condimente autentice din Sudul Asiei. Preparatul are un grad de iu\u021beal\u0103 sc\u0103zut, nu con\u021bine deloc ulei \u0219i are o arom\u0103 cu totul deosebit\u0103 [&hellip;]\" \/>\n<meta property=\"og:url\" content=\"https:\/\/indusrestaurant.ro\/en\/product\/makhni-chicken-karahi\/\" \/>\n<meta property=\"og:site_name\" content=\"INDUS Restaurant pakistanez\" \/>\n<meta property=\"article:modified_time\" content=\"2026-05-01T09:01:39+00:00\" \/>\n<meta name=\"twitter:card\" content=\"summary_large_image\" \/>\n<meta name=\"twitter:label1\" content=\"Estimated reading time\" \/>\n\t<meta name=\"twitter:data1\" content=\"1 minute\" \/>\n<script type=\"application\/ld+json\" class=\"yoast-schema-graph\">{\"@context\":\"https:\\\/\\\/schema.org\",\"@graph\":[{\"@type\":\"WebPage\",\"@id\":\"https:\\\/\\\/indusrestaurant.ro\\\/product\\\/makhni-chicken-karahi\\\/\",\"url\":\"https:\\\/\\\/indusrestaurant.ro\\\/product\\\/makhni-chicken-karahi\\\/\",\"name\":\"MAKHNI CHICKEN KARAHI - INDUS Restaurant pakistanez\",\"isPartOf\":{\"@id\":\"https:\\\/\\\/indusrestaurant.ro\\\/#website\"},\"datePublished\":\"2025-08-27T15:44:47+00:00\",\"dateModified\":\"2026-05-01T09:01:39+00:00\",\"breadcrumb\":{\"@id\":\"https:\\\/\\\/indusrestaurant.ro\\\/product\\\/makhni-chicken-karahi\\\/#breadcrumb\"},\"inLanguage\":\"en-GB\",\"potentialAction\":[{\"@type\":\"ReadAction\",\"target\":[\"https:\\\/\\\/indusrestaurant.ro\\\/product\\\/makhni-chicken-karahi\\\/\"]}]},{\"@type\":\"BreadcrumbList\",\"@id\":\"https:\\\/\\\/indusrestaurant.ro\\\/product\\\/makhni-chicken-karahi\\\/#breadcrumb\",\"itemListElement\":[{\"@type\":\"ListItem\",\"position\":1,\"name\":\"Home\",\"item\":\"https:\\\/\\\/indusrestaurant.ro\\\/\"},{\"@type\":\"ListItem\",\"position\":2,\"name\":\"Shop\",\"item\":\"https:\\\/\\\/indusrestaurant.ro\\\/shop\\\/\"},{\"@type\":\"ListItem\",\"position\":3,\"name\":\"MAKHNI CHICKEN KARAHI\"}]},{\"@type\":\"WebSite\",\"@id\":\"https:\\\/\\\/indusrestaurant.ro\\\/#website\",\"url\":\"https:\\\/\\\/indusrestaurant.ro\\\/\",\"name\":\"INDUS Restaurant pakistanez\",\"description\":\"Spice is life\",\"publisher\":{\"@id\":\"https:\\\/\\\/indusrestaurant.ro\\\/#organization\"},\"potentialAction\":[{\"@type\":\"SearchAction\",\"target\":{\"@type\":\"EntryPoint\",\"urlTemplate\":\"https:\\\/\\\/indusrestaurant.ro\\\/?s={search_term_string}\"},\"query-input\":{\"@type\":\"PropertyValueSpecification\",\"valueRequired\":true,\"valueName\":\"search_term_string\"}}],\"inLanguage\":\"en-GB\"},{\"@type\":\"Organization\",\"@id\":\"https:\\\/\\\/indusrestaurant.ro\\\/#organization\",\"name\":\"INDUS Restaurant pakistanez\",\"url\":\"https:\\\/\\\/indusrestaurant.ro\\\/\",\"logo\":{\"@type\":\"ImageObject\",\"inLanguage\":\"en-GB\",\"@id\":\"https:\\\/\\\/indusrestaurant.ro\\\/#\\\/schema\\\/logo\\\/image\\\/\",\"url\":\"https:\\\/\\\/indusrestaurant.ro\\\/wp-content\\\/uploads\\\/2025\\\/03\\\/logo-2-1.webp\",\"contentUrl\":\"https:\\\/\\\/indusrestaurant.ro\\\/wp-content\\\/uploads\\\/2025\\\/03\\\/logo-2-1.webp\",\"width\":614,\"height\":283,\"caption\":\"INDUS Restaurant pakistanez\"},\"image\":{\"@id\":\"https:\\\/\\\/indusrestaurant.ro\\\/#\\\/schema\\\/logo\\\/image\\\/\"}}]}<\/script>\n<!-- \/ Yoast SEO plugin. -->","yoast_head_json":{"title":"MAKHNI CHICKEN KARAHI - INDUS Restaurant pakistanez","robots":{"index":"index","follow":"follow","max-snippet":"max-snippet:-1","max-image-preview":"max-image-preview:large","max-video-preview":"max-video-preview:-1"},"canonical":"https:\/\/indusrestaurant.ro\/en\/product\/makhni-chicken-karahi\/","og_locale":"en_GB","og_type":"article","og_title":"MAKHNI CHICKEN KARAHI - INDUS Restaurant pakistanez","og_description":"Un preparat traditional pakistanez, g\u0103tit \u00een tigaie wok, cu aripi de pui premium pentru un gust intens de carne, bogat \u00een unt clarifiat, ghimbir, usturoi, sm\u00e2nt\u00e2n\u0103 \u0219i unt de ferm\u0103, dar \u0219i condimente autentice din Sudul Asiei. Preparatul are un grad de iu\u021beal\u0103 sc\u0103zut, nu con\u021bine deloc ulei \u0219i are o arom\u0103 cu totul deosebit\u0103 [&hellip;]","og_url":"https:\/\/indusrestaurant.ro\/en\/product\/makhni-chicken-karahi\/","og_site_name":"INDUS Restaurant pakistanez","article_modified_time":"2026-05-01T09:01:39+00:00","twitter_card":"summary_large_image","twitter_misc":{"Estimated reading time":"1 minute"},"schema":{"@context":"https:\/\/schema.org","@graph":[{"@type":"WebPage","@id":"https:\/\/indusrestaurant.ro\/product\/makhni-chicken-karahi\/","url":"https:\/\/indusrestaurant.ro\/product\/makhni-chicken-karahi\/","name":"MAKHNI CHICKEN KARAHI - INDUS Restaurant pakistanez","isPartOf":{"@id":"https:\/\/indusrestaurant.ro\/#website"},"datePublished":"2025-08-27T15:44:47+00:00","dateModified":"2026-05-01T09:01:39+00:00","breadcrumb":{"@id":"https:\/\/indusrestaurant.ro\/product\/makhni-chicken-karahi\/#breadcrumb"},"inLanguage":"en-GB","potentialAction":[{"@type":"ReadAction","target":["https:\/\/indusrestaurant.ro\/product\/makhni-chicken-karahi\/"]}]},{"@type":"BreadcrumbList","@id":"https:\/\/indusrestaurant.ro\/product\/makhni-chicken-karahi\/#breadcrumb","itemListElement":[{"@type":"ListItem","position":1,"name":"Home","item":"https:\/\/indusrestaurant.ro\/"},{"@type":"ListItem","position":2,"name":"Shop","item":"https:\/\/indusrestaurant.ro\/shop\/"},{"@type":"ListItem","position":3,"name":"MAKHNI CHICKEN KARAHI"}]},{"@type":"WebSite","@id":"https:\/\/indusrestaurant.ro\/#website","url":"https:\/\/indusrestaurant.ro\/","name":"INDUS Restaurant pakistanez","description":"Spice is life","publisher":{"@id":"https:\/\/indusrestaurant.ro\/#organization"},"potentialAction":[{"@type":"SearchAction","target":{"@type":"EntryPoint","urlTemplate":"https:\/\/indusrestaurant.ro\/?s={search_term_string}"},"query-input":{"@type":"PropertyValueSpecification","valueRequired":true,"valueName":"search_term_string"}}],"inLanguage":"en-GB"},{"@type":"Organization","@id":"https:\/\/indusrestaurant.ro\/#organization","name":"INDUS Restaurant pakistanez","url":"https:\/\/indusrestaurant.ro\/","logo":{"@type":"ImageObject","inLanguage":"en-GB","@id":"https:\/\/indusrestaurant.ro\/#\/schema\/logo\/image\/","url":"https:\/\/indusrestaurant.ro\/wp-content\/uploads\/2025\/03\/logo-2-1.webp","contentUrl":"https:\/\/indusrestaurant.ro\/wp-content\/uploads\/2025\/03\/logo-2-1.webp","width":614,"height":283,"caption":"INDUS Restaurant pakistanez"},"image":{"@id":"https:\/\/indusrestaurant.ro\/#\/schema\/logo\/image\/"}}]}},"_links":{"self":[{"href":"https:\/\/indusrestaurant.ro\/en\/wp-json\/wp\/v2\/product\/564","targetHints":{"allow":["GET"]}}],"collection":[{"href":"https:\/\/indusrestaurant.ro\/en\/wp-json\/wp\/v2\/product"}],"about":[{"href":"https:\/\/indusrestaurant.ro\/en\/wp-json\/wp\/v2\/types\/product"}],"wp:attachment":[{"href":"https:\/\/indusrestaurant.ro\/en\/wp-json\/wp\/v2\/media?parent=564"}],"wp:term":[{"taxonomy":"product_brand","embeddable":true,"href":"https:\/\/indusrestaurant.ro\/en\/wp-json\/wp\/v2\/product_brand?post=564"},{"taxonomy":"product_cat","embeddable":true,"href":"https:\/\/indusrestaurant.ro\/en\/wp-json\/wp\/v2\/product_cat?post=564"},{"taxonomy":"product_tag","embeddable":true,"href":"https:\/\/indusrestaurant.ro\/en\/wp-json\/wp\/v2\/product_tag?post=564"}],"curies":[{"name":"wp","href":"https:\/\/api.w.org\/{rel}","templated":true}]}}