{"id":570,"date":"2025-08-27T15:51:00","date_gmt":"2025-08-27T15:51:00","guid":{"rendered":"https:\/\/indusrestaurant.ro\/?post_type=product&#038;p=570"},"modified":"2026-04-28T06:57:00","modified_gmt":"2026-04-28T06:57:00","slug":"chicken-white-handi","status":"publish","type":"product","link":"https:\/\/indusrestaurant.ro\/en\/product\/chicken-white-handi\/","title":{"rendered":"CHICKEN WHITE HANDI &#8211; specialitatea zilei"},"content":{"rendered":"<p><em>(nu con\u021bine orez \u00eens\u0103 este recomandat s\u0103 fie comandat separat acesta ori lipie Paratha) <\/em> Un preparat tradi\u021bional pakistanez cu buc\u0103\u021bi fragede de pui, g\u0103tite \u00eentr-un sos cremos, bogat \u0219i catifelat. Aromele delicate sunt oferite de semin\u021bele de fenicul, fulgii de cocos \u0219i fulgii de chili, combinate cu piper alb, coriandru \u0219i ghimbir proasp\u0103t. Sm\u00e2nt\u00e2na de ferm\u0103 adaug\u0103 o textur\u0103 fin\u0103 \u0219i echilibreaz\u0103 subtil notele u\u0219or picante, rezult\u00e2nd un preparat armonios, savuros \u0219i cu adev\u0103rat reconfortant. <\/p>\n<p>Recomandat cu orez basmati premium sau lipie Paratha.<br \/>\n320g<\/p>","protected":false},"excerpt":{"rendered":"<p>(nu con\u021bine orez \u00eens\u0103 este recomandat s\u0103 fie comandat separat acesta ori lipie Paratha) Un preparat tradi\u021bional pakistanez cu buc\u0103\u021bi fragede de pui, g\u0103tite \u00eentr-un sos cremos, bogat \u0219i catifelat. Aromele delicate sunt oferite de semin\u021bele de fenicul, fulgii de cocos \u0219i fulgii de chili, combinate cu piper alb, coriandru \u0219i ghimbir proasp\u0103t. Sm\u00e2nt\u00e2na de [&hellip;]<\/p>\n","protected":false},"featured_media":0,"template":"","meta":{"_acf_changed":false},"product_brand":[],"product_cat":[26],"product_tag":[],"class_list":{"0":"post-570","1":"product","2":"type-product","3":"status-publish","5":"product_cat-specialitatea-bucatarului","7":"first","8":"instock","9":"shipping-taxable","10":"purchasable","11":"product-type-simple"},"acf":[],"yoast_head":"<!-- This site is optimized with the Yoast SEO plugin v27.5 - https:\/\/yoast.com\/product\/yoast-seo-wordpress\/ -->\n<title>CHICKEN WHITE HANDI - specialitatea zilei - INDUS Restaurant pakistanez<\/title>\n<meta name=\"robots\" content=\"index, follow, max-snippet:-1, max-image-preview:large, max-video-preview:-1\" \/>\n<link rel=\"canonical\" href=\"https:\/\/indusrestaurant.ro\/en\/product\/chicken-white-handi\/\" \/>\n<meta property=\"og:locale\" content=\"en_GB\" \/>\n<meta property=\"og:type\" content=\"article\" \/>\n<meta property=\"og:title\" content=\"CHICKEN WHITE HANDI - specialitatea zilei - INDUS Restaurant pakistanez\" \/>\n<meta property=\"og:description\" content=\"(nu con\u021bine orez \u00eens\u0103 este recomandat s\u0103 fie comandat separat acesta ori lipie Paratha) Un preparat tradi\u021bional pakistanez cu buc\u0103\u021bi fragede de pui, g\u0103tite \u00eentr-un sos cremos, bogat \u0219i catifelat. Aromele delicate sunt oferite de semin\u021bele de fenicul, fulgii de cocos \u0219i fulgii de chili, combinate cu piper alb, coriandru \u0219i ghimbir proasp\u0103t. Sm\u00e2nt\u00e2na de [&hellip;]\" \/>\n<meta property=\"og:url\" content=\"https:\/\/indusrestaurant.ro\/en\/product\/chicken-white-handi\/\" \/>\n<meta property=\"og:site_name\" content=\"INDUS Restaurant pakistanez\" \/>\n<meta property=\"article:modified_time\" content=\"2026-04-28T06:57:00+00:00\" \/>\n<meta name=\"twitter:card\" content=\"summary_large_image\" \/>\n<meta name=\"twitter:label1\" content=\"Estimated reading time\" \/>\n\t<meta name=\"twitter:data1\" content=\"1 minute\" \/>\n<script type=\"application\/ld+json\" class=\"yoast-schema-graph\">{\"@context\":\"https:\\\/\\\/schema.org\",\"@graph\":[{\"@type\":\"WebPage\",\"@id\":\"https:\\\/\\\/indusrestaurant.ro\\\/product\\\/chicken-white-handi\\\/\",\"url\":\"https:\\\/\\\/indusrestaurant.ro\\\/product\\\/chicken-white-handi\\\/\",\"name\":\"CHICKEN WHITE HANDI - specialitatea zilei - INDUS Restaurant pakistanez\",\"isPartOf\":{\"@id\":\"https:\\\/\\\/indusrestaurant.ro\\\/#website\"},\"datePublished\":\"2025-08-27T15:51:00+00:00\",\"dateModified\":\"2026-04-28T06:57:00+00:00\",\"breadcrumb\":{\"@id\":\"https:\\\/\\\/indusrestaurant.ro\\\/product\\\/chicken-white-handi\\\/#breadcrumb\"},\"inLanguage\":\"en-GB\",\"potentialAction\":[{\"@type\":\"ReadAction\",\"target\":[\"https:\\\/\\\/indusrestaurant.ro\\\/product\\\/chicken-white-handi\\\/\"]}]},{\"@type\":\"BreadcrumbList\",\"@id\":\"https:\\\/\\\/indusrestaurant.ro\\\/product\\\/chicken-white-handi\\\/#breadcrumb\",\"itemListElement\":[{\"@type\":\"ListItem\",\"position\":1,\"name\":\"Home\",\"item\":\"https:\\\/\\\/indusrestaurant.ro\\\/\"},{\"@type\":\"ListItem\",\"position\":2,\"name\":\"Shop\",\"item\":\"https:\\\/\\\/indusrestaurant.ro\\\/shop\\\/\"},{\"@type\":\"ListItem\",\"position\":3,\"name\":\"CHICKEN WHITE HANDI &#8211; specialitatea zilei\"}]},{\"@type\":\"WebSite\",\"@id\":\"https:\\\/\\\/indusrestaurant.ro\\\/#website\",\"url\":\"https:\\\/\\\/indusrestaurant.ro\\\/\",\"name\":\"INDUS Restaurant pakistanez\",\"description\":\"Spice is life\",\"publisher\":{\"@id\":\"https:\\\/\\\/indusrestaurant.ro\\\/#organization\"},\"potentialAction\":[{\"@type\":\"SearchAction\",\"target\":{\"@type\":\"EntryPoint\",\"urlTemplate\":\"https:\\\/\\\/indusrestaurant.ro\\\/?s={search_term_string}\"},\"query-input\":{\"@type\":\"PropertyValueSpecification\",\"valueRequired\":true,\"valueName\":\"search_term_string\"}}],\"inLanguage\":\"en-GB\"},{\"@type\":\"Organization\",\"@id\":\"https:\\\/\\\/indusrestaurant.ro\\\/#organization\",\"name\":\"INDUS Restaurant pakistanez\",\"url\":\"https:\\\/\\\/indusrestaurant.ro\\\/\",\"logo\":{\"@type\":\"ImageObject\",\"inLanguage\":\"en-GB\",\"@id\":\"https:\\\/\\\/indusrestaurant.ro\\\/#\\\/schema\\\/logo\\\/image\\\/\",\"url\":\"https:\\\/\\\/indusrestaurant.ro\\\/wp-content\\\/uploads\\\/2025\\\/03\\\/logo-2-1.webp\",\"contentUrl\":\"https:\\\/\\\/indusrestaurant.ro\\\/wp-content\\\/uploads\\\/2025\\\/03\\\/logo-2-1.webp\",\"width\":614,\"height\":283,\"caption\":\"INDUS Restaurant pakistanez\"},\"image\":{\"@id\":\"https:\\\/\\\/indusrestaurant.ro\\\/#\\\/schema\\\/logo\\\/image\\\/\"}}]}<\/script>\n<!-- \/ Yoast SEO plugin. -->","yoast_head_json":{"title":"CHICKEN WHITE HANDI - specialitatea zilei - INDUS Restaurant pakistanez","robots":{"index":"index","follow":"follow","max-snippet":"max-snippet:-1","max-image-preview":"max-image-preview:large","max-video-preview":"max-video-preview:-1"},"canonical":"https:\/\/indusrestaurant.ro\/en\/product\/chicken-white-handi\/","og_locale":"en_GB","og_type":"article","og_title":"CHICKEN WHITE HANDI - specialitatea zilei - INDUS Restaurant pakistanez","og_description":"(nu con\u021bine orez \u00eens\u0103 este recomandat s\u0103 fie comandat separat acesta ori lipie Paratha) Un preparat tradi\u021bional pakistanez cu buc\u0103\u021bi fragede de pui, g\u0103tite \u00eentr-un sos cremos, bogat \u0219i catifelat. Aromele delicate sunt oferite de semin\u021bele de fenicul, fulgii de cocos \u0219i fulgii de chili, combinate cu piper alb, coriandru \u0219i ghimbir proasp\u0103t. Sm\u00e2nt\u00e2na de [&hellip;]","og_url":"https:\/\/indusrestaurant.ro\/en\/product\/chicken-white-handi\/","og_site_name":"INDUS Restaurant pakistanez","article_modified_time":"2026-04-28T06:57:00+00:00","twitter_card":"summary_large_image","twitter_misc":{"Estimated reading time":"1 minute"},"schema":{"@context":"https:\/\/schema.org","@graph":[{"@type":"WebPage","@id":"https:\/\/indusrestaurant.ro\/product\/chicken-white-handi\/","url":"https:\/\/indusrestaurant.ro\/product\/chicken-white-handi\/","name":"CHICKEN WHITE HANDI - specialitatea zilei - INDUS Restaurant pakistanez","isPartOf":{"@id":"https:\/\/indusrestaurant.ro\/#website"},"datePublished":"2025-08-27T15:51:00+00:00","dateModified":"2026-04-28T06:57:00+00:00","breadcrumb":{"@id":"https:\/\/indusrestaurant.ro\/product\/chicken-white-handi\/#breadcrumb"},"inLanguage":"en-GB","potentialAction":[{"@type":"ReadAction","target":["https:\/\/indusrestaurant.ro\/product\/chicken-white-handi\/"]}]},{"@type":"BreadcrumbList","@id":"https:\/\/indusrestaurant.ro\/product\/chicken-white-handi\/#breadcrumb","itemListElement":[{"@type":"ListItem","position":1,"name":"Home","item":"https:\/\/indusrestaurant.ro\/"},{"@type":"ListItem","position":2,"name":"Shop","item":"https:\/\/indusrestaurant.ro\/shop\/"},{"@type":"ListItem","position":3,"name":"CHICKEN WHITE HANDI &#8211; specialitatea zilei"}]},{"@type":"WebSite","@id":"https:\/\/indusrestaurant.ro\/#website","url":"https:\/\/indusrestaurant.ro\/","name":"INDUS Restaurant pakistanez","description":"Spice is life","publisher":{"@id":"https:\/\/indusrestaurant.ro\/#organization"},"potentialAction":[{"@type":"SearchAction","target":{"@type":"EntryPoint","urlTemplate":"https:\/\/indusrestaurant.ro\/?s={search_term_string}"},"query-input":{"@type":"PropertyValueSpecification","valueRequired":true,"valueName":"search_term_string"}}],"inLanguage":"en-GB"},{"@type":"Organization","@id":"https:\/\/indusrestaurant.ro\/#organization","name":"INDUS Restaurant pakistanez","url":"https:\/\/indusrestaurant.ro\/","logo":{"@type":"ImageObject","inLanguage":"en-GB","@id":"https:\/\/indusrestaurant.ro\/#\/schema\/logo\/image\/","url":"https:\/\/indusrestaurant.ro\/wp-content\/uploads\/2025\/03\/logo-2-1.webp","contentUrl":"https:\/\/indusrestaurant.ro\/wp-content\/uploads\/2025\/03\/logo-2-1.webp","width":614,"height":283,"caption":"INDUS Restaurant pakistanez"},"image":{"@id":"https:\/\/indusrestaurant.ro\/#\/schema\/logo\/image\/"}}]}},"_links":{"self":[{"href":"https:\/\/indusrestaurant.ro\/en\/wp-json\/wp\/v2\/product\/570","targetHints":{"allow":["GET"]}}],"collection":[{"href":"https:\/\/indusrestaurant.ro\/en\/wp-json\/wp\/v2\/product"}],"about":[{"href":"https:\/\/indusrestaurant.ro\/en\/wp-json\/wp\/v2\/types\/product"}],"wp:attachment":[{"href":"https:\/\/indusrestaurant.ro\/en\/wp-json\/wp\/v2\/media?parent=570"}],"wp:term":[{"taxonomy":"product_brand","embeddable":true,"href":"https:\/\/indusrestaurant.ro\/en\/wp-json\/wp\/v2\/product_brand?post=570"},{"taxonomy":"product_cat","embeddable":true,"href":"https:\/\/indusrestaurant.ro\/en\/wp-json\/wp\/v2\/product_cat?post=570"},{"taxonomy":"product_tag","embeddable":true,"href":"https:\/\/indusrestaurant.ro\/en\/wp-json\/wp\/v2\/product_tag?post=570"}],"curies":[{"name":"wp","href":"https:\/\/api.w.org\/{rel}","templated":true}]}}