{"id":578,"date":"2025-08-27T16:01:27","date_gmt":"2025-08-27T16:01:27","guid":{"rendered":"https:\/\/indusrestaurant.ro\/?post_type=product&#038;p=578"},"modified":"2026-04-28T06:56:20","modified_gmt":"2026-04-28T06:56:20","slug":"beef-nihari","status":"publish","type":"product","link":"https:\/\/indusrestaurant.ro\/en\/product\/beef-nihari\/","title":{"rendered":"BEEF NIHARI &#8211; specialitatea buc\u0103tarului"},"content":{"rendered":"<p>Un preparat tradi\u021bional pakistanez foarte picant, g\u0103tit extrem de lent, timp de 10 ore, pentru a ob\u021bine o pulp\u0103 de vit\u0103 fraged\u0103 \u0219i suculent\u0103. Carnea este infuzat\u0103 cu piper lung, semin\u021be de fenicul, anason, cardamom, scor\u021bi\u0219oar\u0103, al\u0103turi de cantit\u0103\u021bi generoase de usturoi \u0219i ghimbir proasp\u0103t, pentru un gust intens \u0219i aromat. Preparatul are un grad de iu\u021beal\u0103 ridicat, l\u0103s\u00e2nd s\u0103 se simt\u0103 armonios \u0219i notele calde \u0219i condimentate, caracteristice buc\u0103t\u0103riei din Sudul Asiei. 320g<\/p>","protected":false},"excerpt":{"rendered":"<p>Un preparat tradi\u021bional pakistanez foarte picant, g\u0103tit extrem de lent, timp de 10 ore, pentru a ob\u021bine o pulp\u0103 de vit\u0103 fraged\u0103 \u0219i suculent\u0103. Carnea este infuzat\u0103 cu piper lung, semin\u021be de fenicul, anason, cardamom, scor\u021bi\u0219oar\u0103, al\u0103turi de cantit\u0103\u021bi generoase de usturoi \u0219i ghimbir proasp\u0103t, pentru un gust intens \u0219i aromat. Preparatul are un grad [&hellip;]<\/p>\n","protected":false},"featured_media":0,"template":"","meta":{"_acf_changed":false},"product_brand":[],"product_cat":[26],"product_tag":[],"class_list":{"0":"post-578","1":"product","2":"type-product","3":"status-publish","5":"product_cat-specialitatea-bucatarului","7":"first","8":"instock","9":"shipping-taxable","10":"purchasable","11":"product-type-simple"},"acf":[],"yoast_head":"<!-- This site is optimized with the Yoast SEO plugin v27.5 - https:\/\/yoast.com\/product\/yoast-seo-wordpress\/ -->\n<title>BEEF NIHARI - specialitatea buc\u0103tarului - INDUS Restaurant pakistanez<\/title>\n<meta name=\"robots\" content=\"index, follow, max-snippet:-1, max-image-preview:large, max-video-preview:-1\" \/>\n<link rel=\"canonical\" href=\"https:\/\/indusrestaurant.ro\/en\/product\/beef-nihari\/\" \/>\n<meta property=\"og:locale\" content=\"en_GB\" \/>\n<meta property=\"og:type\" content=\"article\" \/>\n<meta property=\"og:title\" content=\"BEEF NIHARI - specialitatea buc\u0103tarului - INDUS Restaurant pakistanez\" \/>\n<meta property=\"og:description\" content=\"Un preparat tradi\u021bional pakistanez foarte picant, g\u0103tit extrem de lent, timp de 10 ore, pentru a ob\u021bine o pulp\u0103 de vit\u0103 fraged\u0103 \u0219i suculent\u0103. Carnea este infuzat\u0103 cu piper lung, semin\u021be de fenicul, anason, cardamom, scor\u021bi\u0219oar\u0103, al\u0103turi de cantit\u0103\u021bi generoase de usturoi \u0219i ghimbir proasp\u0103t, pentru un gust intens \u0219i aromat. Preparatul are un grad [&hellip;]\" \/>\n<meta property=\"og:url\" content=\"https:\/\/indusrestaurant.ro\/en\/product\/beef-nihari\/\" \/>\n<meta property=\"og:site_name\" content=\"INDUS Restaurant pakistanez\" \/>\n<meta property=\"article:modified_time\" content=\"2026-04-28T06:56:20+00:00\" \/>\n<meta name=\"twitter:card\" content=\"summary_large_image\" \/>\n<meta name=\"twitter:label1\" content=\"Estimated reading time\" \/>\n\t<meta name=\"twitter:data1\" content=\"1 minute\" \/>\n<script type=\"application\/ld+json\" class=\"yoast-schema-graph\">{\"@context\":\"https:\\\/\\\/schema.org\",\"@graph\":[{\"@type\":\"WebPage\",\"@id\":\"https:\\\/\\\/indusrestaurant.ro\\\/product\\\/beef-nihari\\\/\",\"url\":\"https:\\\/\\\/indusrestaurant.ro\\\/product\\\/beef-nihari\\\/\",\"name\":\"BEEF NIHARI - specialitatea buc\u0103tarului - INDUS Restaurant pakistanez\",\"isPartOf\":{\"@id\":\"https:\\\/\\\/indusrestaurant.ro\\\/#website\"},\"datePublished\":\"2025-08-27T16:01:27+00:00\",\"dateModified\":\"2026-04-28T06:56:20+00:00\",\"breadcrumb\":{\"@id\":\"https:\\\/\\\/indusrestaurant.ro\\\/product\\\/beef-nihari\\\/#breadcrumb\"},\"inLanguage\":\"en-GB\",\"potentialAction\":[{\"@type\":\"ReadAction\",\"target\":[\"https:\\\/\\\/indusrestaurant.ro\\\/product\\\/beef-nihari\\\/\"]}]},{\"@type\":\"BreadcrumbList\",\"@id\":\"https:\\\/\\\/indusrestaurant.ro\\\/product\\\/beef-nihari\\\/#breadcrumb\",\"itemListElement\":[{\"@type\":\"ListItem\",\"position\":1,\"name\":\"Home\",\"item\":\"https:\\\/\\\/indusrestaurant.ro\\\/\"},{\"@type\":\"ListItem\",\"position\":2,\"name\":\"Shop\",\"item\":\"https:\\\/\\\/indusrestaurant.ro\\\/shop\\\/\"},{\"@type\":\"ListItem\",\"position\":3,\"name\":\"BEEF NIHARI &#8211; specialitatea buc\u0103tarului\"}]},{\"@type\":\"WebSite\",\"@id\":\"https:\\\/\\\/indusrestaurant.ro\\\/#website\",\"url\":\"https:\\\/\\\/indusrestaurant.ro\\\/\",\"name\":\"INDUS Restaurant pakistanez\",\"description\":\"Spice is life\",\"publisher\":{\"@id\":\"https:\\\/\\\/indusrestaurant.ro\\\/#organization\"},\"potentialAction\":[{\"@type\":\"SearchAction\",\"target\":{\"@type\":\"EntryPoint\",\"urlTemplate\":\"https:\\\/\\\/indusrestaurant.ro\\\/?s={search_term_string}\"},\"query-input\":{\"@type\":\"PropertyValueSpecification\",\"valueRequired\":true,\"valueName\":\"search_term_string\"}}],\"inLanguage\":\"en-GB\"},{\"@type\":\"Organization\",\"@id\":\"https:\\\/\\\/indusrestaurant.ro\\\/#organization\",\"name\":\"INDUS Restaurant pakistanez\",\"url\":\"https:\\\/\\\/indusrestaurant.ro\\\/\",\"logo\":{\"@type\":\"ImageObject\",\"inLanguage\":\"en-GB\",\"@id\":\"https:\\\/\\\/indusrestaurant.ro\\\/#\\\/schema\\\/logo\\\/image\\\/\",\"url\":\"https:\\\/\\\/indusrestaurant.ro\\\/wp-content\\\/uploads\\\/2025\\\/03\\\/logo-2-1.webp\",\"contentUrl\":\"https:\\\/\\\/indusrestaurant.ro\\\/wp-content\\\/uploads\\\/2025\\\/03\\\/logo-2-1.webp\",\"width\":614,\"height\":283,\"caption\":\"INDUS Restaurant pakistanez\"},\"image\":{\"@id\":\"https:\\\/\\\/indusrestaurant.ro\\\/#\\\/schema\\\/logo\\\/image\\\/\"}}]}<\/script>\n<!-- \/ Yoast SEO plugin. -->","yoast_head_json":{"title":"BEEF NIHARI - specialitatea buc\u0103tarului - INDUS Restaurant pakistanez","robots":{"index":"index","follow":"follow","max-snippet":"max-snippet:-1","max-image-preview":"max-image-preview:large","max-video-preview":"max-video-preview:-1"},"canonical":"https:\/\/indusrestaurant.ro\/en\/product\/beef-nihari\/","og_locale":"en_GB","og_type":"article","og_title":"BEEF NIHARI - specialitatea buc\u0103tarului - INDUS Restaurant pakistanez","og_description":"Un preparat tradi\u021bional pakistanez foarte picant, g\u0103tit extrem de lent, timp de 10 ore, pentru a ob\u021bine o pulp\u0103 de vit\u0103 fraged\u0103 \u0219i suculent\u0103. Carnea este infuzat\u0103 cu piper lung, semin\u021be de fenicul, anason, cardamom, scor\u021bi\u0219oar\u0103, al\u0103turi de cantit\u0103\u021bi generoase de usturoi \u0219i ghimbir proasp\u0103t, pentru un gust intens \u0219i aromat. Preparatul are un grad [&hellip;]","og_url":"https:\/\/indusrestaurant.ro\/en\/product\/beef-nihari\/","og_site_name":"INDUS Restaurant pakistanez","article_modified_time":"2026-04-28T06:56:20+00:00","twitter_card":"summary_large_image","twitter_misc":{"Estimated reading time":"1 minute"},"schema":{"@context":"https:\/\/schema.org","@graph":[{"@type":"WebPage","@id":"https:\/\/indusrestaurant.ro\/product\/beef-nihari\/","url":"https:\/\/indusrestaurant.ro\/product\/beef-nihari\/","name":"BEEF NIHARI - specialitatea buc\u0103tarului - INDUS Restaurant pakistanez","isPartOf":{"@id":"https:\/\/indusrestaurant.ro\/#website"},"datePublished":"2025-08-27T16:01:27+00:00","dateModified":"2026-04-28T06:56:20+00:00","breadcrumb":{"@id":"https:\/\/indusrestaurant.ro\/product\/beef-nihari\/#breadcrumb"},"inLanguage":"en-GB","potentialAction":[{"@type":"ReadAction","target":["https:\/\/indusrestaurant.ro\/product\/beef-nihari\/"]}]},{"@type":"BreadcrumbList","@id":"https:\/\/indusrestaurant.ro\/product\/beef-nihari\/#breadcrumb","itemListElement":[{"@type":"ListItem","position":1,"name":"Home","item":"https:\/\/indusrestaurant.ro\/"},{"@type":"ListItem","position":2,"name":"Shop","item":"https:\/\/indusrestaurant.ro\/shop\/"},{"@type":"ListItem","position":3,"name":"BEEF NIHARI &#8211; specialitatea buc\u0103tarului"}]},{"@type":"WebSite","@id":"https:\/\/indusrestaurant.ro\/#website","url":"https:\/\/indusrestaurant.ro\/","name":"INDUS Restaurant pakistanez","description":"Spice is life","publisher":{"@id":"https:\/\/indusrestaurant.ro\/#organization"},"potentialAction":[{"@type":"SearchAction","target":{"@type":"EntryPoint","urlTemplate":"https:\/\/indusrestaurant.ro\/?s={search_term_string}"},"query-input":{"@type":"PropertyValueSpecification","valueRequired":true,"valueName":"search_term_string"}}],"inLanguage":"en-GB"},{"@type":"Organization","@id":"https:\/\/indusrestaurant.ro\/#organization","name":"INDUS Restaurant pakistanez","url":"https:\/\/indusrestaurant.ro\/","logo":{"@type":"ImageObject","inLanguage":"en-GB","@id":"https:\/\/indusrestaurant.ro\/#\/schema\/logo\/image\/","url":"https:\/\/indusrestaurant.ro\/wp-content\/uploads\/2025\/03\/logo-2-1.webp","contentUrl":"https:\/\/indusrestaurant.ro\/wp-content\/uploads\/2025\/03\/logo-2-1.webp","width":614,"height":283,"caption":"INDUS Restaurant pakistanez"},"image":{"@id":"https:\/\/indusrestaurant.ro\/#\/schema\/logo\/image\/"}}]}},"_links":{"self":[{"href":"https:\/\/indusrestaurant.ro\/en\/wp-json\/wp\/v2\/product\/578","targetHints":{"allow":["GET"]}}],"collection":[{"href":"https:\/\/indusrestaurant.ro\/en\/wp-json\/wp\/v2\/product"}],"about":[{"href":"https:\/\/indusrestaurant.ro\/en\/wp-json\/wp\/v2\/types\/product"}],"wp:attachment":[{"href":"https:\/\/indusrestaurant.ro\/en\/wp-json\/wp\/v2\/media?parent=578"}],"wp:term":[{"taxonomy":"product_brand","embeddable":true,"href":"https:\/\/indusrestaurant.ro\/en\/wp-json\/wp\/v2\/product_brand?post=578"},{"taxonomy":"product_cat","embeddable":true,"href":"https:\/\/indusrestaurant.ro\/en\/wp-json\/wp\/v2\/product_cat?post=578"},{"taxonomy":"product_tag","embeddable":true,"href":"https:\/\/indusrestaurant.ro\/en\/wp-json\/wp\/v2\/product_tag?post=578"}],"curies":[{"name":"wp","href":"https:\/\/api.w.org\/{rel}","templated":true}]}}