{"id":579,"date":"2025-08-27T16:02:02","date_gmt":"2025-08-27T16:02:02","guid":{"rendered":"https:\/\/indusrestaurant.ro\/?post_type=product&#038;p=579"},"modified":"2026-05-02T08:30:33","modified_gmt":"2026-05-02T08:30:33","slug":"beef-keema-karahi","status":"publish","type":"product","link":"https:\/\/indusrestaurant.ro\/en\/product\/beef-keema-karahi\/","title":{"rendered":"BEEF KEEMA KARAHI &#8211; specialitatea buc\u0103tarului"},"content":{"rendered":"<p><em><strong>*Recomandat cu orez basmati premium<\/strong> <\/em><br \/>\nUn preparat tradi\u021bional pakistanez, cu carne de vit\u0103 tocat\u0103, suculent\u0103 \u0219i plin\u0103 de savoare, g\u0103tit\u0103 cu condimente pakistaneze premium. Ceapa caramelizat\u0103 adaug\u0103 dulcea\u021b\u0103 \u0219i profunzime, l\u0103m\u00e2ia vine cu contrastul perfect de gust, \u00een timp ce chilli-ul ro\u0219u uscat \u0219i ardeiul iute verde proasp\u0103t dau preparatului o iu\u021beal\u0103 puternic\u0103, specific\u0103 buc\u0103t\u0103riei sud-asiatice. Un strop de iaurt \u00een sos aduce fine\u021be \u0219i creeaz\u0103 un preparat armonios, bogat \u0219i reconfortant. 320g<\/p>","protected":false},"excerpt":{"rendered":"<p>*Recomandat cu orez basmati premium Un preparat tradi\u021bional pakistanez, cu carne de vit\u0103 tocat\u0103, suculent\u0103 \u0219i plin\u0103 de savoare, g\u0103tit\u0103 cu condimente pakistaneze premium. Ceapa caramelizat\u0103 adaug\u0103 dulcea\u021b\u0103 \u0219i profunzime, l\u0103m\u00e2ia vine cu contrastul perfect de gust, \u00een timp ce chilli-ul ro\u0219u uscat \u0219i ardeiul iute verde proasp\u0103t dau preparatului o iu\u021beal\u0103 puternic\u0103, specific\u0103 buc\u0103t\u0103riei [&hellip;]<\/p>\n","protected":false},"featured_media":0,"template":"","meta":{"_acf_changed":false},"product_brand":[],"product_cat":[26,41],"product_tag":[],"class_list":{"0":"post-579","1":"product","2":"type-product","3":"status-publish","5":"product_cat-specialitatea-bucatarului","6":"product_cat-streetfood","8":"first","9":"instock","10":"shipping-taxable","11":"purchasable","12":"product-type-simple"},"acf":[],"yoast_head":"<!-- This site is optimized with the Yoast SEO plugin v27.5 - https:\/\/yoast.com\/product\/yoast-seo-wordpress\/ -->\n<title>BEEF KEEMA KARAHI - specialitatea buc\u0103tarului - INDUS Restaurant pakistanez<\/title>\n<meta name=\"robots\" content=\"index, follow, max-snippet:-1, max-image-preview:large, max-video-preview:-1\" \/>\n<link rel=\"canonical\" href=\"https:\/\/indusrestaurant.ro\/en\/product\/beef-keema-karahi\/\" \/>\n<meta property=\"og:locale\" content=\"en_GB\" \/>\n<meta property=\"og:type\" content=\"article\" \/>\n<meta property=\"og:title\" content=\"BEEF KEEMA KARAHI - specialitatea buc\u0103tarului - INDUS Restaurant pakistanez\" \/>\n<meta property=\"og:description\" content=\"*Recomandat cu orez basmati premium Un preparat tradi\u021bional pakistanez, cu carne de vit\u0103 tocat\u0103, suculent\u0103 \u0219i plin\u0103 de savoare, g\u0103tit\u0103 cu condimente pakistaneze premium. Ceapa caramelizat\u0103 adaug\u0103 dulcea\u021b\u0103 \u0219i profunzime, l\u0103m\u00e2ia vine cu contrastul perfect de gust, \u00een timp ce chilli-ul ro\u0219u uscat \u0219i ardeiul iute verde proasp\u0103t dau preparatului o iu\u021beal\u0103 puternic\u0103, specific\u0103 buc\u0103t\u0103riei [&hellip;]\" \/>\n<meta property=\"og:url\" content=\"https:\/\/indusrestaurant.ro\/en\/product\/beef-keema-karahi\/\" \/>\n<meta property=\"og:site_name\" content=\"INDUS Restaurant pakistanez\" \/>\n<meta property=\"article:modified_time\" content=\"2026-05-02T08:30:33+00:00\" \/>\n<meta name=\"twitter:card\" content=\"summary_large_image\" \/>\n<meta name=\"twitter:label1\" content=\"Estimated reading time\" \/>\n\t<meta name=\"twitter:data1\" content=\"1 minute\" \/>\n<script type=\"application\/ld+json\" class=\"yoast-schema-graph\">{\"@context\":\"https:\\\/\\\/schema.org\",\"@graph\":[{\"@type\":\"WebPage\",\"@id\":\"https:\\\/\\\/indusrestaurant.ro\\\/product\\\/beef-keema-karahi\\\/\",\"url\":\"https:\\\/\\\/indusrestaurant.ro\\\/product\\\/beef-keema-karahi\\\/\",\"name\":\"BEEF KEEMA KARAHI - specialitatea buc\u0103tarului - INDUS Restaurant pakistanez\",\"isPartOf\":{\"@id\":\"https:\\\/\\\/indusrestaurant.ro\\\/#website\"},\"datePublished\":\"2025-08-27T16:02:02+00:00\",\"dateModified\":\"2026-05-02T08:30:33+00:00\",\"breadcrumb\":{\"@id\":\"https:\\\/\\\/indusrestaurant.ro\\\/product\\\/beef-keema-karahi\\\/#breadcrumb\"},\"inLanguage\":\"en-GB\",\"potentialAction\":[{\"@type\":\"ReadAction\",\"target\":[\"https:\\\/\\\/indusrestaurant.ro\\\/product\\\/beef-keema-karahi\\\/\"]}]},{\"@type\":\"BreadcrumbList\",\"@id\":\"https:\\\/\\\/indusrestaurant.ro\\\/product\\\/beef-keema-karahi\\\/#breadcrumb\",\"itemListElement\":[{\"@type\":\"ListItem\",\"position\":1,\"name\":\"Home\",\"item\":\"https:\\\/\\\/indusrestaurant.ro\\\/\"},{\"@type\":\"ListItem\",\"position\":2,\"name\":\"Shop\",\"item\":\"https:\\\/\\\/indusrestaurant.ro\\\/shop\\\/\"},{\"@type\":\"ListItem\",\"position\":3,\"name\":\"BEEF KEEMA KARAHI &#8211; specialitatea buc\u0103tarului\"}]},{\"@type\":\"WebSite\",\"@id\":\"https:\\\/\\\/indusrestaurant.ro\\\/#website\",\"url\":\"https:\\\/\\\/indusrestaurant.ro\\\/\",\"name\":\"INDUS Restaurant pakistanez\",\"description\":\"Spice is life\",\"publisher\":{\"@id\":\"https:\\\/\\\/indusrestaurant.ro\\\/#organization\"},\"potentialAction\":[{\"@type\":\"SearchAction\",\"target\":{\"@type\":\"EntryPoint\",\"urlTemplate\":\"https:\\\/\\\/indusrestaurant.ro\\\/?s={search_term_string}\"},\"query-input\":{\"@type\":\"PropertyValueSpecification\",\"valueRequired\":true,\"valueName\":\"search_term_string\"}}],\"inLanguage\":\"en-GB\"},{\"@type\":\"Organization\",\"@id\":\"https:\\\/\\\/indusrestaurant.ro\\\/#organization\",\"name\":\"INDUS Restaurant pakistanez\",\"url\":\"https:\\\/\\\/indusrestaurant.ro\\\/\",\"logo\":{\"@type\":\"ImageObject\",\"inLanguage\":\"en-GB\",\"@id\":\"https:\\\/\\\/indusrestaurant.ro\\\/#\\\/schema\\\/logo\\\/image\\\/\",\"url\":\"https:\\\/\\\/indusrestaurant.ro\\\/wp-content\\\/uploads\\\/2025\\\/03\\\/logo-2-1.webp\",\"contentUrl\":\"https:\\\/\\\/indusrestaurant.ro\\\/wp-content\\\/uploads\\\/2025\\\/03\\\/logo-2-1.webp\",\"width\":614,\"height\":283,\"caption\":\"INDUS Restaurant pakistanez\"},\"image\":{\"@id\":\"https:\\\/\\\/indusrestaurant.ro\\\/#\\\/schema\\\/logo\\\/image\\\/\"}}]}<\/script>\n<!-- \/ Yoast SEO plugin. -->","yoast_head_json":{"title":"BEEF KEEMA KARAHI - specialitatea buc\u0103tarului - INDUS Restaurant pakistanez","robots":{"index":"index","follow":"follow","max-snippet":"max-snippet:-1","max-image-preview":"max-image-preview:large","max-video-preview":"max-video-preview:-1"},"canonical":"https:\/\/indusrestaurant.ro\/en\/product\/beef-keema-karahi\/","og_locale":"en_GB","og_type":"article","og_title":"BEEF KEEMA KARAHI - specialitatea buc\u0103tarului - INDUS Restaurant pakistanez","og_description":"*Recomandat cu orez basmati premium Un preparat tradi\u021bional pakistanez, cu carne de vit\u0103 tocat\u0103, suculent\u0103 \u0219i plin\u0103 de savoare, g\u0103tit\u0103 cu condimente pakistaneze premium. Ceapa caramelizat\u0103 adaug\u0103 dulcea\u021b\u0103 \u0219i profunzime, l\u0103m\u00e2ia vine cu contrastul perfect de gust, \u00een timp ce chilli-ul ro\u0219u uscat \u0219i ardeiul iute verde proasp\u0103t dau preparatului o iu\u021beal\u0103 puternic\u0103, specific\u0103 buc\u0103t\u0103riei [&hellip;]","og_url":"https:\/\/indusrestaurant.ro\/en\/product\/beef-keema-karahi\/","og_site_name":"INDUS Restaurant pakistanez","article_modified_time":"2026-05-02T08:30:33+00:00","twitter_card":"summary_large_image","twitter_misc":{"Estimated reading time":"1 minute"},"schema":{"@context":"https:\/\/schema.org","@graph":[{"@type":"WebPage","@id":"https:\/\/indusrestaurant.ro\/product\/beef-keema-karahi\/","url":"https:\/\/indusrestaurant.ro\/product\/beef-keema-karahi\/","name":"BEEF KEEMA KARAHI - specialitatea buc\u0103tarului - INDUS Restaurant pakistanez","isPartOf":{"@id":"https:\/\/indusrestaurant.ro\/#website"},"datePublished":"2025-08-27T16:02:02+00:00","dateModified":"2026-05-02T08:30:33+00:00","breadcrumb":{"@id":"https:\/\/indusrestaurant.ro\/product\/beef-keema-karahi\/#breadcrumb"},"inLanguage":"en-GB","potentialAction":[{"@type":"ReadAction","target":["https:\/\/indusrestaurant.ro\/product\/beef-keema-karahi\/"]}]},{"@type":"BreadcrumbList","@id":"https:\/\/indusrestaurant.ro\/product\/beef-keema-karahi\/#breadcrumb","itemListElement":[{"@type":"ListItem","position":1,"name":"Home","item":"https:\/\/indusrestaurant.ro\/"},{"@type":"ListItem","position":2,"name":"Shop","item":"https:\/\/indusrestaurant.ro\/shop\/"},{"@type":"ListItem","position":3,"name":"BEEF KEEMA KARAHI &#8211; specialitatea buc\u0103tarului"}]},{"@type":"WebSite","@id":"https:\/\/indusrestaurant.ro\/#website","url":"https:\/\/indusrestaurant.ro\/","name":"INDUS Restaurant pakistanez","description":"Spice is life","publisher":{"@id":"https:\/\/indusrestaurant.ro\/#organization"},"potentialAction":[{"@type":"SearchAction","target":{"@type":"EntryPoint","urlTemplate":"https:\/\/indusrestaurant.ro\/?s={search_term_string}"},"query-input":{"@type":"PropertyValueSpecification","valueRequired":true,"valueName":"search_term_string"}}],"inLanguage":"en-GB"},{"@type":"Organization","@id":"https:\/\/indusrestaurant.ro\/#organization","name":"INDUS Restaurant pakistanez","url":"https:\/\/indusrestaurant.ro\/","logo":{"@type":"ImageObject","inLanguage":"en-GB","@id":"https:\/\/indusrestaurant.ro\/#\/schema\/logo\/image\/","url":"https:\/\/indusrestaurant.ro\/wp-content\/uploads\/2025\/03\/logo-2-1.webp","contentUrl":"https:\/\/indusrestaurant.ro\/wp-content\/uploads\/2025\/03\/logo-2-1.webp","width":614,"height":283,"caption":"INDUS Restaurant pakistanez"},"image":{"@id":"https:\/\/indusrestaurant.ro\/#\/schema\/logo\/image\/"}}]}},"_links":{"self":[{"href":"https:\/\/indusrestaurant.ro\/en\/wp-json\/wp\/v2\/product\/579","targetHints":{"allow":["GET"]}}],"collection":[{"href":"https:\/\/indusrestaurant.ro\/en\/wp-json\/wp\/v2\/product"}],"about":[{"href":"https:\/\/indusrestaurant.ro\/en\/wp-json\/wp\/v2\/types\/product"}],"wp:attachment":[{"href":"https:\/\/indusrestaurant.ro\/en\/wp-json\/wp\/v2\/media?parent=579"}],"wp:term":[{"taxonomy":"product_brand","embeddable":true,"href":"https:\/\/indusrestaurant.ro\/en\/wp-json\/wp\/v2\/product_brand?post=579"},{"taxonomy":"product_cat","embeddable":true,"href":"https:\/\/indusrestaurant.ro\/en\/wp-json\/wp\/v2\/product_cat?post=579"},{"taxonomy":"product_tag","embeddable":true,"href":"https:\/\/indusrestaurant.ro\/en\/wp-json\/wp\/v2\/product_tag?post=579"}],"curies":[{"name":"wp","href":"https:\/\/api.w.org\/{rel}","templated":true}]}}