{"id":588,"date":"2025-08-27T16:24:27","date_gmt":"2025-08-27T16:24:27","guid":{"rendered":"https:\/\/indusrestaurant.ro\/?post_type=product&#038;p=588"},"modified":"2026-04-28T06:59:43","modified_gmt":"2026-04-28T06:59:43","slug":"mutton-curry","status":"publish","type":"product","link":"https:\/\/indusrestaurant.ro\/en\/product\/mutton-curry\/","title":{"rendered":"MUTTON CURRY &#8211; specialitatea buc\u0103tarului"},"content":{"rendered":"<p><em>Recomandat cu o por\u021bie de orez basmati premium.<\/em><\/p>\n<p>Un preparat cu buc\u0103\u021bi fragede de pulp\u0103 de oaie, g\u0103tite foarte lent timp de 10 ore, care se topesc \u00een gur\u0103, \u00eenv\u0103luite \u00eentr-un sos cremos de iaurt \u0219i sm\u00e2nt\u00e2n\u0103. Preparatul este aromatizat cu cardamom verde, batoane de scor\u021bi\u0219oar\u0103, cui\u0219oare \u0219i coriandru, cre\u00e2nd un echilibru perfect \u00eentre iu\u021beal\u0103 medie \u0219i aromele calde, intense ale buc\u0103t\u0103riei pakistaneze. Fiecare lingur\u0103 dezv\u0103luie un gust bogat, complex \u0219i autentic, care \u00eenc\u00e2nt\u0103 sim\u021burile. 320g<\/p>","protected":false},"excerpt":{"rendered":"<p>Recomandat cu o por\u021bie de orez basmati premium. Un preparat cu buc\u0103\u021bi fragede de pulp\u0103 de oaie, g\u0103tite foarte lent timp de 10 ore, care se topesc \u00een gur\u0103, \u00eenv\u0103luite \u00eentr-un sos cremos de iaurt \u0219i sm\u00e2nt\u00e2n\u0103. Preparatul este aromatizat cu cardamom verde, batoane de scor\u021bi\u0219oar\u0103, cui\u0219oare \u0219i coriandru, cre\u00e2nd un echilibru perfect \u00eentre iu\u021beal\u0103 [&hellip;]<\/p>\n","protected":false},"featured_media":0,"template":"","meta":{"_acf_changed":false},"product_brand":[],"product_cat":[26],"product_tag":[],"class_list":{"0":"post-588","1":"product","2":"type-product","3":"status-publish","5":"product_cat-specialitatea-bucatarului","7":"first","8":"instock","9":"shipping-taxable","10":"purchasable","11":"product-type-simple"},"acf":[],"yoast_head":"<!-- This site is optimized with the Yoast SEO plugin v27.5 - https:\/\/yoast.com\/product\/yoast-seo-wordpress\/ -->\n<title>MUTTON CURRY - specialitatea buc\u0103tarului - INDUS Restaurant pakistanez<\/title>\n<meta name=\"robots\" content=\"index, follow, max-snippet:-1, max-image-preview:large, max-video-preview:-1\" \/>\n<link rel=\"canonical\" href=\"https:\/\/indusrestaurant.ro\/en\/product\/mutton-curry\/\" \/>\n<meta property=\"og:locale\" content=\"en_GB\" \/>\n<meta property=\"og:type\" content=\"article\" \/>\n<meta property=\"og:title\" content=\"MUTTON CURRY - specialitatea buc\u0103tarului - INDUS Restaurant pakistanez\" \/>\n<meta property=\"og:description\" content=\"Recomandat cu o por\u021bie de orez basmati premium. Un preparat cu buc\u0103\u021bi fragede de pulp\u0103 de oaie, g\u0103tite foarte lent timp de 10 ore, care se topesc \u00een gur\u0103, \u00eenv\u0103luite \u00eentr-un sos cremos de iaurt \u0219i sm\u00e2nt\u00e2n\u0103. Preparatul este aromatizat cu cardamom verde, batoane de scor\u021bi\u0219oar\u0103, cui\u0219oare \u0219i coriandru, cre\u00e2nd un echilibru perfect \u00eentre iu\u021beal\u0103 [&hellip;]\" \/>\n<meta property=\"og:url\" content=\"https:\/\/indusrestaurant.ro\/en\/product\/mutton-curry\/\" \/>\n<meta property=\"og:site_name\" content=\"INDUS Restaurant pakistanez\" \/>\n<meta property=\"article:modified_time\" content=\"2026-04-28T06:59:43+00:00\" \/>\n<meta name=\"twitter:card\" content=\"summary_large_image\" \/>\n<meta name=\"twitter:label1\" content=\"Estimated reading time\" \/>\n\t<meta name=\"twitter:data1\" content=\"1 minute\" \/>\n<script type=\"application\/ld+json\" class=\"yoast-schema-graph\">{\"@context\":\"https:\\\/\\\/schema.org\",\"@graph\":[{\"@type\":\"WebPage\",\"@id\":\"https:\\\/\\\/indusrestaurant.ro\\\/product\\\/mutton-curry\\\/\",\"url\":\"https:\\\/\\\/indusrestaurant.ro\\\/product\\\/mutton-curry\\\/\",\"name\":\"MUTTON CURRY - specialitatea buc\u0103tarului - INDUS Restaurant pakistanez\",\"isPartOf\":{\"@id\":\"https:\\\/\\\/indusrestaurant.ro\\\/#website\"},\"datePublished\":\"2025-08-27T16:24:27+00:00\",\"dateModified\":\"2026-04-28T06:59:43+00:00\",\"breadcrumb\":{\"@id\":\"https:\\\/\\\/indusrestaurant.ro\\\/product\\\/mutton-curry\\\/#breadcrumb\"},\"inLanguage\":\"en-GB\",\"potentialAction\":[{\"@type\":\"ReadAction\",\"target\":[\"https:\\\/\\\/indusrestaurant.ro\\\/product\\\/mutton-curry\\\/\"]}]},{\"@type\":\"BreadcrumbList\",\"@id\":\"https:\\\/\\\/indusrestaurant.ro\\\/product\\\/mutton-curry\\\/#breadcrumb\",\"itemListElement\":[{\"@type\":\"ListItem\",\"position\":1,\"name\":\"Home\",\"item\":\"https:\\\/\\\/indusrestaurant.ro\\\/\"},{\"@type\":\"ListItem\",\"position\":2,\"name\":\"Shop\",\"item\":\"https:\\\/\\\/indusrestaurant.ro\\\/shop\\\/\"},{\"@type\":\"ListItem\",\"position\":3,\"name\":\"MUTTON CURRY &#8211; specialitatea buc\u0103tarului\"}]},{\"@type\":\"WebSite\",\"@id\":\"https:\\\/\\\/indusrestaurant.ro\\\/#website\",\"url\":\"https:\\\/\\\/indusrestaurant.ro\\\/\",\"name\":\"INDUS Restaurant pakistanez\",\"description\":\"Spice is life\",\"publisher\":{\"@id\":\"https:\\\/\\\/indusrestaurant.ro\\\/#organization\"},\"potentialAction\":[{\"@type\":\"SearchAction\",\"target\":{\"@type\":\"EntryPoint\",\"urlTemplate\":\"https:\\\/\\\/indusrestaurant.ro\\\/?s={search_term_string}\"},\"query-input\":{\"@type\":\"PropertyValueSpecification\",\"valueRequired\":true,\"valueName\":\"search_term_string\"}}],\"inLanguage\":\"en-GB\"},{\"@type\":\"Organization\",\"@id\":\"https:\\\/\\\/indusrestaurant.ro\\\/#organization\",\"name\":\"INDUS Restaurant pakistanez\",\"url\":\"https:\\\/\\\/indusrestaurant.ro\\\/\",\"logo\":{\"@type\":\"ImageObject\",\"inLanguage\":\"en-GB\",\"@id\":\"https:\\\/\\\/indusrestaurant.ro\\\/#\\\/schema\\\/logo\\\/image\\\/\",\"url\":\"https:\\\/\\\/indusrestaurant.ro\\\/wp-content\\\/uploads\\\/2025\\\/03\\\/logo-2-1.webp\",\"contentUrl\":\"https:\\\/\\\/indusrestaurant.ro\\\/wp-content\\\/uploads\\\/2025\\\/03\\\/logo-2-1.webp\",\"width\":614,\"height\":283,\"caption\":\"INDUS Restaurant pakistanez\"},\"image\":{\"@id\":\"https:\\\/\\\/indusrestaurant.ro\\\/#\\\/schema\\\/logo\\\/image\\\/\"}}]}<\/script>\n<!-- \/ Yoast SEO plugin. -->","yoast_head_json":{"title":"MUTTON CURRY - specialitatea buc\u0103tarului - INDUS Restaurant pakistanez","robots":{"index":"index","follow":"follow","max-snippet":"max-snippet:-1","max-image-preview":"max-image-preview:large","max-video-preview":"max-video-preview:-1"},"canonical":"https:\/\/indusrestaurant.ro\/en\/product\/mutton-curry\/","og_locale":"en_GB","og_type":"article","og_title":"MUTTON CURRY - specialitatea buc\u0103tarului - INDUS Restaurant pakistanez","og_description":"Recomandat cu o por\u021bie de orez basmati premium. Un preparat cu buc\u0103\u021bi fragede de pulp\u0103 de oaie, g\u0103tite foarte lent timp de 10 ore, care se topesc \u00een gur\u0103, \u00eenv\u0103luite \u00eentr-un sos cremos de iaurt \u0219i sm\u00e2nt\u00e2n\u0103. Preparatul este aromatizat cu cardamom verde, batoane de scor\u021bi\u0219oar\u0103, cui\u0219oare \u0219i coriandru, cre\u00e2nd un echilibru perfect \u00eentre iu\u021beal\u0103 [&hellip;]","og_url":"https:\/\/indusrestaurant.ro\/en\/product\/mutton-curry\/","og_site_name":"INDUS Restaurant pakistanez","article_modified_time":"2026-04-28T06:59:43+00:00","twitter_card":"summary_large_image","twitter_misc":{"Estimated reading time":"1 minute"},"schema":{"@context":"https:\/\/schema.org","@graph":[{"@type":"WebPage","@id":"https:\/\/indusrestaurant.ro\/product\/mutton-curry\/","url":"https:\/\/indusrestaurant.ro\/product\/mutton-curry\/","name":"MUTTON CURRY - specialitatea buc\u0103tarului - INDUS Restaurant pakistanez","isPartOf":{"@id":"https:\/\/indusrestaurant.ro\/#website"},"datePublished":"2025-08-27T16:24:27+00:00","dateModified":"2026-04-28T06:59:43+00:00","breadcrumb":{"@id":"https:\/\/indusrestaurant.ro\/product\/mutton-curry\/#breadcrumb"},"inLanguage":"en-GB","potentialAction":[{"@type":"ReadAction","target":["https:\/\/indusrestaurant.ro\/product\/mutton-curry\/"]}]},{"@type":"BreadcrumbList","@id":"https:\/\/indusrestaurant.ro\/product\/mutton-curry\/#breadcrumb","itemListElement":[{"@type":"ListItem","position":1,"name":"Home","item":"https:\/\/indusrestaurant.ro\/"},{"@type":"ListItem","position":2,"name":"Shop","item":"https:\/\/indusrestaurant.ro\/shop\/"},{"@type":"ListItem","position":3,"name":"MUTTON CURRY &#8211; specialitatea buc\u0103tarului"}]},{"@type":"WebSite","@id":"https:\/\/indusrestaurant.ro\/#website","url":"https:\/\/indusrestaurant.ro\/","name":"INDUS Restaurant pakistanez","description":"Spice is life","publisher":{"@id":"https:\/\/indusrestaurant.ro\/#organization"},"potentialAction":[{"@type":"SearchAction","target":{"@type":"EntryPoint","urlTemplate":"https:\/\/indusrestaurant.ro\/?s={search_term_string}"},"query-input":{"@type":"PropertyValueSpecification","valueRequired":true,"valueName":"search_term_string"}}],"inLanguage":"en-GB"},{"@type":"Organization","@id":"https:\/\/indusrestaurant.ro\/#organization","name":"INDUS Restaurant pakistanez","url":"https:\/\/indusrestaurant.ro\/","logo":{"@type":"ImageObject","inLanguage":"en-GB","@id":"https:\/\/indusrestaurant.ro\/#\/schema\/logo\/image\/","url":"https:\/\/indusrestaurant.ro\/wp-content\/uploads\/2025\/03\/logo-2-1.webp","contentUrl":"https:\/\/indusrestaurant.ro\/wp-content\/uploads\/2025\/03\/logo-2-1.webp","width":614,"height":283,"caption":"INDUS Restaurant pakistanez"},"image":{"@id":"https:\/\/indusrestaurant.ro\/#\/schema\/logo\/image\/"}}]}},"_links":{"self":[{"href":"https:\/\/indusrestaurant.ro\/en\/wp-json\/wp\/v2\/product\/588","targetHints":{"allow":["GET"]}}],"collection":[{"href":"https:\/\/indusrestaurant.ro\/en\/wp-json\/wp\/v2\/product"}],"about":[{"href":"https:\/\/indusrestaurant.ro\/en\/wp-json\/wp\/v2\/types\/product"}],"wp:attachment":[{"href":"https:\/\/indusrestaurant.ro\/en\/wp-json\/wp\/v2\/media?parent=588"}],"wp:term":[{"taxonomy":"product_brand","embeddable":true,"href":"https:\/\/indusrestaurant.ro\/en\/wp-json\/wp\/v2\/product_brand?post=588"},{"taxonomy":"product_cat","embeddable":true,"href":"https:\/\/indusrestaurant.ro\/en\/wp-json\/wp\/v2\/product_cat?post=588"},{"taxonomy":"product_tag","embeddable":true,"href":"https:\/\/indusrestaurant.ro\/en\/wp-json\/wp\/v2\/product_tag?post=588"}],"curies":[{"name":"wp","href":"https:\/\/api.w.org\/{rel}","templated":true}]}}