{"id":592,"date":"2025-08-27T16:46:49","date_gmt":"2025-08-27T16:46:49","guid":{"rendered":"https:\/\/indusrestaurant.ro\/?post_type=product&#038;p=592"},"modified":"2026-04-23T07:47:57","modified_gmt":"2026-04-23T07:47:57","slug":"chana-daal","status":"publish","type":"product","link":"https:\/\/indusrestaurant.ro\/en\/product\/chana-daal\/","title":{"rendered":"CHANA DAAL BOWL &#8211; specialitatea buc\u0103tarului"},"content":{"rendered":"<p>Un preparat vegetarian cu linte verde \u0219i mango murat direct din Pakistan cu un nivel sc\u0103zut spre mediu de iu\u021beal\u0103. Lintea este hidratat\u0103 \u00een prealabil pentru a fi redus\u0103 cantitatea de enzime care baloneaz\u0103, apoi fiart\u0103 foarte lent \u00een sos de ro\u0219ii cu ceap\u0103 caramelizat\u0103 \u0219i condimente pakistaneze premium, cu pu\u021bin\u0103 sm\u00e2nt\u00e2n\u0103 \u0219i unt. Lactatele provin de la ferma Mirvalact din Pojor\u00e2ta, jud. Suceava. Este o re\u021bet\u0103 adus\u0103 dintr-o gospod\u0103rie a unor localnici din nord-vestul Pakistanului. Acest gust mai poate fi \u00eent\u00e2lnit doar acolo, nefiind o abordare clasic\u0103, ci foarte specific\u0103 locului.<br \/>\nCon\u021bine garnitur\u0103 de orez basmati premium.<br \/>\n500g<\/p>","protected":false},"excerpt":{"rendered":"<p>Un preparat vegetarian cu linte verde \u0219i mango murat direct din Pakistan cu un nivel sc\u0103zut spre mediu de iu\u021beal\u0103. Lintea este hidratat\u0103 \u00een prealabil pentru a fi redus\u0103 cantitatea de enzime care baloneaz\u0103, apoi fiart\u0103 foarte lent \u00een sos de ro\u0219ii cu ceap\u0103 caramelizat\u0103 \u0219i condimente pakistaneze premium, cu pu\u021bin\u0103 sm\u00e2nt\u00e2n\u0103 \u0219i unt. Lactatele [&hellip;]<\/p>\n","protected":false},"featured_media":0,"template":"","meta":{"_acf_changed":false},"product_brand":[],"product_cat":[26,29],"product_tag":[],"class_list":{"0":"post-592","1":"product","2":"type-product","3":"status-publish","5":"product_cat-specialitatea-bucatarului","6":"product_cat-vegetarian","8":"first","9":"instock","10":"shipping-taxable","11":"purchasable","12":"product-type-simple"},"acf":[],"yoast_head":"<!-- This site is optimized with the Yoast SEO plugin v27.5 - https:\/\/yoast.com\/product\/yoast-seo-wordpress\/ -->\n<title>CHANA DAAL BOWL - specialitatea buc\u0103tarului - INDUS Restaurant pakistanez<\/title>\n<meta name=\"robots\" content=\"index, follow, max-snippet:-1, max-image-preview:large, max-video-preview:-1\" \/>\n<link rel=\"canonical\" href=\"https:\/\/indusrestaurant.ro\/en\/product\/chana-daal\/\" \/>\n<meta property=\"og:locale\" content=\"en_GB\" \/>\n<meta property=\"og:type\" content=\"article\" \/>\n<meta property=\"og:title\" content=\"CHANA DAAL BOWL - specialitatea buc\u0103tarului - INDUS Restaurant pakistanez\" \/>\n<meta property=\"og:description\" content=\"Un preparat vegetarian cu linte verde \u0219i mango murat direct din Pakistan cu un nivel sc\u0103zut spre mediu de iu\u021beal\u0103. Lintea este hidratat\u0103 \u00een prealabil pentru a fi redus\u0103 cantitatea de enzime care baloneaz\u0103, apoi fiart\u0103 foarte lent \u00een sos de ro\u0219ii cu ceap\u0103 caramelizat\u0103 \u0219i condimente pakistaneze premium, cu pu\u021bin\u0103 sm\u00e2nt\u00e2n\u0103 \u0219i unt. Lactatele [&hellip;]\" \/>\n<meta property=\"og:url\" content=\"https:\/\/indusrestaurant.ro\/en\/product\/chana-daal\/\" \/>\n<meta property=\"og:site_name\" content=\"INDUS Restaurant pakistanez\" \/>\n<meta property=\"article:modified_time\" content=\"2026-04-23T07:47:57+00:00\" \/>\n<meta name=\"twitter:card\" content=\"summary_large_image\" \/>\n<meta name=\"twitter:label1\" content=\"Estimated reading time\" \/>\n\t<meta name=\"twitter:data1\" content=\"1 minute\" \/>\n<script type=\"application\/ld+json\" class=\"yoast-schema-graph\">{\"@context\":\"https:\\\/\\\/schema.org\",\"@graph\":[{\"@type\":\"WebPage\",\"@id\":\"https:\\\/\\\/indusrestaurant.ro\\\/product\\\/chana-daal\\\/\",\"url\":\"https:\\\/\\\/indusrestaurant.ro\\\/product\\\/chana-daal\\\/\",\"name\":\"CHANA DAAL BOWL - specialitatea buc\u0103tarului - INDUS Restaurant pakistanez\",\"isPartOf\":{\"@id\":\"https:\\\/\\\/indusrestaurant.ro\\\/#website\"},\"datePublished\":\"2025-08-27T16:46:49+00:00\",\"dateModified\":\"2026-04-23T07:47:57+00:00\",\"breadcrumb\":{\"@id\":\"https:\\\/\\\/indusrestaurant.ro\\\/product\\\/chana-daal\\\/#breadcrumb\"},\"inLanguage\":\"en-GB\",\"potentialAction\":[{\"@type\":\"ReadAction\",\"target\":[\"https:\\\/\\\/indusrestaurant.ro\\\/product\\\/chana-daal\\\/\"]}]},{\"@type\":\"BreadcrumbList\",\"@id\":\"https:\\\/\\\/indusrestaurant.ro\\\/product\\\/chana-daal\\\/#breadcrumb\",\"itemListElement\":[{\"@type\":\"ListItem\",\"position\":1,\"name\":\"Home\",\"item\":\"https:\\\/\\\/indusrestaurant.ro\\\/\"},{\"@type\":\"ListItem\",\"position\":2,\"name\":\"Shop\",\"item\":\"https:\\\/\\\/indusrestaurant.ro\\\/shop\\\/\"},{\"@type\":\"ListItem\",\"position\":3,\"name\":\"CHANA DAAL BOWL &#8211; specialitatea buc\u0103tarului\"}]},{\"@type\":\"WebSite\",\"@id\":\"https:\\\/\\\/indusrestaurant.ro\\\/#website\",\"url\":\"https:\\\/\\\/indusrestaurant.ro\\\/\",\"name\":\"INDUS Restaurant pakistanez\",\"description\":\"Spice is life\",\"publisher\":{\"@id\":\"https:\\\/\\\/indusrestaurant.ro\\\/#organization\"},\"potentialAction\":[{\"@type\":\"SearchAction\",\"target\":{\"@type\":\"EntryPoint\",\"urlTemplate\":\"https:\\\/\\\/indusrestaurant.ro\\\/?s={search_term_string}\"},\"query-input\":{\"@type\":\"PropertyValueSpecification\",\"valueRequired\":true,\"valueName\":\"search_term_string\"}}],\"inLanguage\":\"en-GB\"},{\"@type\":\"Organization\",\"@id\":\"https:\\\/\\\/indusrestaurant.ro\\\/#organization\",\"name\":\"INDUS Restaurant pakistanez\",\"url\":\"https:\\\/\\\/indusrestaurant.ro\\\/\",\"logo\":{\"@type\":\"ImageObject\",\"inLanguage\":\"en-GB\",\"@id\":\"https:\\\/\\\/indusrestaurant.ro\\\/#\\\/schema\\\/logo\\\/image\\\/\",\"url\":\"https:\\\/\\\/indusrestaurant.ro\\\/wp-content\\\/uploads\\\/2025\\\/03\\\/logo-2-1.webp\",\"contentUrl\":\"https:\\\/\\\/indusrestaurant.ro\\\/wp-content\\\/uploads\\\/2025\\\/03\\\/logo-2-1.webp\",\"width\":614,\"height\":283,\"caption\":\"INDUS Restaurant pakistanez\"},\"image\":{\"@id\":\"https:\\\/\\\/indusrestaurant.ro\\\/#\\\/schema\\\/logo\\\/image\\\/\"}}]}<\/script>\n<!-- \/ Yoast SEO plugin. -->","yoast_head_json":{"title":"CHANA DAAL BOWL - specialitatea buc\u0103tarului - INDUS Restaurant pakistanez","robots":{"index":"index","follow":"follow","max-snippet":"max-snippet:-1","max-image-preview":"max-image-preview:large","max-video-preview":"max-video-preview:-1"},"canonical":"https:\/\/indusrestaurant.ro\/en\/product\/chana-daal\/","og_locale":"en_GB","og_type":"article","og_title":"CHANA DAAL BOWL - specialitatea buc\u0103tarului - INDUS Restaurant pakistanez","og_description":"Un preparat vegetarian cu linte verde \u0219i mango murat direct din Pakistan cu un nivel sc\u0103zut spre mediu de iu\u021beal\u0103. Lintea este hidratat\u0103 \u00een prealabil pentru a fi redus\u0103 cantitatea de enzime care baloneaz\u0103, apoi fiart\u0103 foarte lent \u00een sos de ro\u0219ii cu ceap\u0103 caramelizat\u0103 \u0219i condimente pakistaneze premium, cu pu\u021bin\u0103 sm\u00e2nt\u00e2n\u0103 \u0219i unt. Lactatele [&hellip;]","og_url":"https:\/\/indusrestaurant.ro\/en\/product\/chana-daal\/","og_site_name":"INDUS Restaurant pakistanez","article_modified_time":"2026-04-23T07:47:57+00:00","twitter_card":"summary_large_image","twitter_misc":{"Estimated reading time":"1 minute"},"schema":{"@context":"https:\/\/schema.org","@graph":[{"@type":"WebPage","@id":"https:\/\/indusrestaurant.ro\/product\/chana-daal\/","url":"https:\/\/indusrestaurant.ro\/product\/chana-daal\/","name":"CHANA DAAL BOWL - specialitatea buc\u0103tarului - INDUS Restaurant pakistanez","isPartOf":{"@id":"https:\/\/indusrestaurant.ro\/#website"},"datePublished":"2025-08-27T16:46:49+00:00","dateModified":"2026-04-23T07:47:57+00:00","breadcrumb":{"@id":"https:\/\/indusrestaurant.ro\/product\/chana-daal\/#breadcrumb"},"inLanguage":"en-GB","potentialAction":[{"@type":"ReadAction","target":["https:\/\/indusrestaurant.ro\/product\/chana-daal\/"]}]},{"@type":"BreadcrumbList","@id":"https:\/\/indusrestaurant.ro\/product\/chana-daal\/#breadcrumb","itemListElement":[{"@type":"ListItem","position":1,"name":"Home","item":"https:\/\/indusrestaurant.ro\/"},{"@type":"ListItem","position":2,"name":"Shop","item":"https:\/\/indusrestaurant.ro\/shop\/"},{"@type":"ListItem","position":3,"name":"CHANA DAAL BOWL &#8211; specialitatea buc\u0103tarului"}]},{"@type":"WebSite","@id":"https:\/\/indusrestaurant.ro\/#website","url":"https:\/\/indusrestaurant.ro\/","name":"INDUS Restaurant pakistanez","description":"Spice is life","publisher":{"@id":"https:\/\/indusrestaurant.ro\/#organization"},"potentialAction":[{"@type":"SearchAction","target":{"@type":"EntryPoint","urlTemplate":"https:\/\/indusrestaurant.ro\/?s={search_term_string}"},"query-input":{"@type":"PropertyValueSpecification","valueRequired":true,"valueName":"search_term_string"}}],"inLanguage":"en-GB"},{"@type":"Organization","@id":"https:\/\/indusrestaurant.ro\/#organization","name":"INDUS Restaurant pakistanez","url":"https:\/\/indusrestaurant.ro\/","logo":{"@type":"ImageObject","inLanguage":"en-GB","@id":"https:\/\/indusrestaurant.ro\/#\/schema\/logo\/image\/","url":"https:\/\/indusrestaurant.ro\/wp-content\/uploads\/2025\/03\/logo-2-1.webp","contentUrl":"https:\/\/indusrestaurant.ro\/wp-content\/uploads\/2025\/03\/logo-2-1.webp","width":614,"height":283,"caption":"INDUS Restaurant pakistanez"},"image":{"@id":"https:\/\/indusrestaurant.ro\/#\/schema\/logo\/image\/"}}]}},"_links":{"self":[{"href":"https:\/\/indusrestaurant.ro\/en\/wp-json\/wp\/v2\/product\/592","targetHints":{"allow":["GET"]}}],"collection":[{"href":"https:\/\/indusrestaurant.ro\/en\/wp-json\/wp\/v2\/product"}],"about":[{"href":"https:\/\/indusrestaurant.ro\/en\/wp-json\/wp\/v2\/types\/product"}],"wp:attachment":[{"href":"https:\/\/indusrestaurant.ro\/en\/wp-json\/wp\/v2\/media?parent=592"}],"wp:term":[{"taxonomy":"product_brand","embeddable":true,"href":"https:\/\/indusrestaurant.ro\/en\/wp-json\/wp\/v2\/product_brand?post=592"},{"taxonomy":"product_cat","embeddable":true,"href":"https:\/\/indusrestaurant.ro\/en\/wp-json\/wp\/v2\/product_cat?post=592"},{"taxonomy":"product_tag","embeddable":true,"href":"https:\/\/indusrestaurant.ro\/en\/wp-json\/wp\/v2\/product_tag?post=592"}],"curies":[{"name":"wp","href":"https:\/\/api.w.org\/{rel}","templated":true}]}}