{"id":616,"date":"2025-08-28T14:30:07","date_gmt":"2025-08-28T14:30:07","guid":{"rendered":"https:\/\/indusrestaurant.ro\/?post_type=product&#038;p=616"},"modified":"2026-04-29T13:07:55","modified_gmt":"2026-04-29T13:07:55","slug":"hummus-indus","status":"publish","type":"product","link":"https:\/\/indusrestaurant.ro\/en\/product\/hummus-indus\/","title":{"rendered":"HUMMUS INDUS"},"content":{"rendered":"<p>Un preparat cu semn\u0103tura \u201dindus\u201d, recunoscut pentru gustul inedit \u0219i textura cremoas\u0103. Este o gustare bogat\u0103 \u00een nutrien\u021bi \u0219i hr\u0103nitoare, care con\u021bine n\u0103ut premium de calibru mare, dulceag, g\u0103tit de la zero, devenit\u0103 foarte fin\u0103 \u0219i datorit\u0103 pastei de susan de \u00eenalt\u0103 calitate. Hummusul este g\u0103tit cu pasiune \u0219i inspira\u021bie din Israel \u0219i Palestina. <\/p>\n<p>150g\/por\u021bia<\/p>","protected":false},"excerpt":{"rendered":"<p>Un preparat cu semn\u0103tura \u201dindus\u201d, recunoscut pentru gustul inedit \u0219i textura cremoas\u0103. Este o gustare bogat\u0103 \u00een nutrien\u021bi \u0219i hr\u0103nitoare, care con\u021bine n\u0103ut premium de calibru mare, dulceag, g\u0103tit de la zero, devenit\u0103 foarte fin\u0103 \u0219i datorit\u0103 pastei de susan de \u00eenalt\u0103 calitate. Hummusul este g\u0103tit cu pasiune \u0219i inspira\u021bie din Israel \u0219i Palestina. 150g\/por\u021bia<\/p>","protected":false},"featured_media":0,"template":"","meta":{"_acf_changed":false},"product_brand":[],"product_cat":[36,30],"product_tag":[],"class_list":{"0":"post-616","1":"product","2":"type-product","3":"status-publish","5":"product_cat-snacks","6":"product_cat-vegan","8":"first","9":"instock","10":"shipping-taxable","11":"purchasable","12":"product-type-simple"},"acf":[],"yoast_head":"<!-- This site is optimized with the Yoast SEO plugin v27.5 - https:\/\/yoast.com\/product\/yoast-seo-wordpress\/ -->\n<title>HUMMUS INDUS - INDUS Restaurant pakistanez<\/title>\n<meta name=\"robots\" content=\"index, follow, max-snippet:-1, max-image-preview:large, max-video-preview:-1\" \/>\n<link rel=\"canonical\" href=\"https:\/\/indusrestaurant.ro\/en\/product\/hummus-indus\/\" \/>\n<meta property=\"og:locale\" content=\"en_GB\" \/>\n<meta property=\"og:type\" content=\"article\" \/>\n<meta property=\"og:title\" content=\"HUMMUS INDUS - INDUS Restaurant pakistanez\" \/>\n<meta property=\"og:description\" content=\"Un preparat cu semn\u0103tura \u201dindus\u201d, recunoscut pentru gustul inedit \u0219i textura cremoas\u0103. Este o gustare bogat\u0103 \u00een nutrien\u021bi \u0219i hr\u0103nitoare, care con\u021bine n\u0103ut premium de calibru mare, dulceag, g\u0103tit de la zero, devenit\u0103 foarte fin\u0103 \u0219i datorit\u0103 pastei de susan de \u00eenalt\u0103 calitate. Hummusul este g\u0103tit cu pasiune \u0219i inspira\u021bie din Israel \u0219i Palestina. 150g\/por\u021bia\" \/>\n<meta property=\"og:url\" content=\"https:\/\/indusrestaurant.ro\/en\/product\/hummus-indus\/\" \/>\n<meta property=\"og:site_name\" content=\"INDUS Restaurant pakistanez\" \/>\n<meta property=\"article:modified_time\" content=\"2026-04-29T13:07:55+00:00\" \/>\n<meta name=\"twitter:card\" content=\"summary_large_image\" \/>\n<meta name=\"twitter:label1\" content=\"Estimated reading time\" \/>\n\t<meta name=\"twitter:data1\" content=\"1 minute\" \/>\n<script type=\"application\/ld+json\" class=\"yoast-schema-graph\">{\"@context\":\"https:\\\/\\\/schema.org\",\"@graph\":[{\"@type\":\"WebPage\",\"@id\":\"https:\\\/\\\/indusrestaurant.ro\\\/product\\\/hummus-indus\\\/\",\"url\":\"https:\\\/\\\/indusrestaurant.ro\\\/product\\\/hummus-indus\\\/\",\"name\":\"HUMMUS INDUS - INDUS Restaurant pakistanez\",\"isPartOf\":{\"@id\":\"https:\\\/\\\/indusrestaurant.ro\\\/#website\"},\"datePublished\":\"2025-08-28T14:30:07+00:00\",\"dateModified\":\"2026-04-29T13:07:55+00:00\",\"breadcrumb\":{\"@id\":\"https:\\\/\\\/indusrestaurant.ro\\\/product\\\/hummus-indus\\\/#breadcrumb\"},\"inLanguage\":\"en-GB\",\"potentialAction\":[{\"@type\":\"ReadAction\",\"target\":[\"https:\\\/\\\/indusrestaurant.ro\\\/product\\\/hummus-indus\\\/\"]}]},{\"@type\":\"BreadcrumbList\",\"@id\":\"https:\\\/\\\/indusrestaurant.ro\\\/product\\\/hummus-indus\\\/#breadcrumb\",\"itemListElement\":[{\"@type\":\"ListItem\",\"position\":1,\"name\":\"Home\",\"item\":\"https:\\\/\\\/indusrestaurant.ro\\\/\"},{\"@type\":\"ListItem\",\"position\":2,\"name\":\"Shop\",\"item\":\"https:\\\/\\\/indusrestaurant.ro\\\/shop\\\/\"},{\"@type\":\"ListItem\",\"position\":3,\"name\":\"HUMMUS INDUS\"}]},{\"@type\":\"WebSite\",\"@id\":\"https:\\\/\\\/indusrestaurant.ro\\\/#website\",\"url\":\"https:\\\/\\\/indusrestaurant.ro\\\/\",\"name\":\"INDUS Restaurant pakistanez\",\"description\":\"Spice is life\",\"publisher\":{\"@id\":\"https:\\\/\\\/indusrestaurant.ro\\\/#organization\"},\"potentialAction\":[{\"@type\":\"SearchAction\",\"target\":{\"@type\":\"EntryPoint\",\"urlTemplate\":\"https:\\\/\\\/indusrestaurant.ro\\\/?s={search_term_string}\"},\"query-input\":{\"@type\":\"PropertyValueSpecification\",\"valueRequired\":true,\"valueName\":\"search_term_string\"}}],\"inLanguage\":\"en-GB\"},{\"@type\":\"Organization\",\"@id\":\"https:\\\/\\\/indusrestaurant.ro\\\/#organization\",\"name\":\"INDUS Restaurant pakistanez\",\"url\":\"https:\\\/\\\/indusrestaurant.ro\\\/\",\"logo\":{\"@type\":\"ImageObject\",\"inLanguage\":\"en-GB\",\"@id\":\"https:\\\/\\\/indusrestaurant.ro\\\/#\\\/schema\\\/logo\\\/image\\\/\",\"url\":\"https:\\\/\\\/indusrestaurant.ro\\\/wp-content\\\/uploads\\\/2025\\\/03\\\/logo-2-1.webp\",\"contentUrl\":\"https:\\\/\\\/indusrestaurant.ro\\\/wp-content\\\/uploads\\\/2025\\\/03\\\/logo-2-1.webp\",\"width\":614,\"height\":283,\"caption\":\"INDUS Restaurant pakistanez\"},\"image\":{\"@id\":\"https:\\\/\\\/indusrestaurant.ro\\\/#\\\/schema\\\/logo\\\/image\\\/\"}}]}<\/script>\n<!-- \/ Yoast SEO plugin. -->","yoast_head_json":{"title":"HUMMUS INDUS - INDUS Restaurant pakistanez","robots":{"index":"index","follow":"follow","max-snippet":"max-snippet:-1","max-image-preview":"max-image-preview:large","max-video-preview":"max-video-preview:-1"},"canonical":"https:\/\/indusrestaurant.ro\/en\/product\/hummus-indus\/","og_locale":"en_GB","og_type":"article","og_title":"HUMMUS INDUS - INDUS Restaurant pakistanez","og_description":"Un preparat cu semn\u0103tura \u201dindus\u201d, recunoscut pentru gustul inedit \u0219i textura cremoas\u0103. Este o gustare bogat\u0103 \u00een nutrien\u021bi \u0219i hr\u0103nitoare, care con\u021bine n\u0103ut premium de calibru mare, dulceag, g\u0103tit de la zero, devenit\u0103 foarte fin\u0103 \u0219i datorit\u0103 pastei de susan de \u00eenalt\u0103 calitate. Hummusul este g\u0103tit cu pasiune \u0219i inspira\u021bie din Israel \u0219i Palestina. 150g\/por\u021bia","og_url":"https:\/\/indusrestaurant.ro\/en\/product\/hummus-indus\/","og_site_name":"INDUS Restaurant pakistanez","article_modified_time":"2026-04-29T13:07:55+00:00","twitter_card":"summary_large_image","twitter_misc":{"Estimated reading time":"1 minute"},"schema":{"@context":"https:\/\/schema.org","@graph":[{"@type":"WebPage","@id":"https:\/\/indusrestaurant.ro\/product\/hummus-indus\/","url":"https:\/\/indusrestaurant.ro\/product\/hummus-indus\/","name":"HUMMUS INDUS - INDUS Restaurant pakistanez","isPartOf":{"@id":"https:\/\/indusrestaurant.ro\/#website"},"datePublished":"2025-08-28T14:30:07+00:00","dateModified":"2026-04-29T13:07:55+00:00","breadcrumb":{"@id":"https:\/\/indusrestaurant.ro\/product\/hummus-indus\/#breadcrumb"},"inLanguage":"en-GB","potentialAction":[{"@type":"ReadAction","target":["https:\/\/indusrestaurant.ro\/product\/hummus-indus\/"]}]},{"@type":"BreadcrumbList","@id":"https:\/\/indusrestaurant.ro\/product\/hummus-indus\/#breadcrumb","itemListElement":[{"@type":"ListItem","position":1,"name":"Home","item":"https:\/\/indusrestaurant.ro\/"},{"@type":"ListItem","position":2,"name":"Shop","item":"https:\/\/indusrestaurant.ro\/shop\/"},{"@type":"ListItem","position":3,"name":"HUMMUS INDUS"}]},{"@type":"WebSite","@id":"https:\/\/indusrestaurant.ro\/#website","url":"https:\/\/indusrestaurant.ro\/","name":"INDUS Restaurant pakistanez","description":"Spice is life","publisher":{"@id":"https:\/\/indusrestaurant.ro\/#organization"},"potentialAction":[{"@type":"SearchAction","target":{"@type":"EntryPoint","urlTemplate":"https:\/\/indusrestaurant.ro\/?s={search_term_string}"},"query-input":{"@type":"PropertyValueSpecification","valueRequired":true,"valueName":"search_term_string"}}],"inLanguage":"en-GB"},{"@type":"Organization","@id":"https:\/\/indusrestaurant.ro\/#organization","name":"INDUS Restaurant pakistanez","url":"https:\/\/indusrestaurant.ro\/","logo":{"@type":"ImageObject","inLanguage":"en-GB","@id":"https:\/\/indusrestaurant.ro\/#\/schema\/logo\/image\/","url":"https:\/\/indusrestaurant.ro\/wp-content\/uploads\/2025\/03\/logo-2-1.webp","contentUrl":"https:\/\/indusrestaurant.ro\/wp-content\/uploads\/2025\/03\/logo-2-1.webp","width":614,"height":283,"caption":"INDUS Restaurant pakistanez"},"image":{"@id":"https:\/\/indusrestaurant.ro\/#\/schema\/logo\/image\/"}}]}},"_links":{"self":[{"href":"https:\/\/indusrestaurant.ro\/en\/wp-json\/wp\/v2\/product\/616","targetHints":{"allow":["GET"]}}],"collection":[{"href":"https:\/\/indusrestaurant.ro\/en\/wp-json\/wp\/v2\/product"}],"about":[{"href":"https:\/\/indusrestaurant.ro\/en\/wp-json\/wp\/v2\/types\/product"}],"wp:attachment":[{"href":"https:\/\/indusrestaurant.ro\/en\/wp-json\/wp\/v2\/media?parent=616"}],"wp:term":[{"taxonomy":"product_brand","embeddable":true,"href":"https:\/\/indusrestaurant.ro\/en\/wp-json\/wp\/v2\/product_brand?post=616"},{"taxonomy":"product_cat","embeddable":true,"href":"https:\/\/indusrestaurant.ro\/en\/wp-json\/wp\/v2\/product_cat?post=616"},{"taxonomy":"product_tag","embeddable":true,"href":"https:\/\/indusrestaurant.ro\/en\/wp-json\/wp\/v2\/product_tag?post=616"}],"curies":[{"name":"wp","href":"https:\/\/api.w.org\/{rel}","templated":true}]}}