{"id":619,"date":"2025-08-28T14:36:11","date_gmt":"2025-08-28T14:36:11","guid":{"rendered":"https:\/\/indusrestaurant.ro\/?post_type=product&#038;p=619"},"modified":"2026-03-04T13:04:21","modified_gmt":"2026-03-04T13:04:21","slug":"orez-simplu","status":"publish","type":"product","link":"https:\/\/indusrestaurant.ro\/en\/product\/orez-simplu\/","title":{"rendered":"OREZ BASMATI PREMIUM"},"content":{"rendered":"<p>Orezul basmati premium, g\u0103tit cu ap\u0103, sare \u0219i unt de cocos, este important pe l\u00e2ng\u0103 orice fel principal pakistanez. Acest tip de orez este adus de echipa \u201dindus\u201d din sudul Asiei, de la baza mun\u021bilor Himalaya, de pe terasele de orez irigate cu ap\u0103 de r\u00e2u. Este considerat cel mai bun orez din lume datorit\u0103 gustului \u0219i a nutrien\u021bilor, av\u00e2nd o cantitate foarte mic\u0103 de amidon, care d\u0103 \u0219i nivelul foarte sc\u0103zut al indicelui glicemic (este permis \u0219i diabeticilor). Printre nutrien\u021bi, sunt carbohidra\u021bi de bun\u0103 calitate, fibre \u0219i chiar \u0219i proteine (niciun alt tip de orez nu mai con\u021bine proteine, de aceea este un orez special). Este un orez hr\u0103nitor, care este considerat aliment de baz\u0103 \u00een Pakistan, fiind zilnic pe masa cet\u0103\u021benilor acestei \u021b\u0103ri. 150g<\/p>","protected":false},"excerpt":{"rendered":"<p>Orezul basmati premium, g\u0103tit cu ap\u0103, sare \u0219i unt de cocos, este important pe l\u00e2ng\u0103 orice fel principal pakistanez. Acest tip de orez este adus de echipa \u201dindus\u201d din sudul Asiei, de la baza mun\u021bilor Himalaya, de pe terasele de orez irigate cu ap\u0103 de r\u00e2u. Este considerat cel mai bun orez din lume datorit\u0103 [&hellip;]<\/p>\n","protected":false},"featured_media":0,"template":"","meta":{"_acf_changed":false},"product_brand":[],"product_cat":[32,30],"product_tag":[],"class_list":{"0":"post-619","1":"product","2":"type-product","3":"status-publish","5":"product_cat-garnituri","6":"product_cat-vegan","8":"first","9":"instock","10":"shipping-taxable","11":"purchasable","12":"product-type-simple"},"acf":[],"yoast_head":"<!-- This site is optimized with the Yoast SEO plugin v27.5 - https:\/\/yoast.com\/product\/yoast-seo-wordpress\/ -->\n<title>OREZ BASMATI PREMIUM - INDUS Restaurant pakistanez<\/title>\n<meta name=\"robots\" content=\"index, follow, max-snippet:-1, max-image-preview:large, max-video-preview:-1\" \/>\n<link rel=\"canonical\" href=\"https:\/\/indusrestaurant.ro\/en\/product\/orez-simplu\/\" \/>\n<meta property=\"og:locale\" content=\"en_GB\" \/>\n<meta property=\"og:type\" content=\"article\" \/>\n<meta property=\"og:title\" content=\"OREZ BASMATI PREMIUM - INDUS Restaurant pakistanez\" \/>\n<meta property=\"og:description\" content=\"Orezul basmati premium, g\u0103tit cu ap\u0103, sare \u0219i unt de cocos, este important pe l\u00e2ng\u0103 orice fel principal pakistanez. Acest tip de orez este adus de echipa \u201dindus\u201d din sudul Asiei, de la baza mun\u021bilor Himalaya, de pe terasele de orez irigate cu ap\u0103 de r\u00e2u. Este considerat cel mai bun orez din lume datorit\u0103 [&hellip;]\" \/>\n<meta property=\"og:url\" content=\"https:\/\/indusrestaurant.ro\/en\/product\/orez-simplu\/\" \/>\n<meta property=\"og:site_name\" content=\"INDUS Restaurant pakistanez\" \/>\n<meta property=\"article:modified_time\" content=\"2026-03-04T13:04:21+00:00\" \/>\n<meta name=\"twitter:card\" content=\"summary_large_image\" \/>\n<meta name=\"twitter:label1\" content=\"Estimated reading time\" \/>\n\t<meta name=\"twitter:data1\" content=\"1 minute\" \/>\n<script type=\"application\/ld+json\" class=\"yoast-schema-graph\">{\"@context\":\"https:\\\/\\\/schema.org\",\"@graph\":[{\"@type\":\"WebPage\",\"@id\":\"https:\\\/\\\/indusrestaurant.ro\\\/product\\\/orez-simplu\\\/\",\"url\":\"https:\\\/\\\/indusrestaurant.ro\\\/product\\\/orez-simplu\\\/\",\"name\":\"OREZ BASMATI PREMIUM - INDUS Restaurant pakistanez\",\"isPartOf\":{\"@id\":\"https:\\\/\\\/indusrestaurant.ro\\\/#website\"},\"datePublished\":\"2025-08-28T14:36:11+00:00\",\"dateModified\":\"2026-03-04T13:04:21+00:00\",\"breadcrumb\":{\"@id\":\"https:\\\/\\\/indusrestaurant.ro\\\/product\\\/orez-simplu\\\/#breadcrumb\"},\"inLanguage\":\"en-GB\",\"potentialAction\":[{\"@type\":\"ReadAction\",\"target\":[\"https:\\\/\\\/indusrestaurant.ro\\\/product\\\/orez-simplu\\\/\"]}]},{\"@type\":\"BreadcrumbList\",\"@id\":\"https:\\\/\\\/indusrestaurant.ro\\\/product\\\/orez-simplu\\\/#breadcrumb\",\"itemListElement\":[{\"@type\":\"ListItem\",\"position\":1,\"name\":\"Home\",\"item\":\"https:\\\/\\\/indusrestaurant.ro\\\/\"},{\"@type\":\"ListItem\",\"position\":2,\"name\":\"Shop\",\"item\":\"https:\\\/\\\/indusrestaurant.ro\\\/shop\\\/\"},{\"@type\":\"ListItem\",\"position\":3,\"name\":\"OREZ BASMATI PREMIUM\"}]},{\"@type\":\"WebSite\",\"@id\":\"https:\\\/\\\/indusrestaurant.ro\\\/#website\",\"url\":\"https:\\\/\\\/indusrestaurant.ro\\\/\",\"name\":\"INDUS Restaurant pakistanez\",\"description\":\"Spice is life\",\"publisher\":{\"@id\":\"https:\\\/\\\/indusrestaurant.ro\\\/#organization\"},\"potentialAction\":[{\"@type\":\"SearchAction\",\"target\":{\"@type\":\"EntryPoint\",\"urlTemplate\":\"https:\\\/\\\/indusrestaurant.ro\\\/?s={search_term_string}\"},\"query-input\":{\"@type\":\"PropertyValueSpecification\",\"valueRequired\":true,\"valueName\":\"search_term_string\"}}],\"inLanguage\":\"en-GB\"},{\"@type\":\"Organization\",\"@id\":\"https:\\\/\\\/indusrestaurant.ro\\\/#organization\",\"name\":\"INDUS Restaurant pakistanez\",\"url\":\"https:\\\/\\\/indusrestaurant.ro\\\/\",\"logo\":{\"@type\":\"ImageObject\",\"inLanguage\":\"en-GB\",\"@id\":\"https:\\\/\\\/indusrestaurant.ro\\\/#\\\/schema\\\/logo\\\/image\\\/\",\"url\":\"https:\\\/\\\/indusrestaurant.ro\\\/wp-content\\\/uploads\\\/2025\\\/03\\\/logo-2-1.webp\",\"contentUrl\":\"https:\\\/\\\/indusrestaurant.ro\\\/wp-content\\\/uploads\\\/2025\\\/03\\\/logo-2-1.webp\",\"width\":614,\"height\":283,\"caption\":\"INDUS Restaurant pakistanez\"},\"image\":{\"@id\":\"https:\\\/\\\/indusrestaurant.ro\\\/#\\\/schema\\\/logo\\\/image\\\/\"}}]}<\/script>\n<!-- \/ Yoast SEO plugin. -->","yoast_head_json":{"title":"OREZ BASMATI PREMIUM - INDUS Restaurant pakistanez","robots":{"index":"index","follow":"follow","max-snippet":"max-snippet:-1","max-image-preview":"max-image-preview:large","max-video-preview":"max-video-preview:-1"},"canonical":"https:\/\/indusrestaurant.ro\/en\/product\/orez-simplu\/","og_locale":"en_GB","og_type":"article","og_title":"OREZ BASMATI PREMIUM - INDUS Restaurant pakistanez","og_description":"Orezul basmati premium, g\u0103tit cu ap\u0103, sare \u0219i unt de cocos, este important pe l\u00e2ng\u0103 orice fel principal pakistanez. Acest tip de orez este adus de echipa \u201dindus\u201d din sudul Asiei, de la baza mun\u021bilor Himalaya, de pe terasele de orez irigate cu ap\u0103 de r\u00e2u. Este considerat cel mai bun orez din lume datorit\u0103 [&hellip;]","og_url":"https:\/\/indusrestaurant.ro\/en\/product\/orez-simplu\/","og_site_name":"INDUS Restaurant pakistanez","article_modified_time":"2026-03-04T13:04:21+00:00","twitter_card":"summary_large_image","twitter_misc":{"Estimated reading time":"1 minute"},"schema":{"@context":"https:\/\/schema.org","@graph":[{"@type":"WebPage","@id":"https:\/\/indusrestaurant.ro\/product\/orez-simplu\/","url":"https:\/\/indusrestaurant.ro\/product\/orez-simplu\/","name":"OREZ BASMATI PREMIUM - INDUS Restaurant pakistanez","isPartOf":{"@id":"https:\/\/indusrestaurant.ro\/#website"},"datePublished":"2025-08-28T14:36:11+00:00","dateModified":"2026-03-04T13:04:21+00:00","breadcrumb":{"@id":"https:\/\/indusrestaurant.ro\/product\/orez-simplu\/#breadcrumb"},"inLanguage":"en-GB","potentialAction":[{"@type":"ReadAction","target":["https:\/\/indusrestaurant.ro\/product\/orez-simplu\/"]}]},{"@type":"BreadcrumbList","@id":"https:\/\/indusrestaurant.ro\/product\/orez-simplu\/#breadcrumb","itemListElement":[{"@type":"ListItem","position":1,"name":"Home","item":"https:\/\/indusrestaurant.ro\/"},{"@type":"ListItem","position":2,"name":"Shop","item":"https:\/\/indusrestaurant.ro\/shop\/"},{"@type":"ListItem","position":3,"name":"OREZ BASMATI PREMIUM"}]},{"@type":"WebSite","@id":"https:\/\/indusrestaurant.ro\/#website","url":"https:\/\/indusrestaurant.ro\/","name":"INDUS Restaurant pakistanez","description":"Spice is life","publisher":{"@id":"https:\/\/indusrestaurant.ro\/#organization"},"potentialAction":[{"@type":"SearchAction","target":{"@type":"EntryPoint","urlTemplate":"https:\/\/indusrestaurant.ro\/?s={search_term_string}"},"query-input":{"@type":"PropertyValueSpecification","valueRequired":true,"valueName":"search_term_string"}}],"inLanguage":"en-GB"},{"@type":"Organization","@id":"https:\/\/indusrestaurant.ro\/#organization","name":"INDUS Restaurant pakistanez","url":"https:\/\/indusrestaurant.ro\/","logo":{"@type":"ImageObject","inLanguage":"en-GB","@id":"https:\/\/indusrestaurant.ro\/#\/schema\/logo\/image\/","url":"https:\/\/indusrestaurant.ro\/wp-content\/uploads\/2025\/03\/logo-2-1.webp","contentUrl":"https:\/\/indusrestaurant.ro\/wp-content\/uploads\/2025\/03\/logo-2-1.webp","width":614,"height":283,"caption":"INDUS Restaurant pakistanez"},"image":{"@id":"https:\/\/indusrestaurant.ro\/#\/schema\/logo\/image\/"}}]}},"_links":{"self":[{"href":"https:\/\/indusrestaurant.ro\/en\/wp-json\/wp\/v2\/product\/619","targetHints":{"allow":["GET"]}}],"collection":[{"href":"https:\/\/indusrestaurant.ro\/en\/wp-json\/wp\/v2\/product"}],"about":[{"href":"https:\/\/indusrestaurant.ro\/en\/wp-json\/wp\/v2\/types\/product"}],"wp:attachment":[{"href":"https:\/\/indusrestaurant.ro\/en\/wp-json\/wp\/v2\/media?parent=619"}],"wp:term":[{"taxonomy":"product_brand","embeddable":true,"href":"https:\/\/indusrestaurant.ro\/en\/wp-json\/wp\/v2\/product_brand?post=619"},{"taxonomy":"product_cat","embeddable":true,"href":"https:\/\/indusrestaurant.ro\/en\/wp-json\/wp\/v2\/product_cat?post=619"},{"taxonomy":"product_tag","embeddable":true,"href":"https:\/\/indusrestaurant.ro\/en\/wp-json\/wp\/v2\/product_tag?post=619"}],"curies":[{"name":"wp","href":"https:\/\/api.w.org\/{rel}","templated":true}]}}