{"id":630,"date":"2025-08-28T14:46:04","date_gmt":"2025-08-28T14:46:04","guid":{"rendered":"https:\/\/indusrestaurant.ro\/?post_type=product&#038;p=630"},"modified":"2026-04-29T13:08:35","modified_gmt":"2026-04-29T13:08:35","slug":"halwa-desert","status":"publish","type":"product","link":"https:\/\/indusrestaurant.ro\/en\/product\/halwa-desert\/","title":{"rendered":"HALWA DESERT (budinc\u0103 de gri\u0219 cu unt \u0219i cardamom)"},"content":{"rendered":"<p>Budinc\u0103 de gri\u0219 copt pe uscat, \u00eembog\u0103\u021bit cu unt clarifiat, lapte \u0219i unt de ferm\u0103, cardamom proasp\u0103t m\u0103cinat, migdale \u0219i caju. Este un desert traditional \u00eent\u00e2lnit pe masa oric\u0103rei familii din Pakistan foarte des. 200g<\/p>","protected":false},"excerpt":{"rendered":"<p><strong><\/p>","protected":false},"featured_media":0,"template":"","meta":{"_acf_changed":false},"product_brand":[],"product_cat":[35],"product_tag":[],"class_list":{"0":"post-630","1":"product","2":"type-product","3":"status-publish","5":"product_cat-desert","7":"first","8":"instock","9":"shipping-taxable","10":"purchasable","11":"product-type-simple"},"acf":[],"yoast_head":"<!-- This site is optimized with the Yoast SEO plugin v27.5 - https:\/\/yoast.com\/product\/yoast-seo-wordpress\/ -->\n<title>HALWA DESERT (budinc\u0103 de gri\u0219 cu unt \u0219i cardamom) - INDUS Restaurant pakistanez<\/title>\n<meta name=\"robots\" content=\"index, follow, max-snippet:-1, max-image-preview:large, max-video-preview:-1\" \/>\n<link rel=\"canonical\" href=\"https:\/\/indusrestaurant.ro\/en\/product\/halwa-desert\/\" \/>\n<meta property=\"og:locale\" content=\"en_GB\" \/>\n<meta property=\"og:type\" content=\"article\" \/>\n<meta property=\"og:title\" content=\"HALWA DESERT (budinc\u0103 de gri\u0219 cu unt \u0219i cardamom) - INDUS Restaurant pakistanez\" \/>\n<meta property=\"og:url\" content=\"https:\/\/indusrestaurant.ro\/en\/product\/halwa-desert\/\" \/>\n<meta property=\"og:site_name\" content=\"INDUS Restaurant pakistanez\" \/>\n<meta property=\"article:modified_time\" content=\"2026-04-29T13:08:35+00:00\" \/>\n<meta name=\"twitter:card\" content=\"summary_large_image\" \/>\n<meta name=\"twitter:label1\" content=\"Estimated reading time\" \/>\n\t<meta name=\"twitter:data1\" content=\"1 minute\" \/>\n<script type=\"application\/ld+json\" class=\"yoast-schema-graph\">{\"@context\":\"https:\\\/\\\/schema.org\",\"@graph\":[{\"@type\":\"WebPage\",\"@id\":\"https:\\\/\\\/indusrestaurant.ro\\\/product\\\/halwa-desert\\\/\",\"url\":\"https:\\\/\\\/indusrestaurant.ro\\\/product\\\/halwa-desert\\\/\",\"name\":\"HALWA DESERT (budinc\u0103 de gri\u0219 cu unt \u0219i cardamom) - INDUS Restaurant pakistanez\",\"isPartOf\":{\"@id\":\"https:\\\/\\\/indusrestaurant.ro\\\/#website\"},\"datePublished\":\"2025-08-28T14:46:04+00:00\",\"dateModified\":\"2026-04-29T13:08:35+00:00\",\"breadcrumb\":{\"@id\":\"https:\\\/\\\/indusrestaurant.ro\\\/product\\\/halwa-desert\\\/#breadcrumb\"},\"inLanguage\":\"en-GB\",\"potentialAction\":[{\"@type\":\"ReadAction\",\"target\":[\"https:\\\/\\\/indusrestaurant.ro\\\/product\\\/halwa-desert\\\/\"]}]},{\"@type\":\"BreadcrumbList\",\"@id\":\"https:\\\/\\\/indusrestaurant.ro\\\/product\\\/halwa-desert\\\/#breadcrumb\",\"itemListElement\":[{\"@type\":\"ListItem\",\"position\":1,\"name\":\"Home\",\"item\":\"https:\\\/\\\/indusrestaurant.ro\\\/\"},{\"@type\":\"ListItem\",\"position\":2,\"name\":\"Shop\",\"item\":\"https:\\\/\\\/indusrestaurant.ro\\\/shop\\\/\"},{\"@type\":\"ListItem\",\"position\":3,\"name\":\"HALWA DESERT (budinc\u0103 de gri\u0219 cu unt \u0219i cardamom)\"}]},{\"@type\":\"WebSite\",\"@id\":\"https:\\\/\\\/indusrestaurant.ro\\\/#website\",\"url\":\"https:\\\/\\\/indusrestaurant.ro\\\/\",\"name\":\"INDUS Restaurant pakistanez\",\"description\":\"Spice is life\",\"publisher\":{\"@id\":\"https:\\\/\\\/indusrestaurant.ro\\\/#organization\"},\"potentialAction\":[{\"@type\":\"SearchAction\",\"target\":{\"@type\":\"EntryPoint\",\"urlTemplate\":\"https:\\\/\\\/indusrestaurant.ro\\\/?s={search_term_string}\"},\"query-input\":{\"@type\":\"PropertyValueSpecification\",\"valueRequired\":true,\"valueName\":\"search_term_string\"}}],\"inLanguage\":\"en-GB\"},{\"@type\":\"Organization\",\"@id\":\"https:\\\/\\\/indusrestaurant.ro\\\/#organization\",\"name\":\"INDUS Restaurant pakistanez\",\"url\":\"https:\\\/\\\/indusrestaurant.ro\\\/\",\"logo\":{\"@type\":\"ImageObject\",\"inLanguage\":\"en-GB\",\"@id\":\"https:\\\/\\\/indusrestaurant.ro\\\/#\\\/schema\\\/logo\\\/image\\\/\",\"url\":\"https:\\\/\\\/indusrestaurant.ro\\\/wp-content\\\/uploads\\\/2025\\\/03\\\/logo-2-1.webp\",\"contentUrl\":\"https:\\\/\\\/indusrestaurant.ro\\\/wp-content\\\/uploads\\\/2025\\\/03\\\/logo-2-1.webp\",\"width\":614,\"height\":283,\"caption\":\"INDUS Restaurant pakistanez\"},\"image\":{\"@id\":\"https:\\\/\\\/indusrestaurant.ro\\\/#\\\/schema\\\/logo\\\/image\\\/\"}}]}<\/script>\n<!-- \/ Yoast SEO plugin. -->","yoast_head_json":{"title":"HALWA DESERT (budinc\u0103 de gri\u0219 cu unt \u0219i cardamom) - INDUS Restaurant pakistanez","robots":{"index":"index","follow":"follow","max-snippet":"max-snippet:-1","max-image-preview":"max-image-preview:large","max-video-preview":"max-video-preview:-1"},"canonical":"https:\/\/indusrestaurant.ro\/en\/product\/halwa-desert\/","og_locale":"en_GB","og_type":"article","og_title":"HALWA DESERT (budinc\u0103 de gri\u0219 cu unt \u0219i cardamom) - INDUS Restaurant pakistanez","og_url":"https:\/\/indusrestaurant.ro\/en\/product\/halwa-desert\/","og_site_name":"INDUS Restaurant pakistanez","article_modified_time":"2026-04-29T13:08:35+00:00","twitter_card":"summary_large_image","twitter_misc":{"Estimated reading time":"1 minute"},"schema":{"@context":"https:\/\/schema.org","@graph":[{"@type":"WebPage","@id":"https:\/\/indusrestaurant.ro\/product\/halwa-desert\/","url":"https:\/\/indusrestaurant.ro\/product\/halwa-desert\/","name":"HALWA DESERT (budinc\u0103 de gri\u0219 cu unt \u0219i cardamom) - INDUS Restaurant pakistanez","isPartOf":{"@id":"https:\/\/indusrestaurant.ro\/#website"},"datePublished":"2025-08-28T14:46:04+00:00","dateModified":"2026-04-29T13:08:35+00:00","breadcrumb":{"@id":"https:\/\/indusrestaurant.ro\/product\/halwa-desert\/#breadcrumb"},"inLanguage":"en-GB","potentialAction":[{"@type":"ReadAction","target":["https:\/\/indusrestaurant.ro\/product\/halwa-desert\/"]}]},{"@type":"BreadcrumbList","@id":"https:\/\/indusrestaurant.ro\/product\/halwa-desert\/#breadcrumb","itemListElement":[{"@type":"ListItem","position":1,"name":"Home","item":"https:\/\/indusrestaurant.ro\/"},{"@type":"ListItem","position":2,"name":"Shop","item":"https:\/\/indusrestaurant.ro\/shop\/"},{"@type":"ListItem","position":3,"name":"HALWA DESERT (budinc\u0103 de gri\u0219 cu unt \u0219i cardamom)"}]},{"@type":"WebSite","@id":"https:\/\/indusrestaurant.ro\/#website","url":"https:\/\/indusrestaurant.ro\/","name":"INDUS Restaurant pakistanez","description":"Spice is life","publisher":{"@id":"https:\/\/indusrestaurant.ro\/#organization"},"potentialAction":[{"@type":"SearchAction","target":{"@type":"EntryPoint","urlTemplate":"https:\/\/indusrestaurant.ro\/?s={search_term_string}"},"query-input":{"@type":"PropertyValueSpecification","valueRequired":true,"valueName":"search_term_string"}}],"inLanguage":"en-GB"},{"@type":"Organization","@id":"https:\/\/indusrestaurant.ro\/#organization","name":"INDUS Restaurant pakistanez","url":"https:\/\/indusrestaurant.ro\/","logo":{"@type":"ImageObject","inLanguage":"en-GB","@id":"https:\/\/indusrestaurant.ro\/#\/schema\/logo\/image\/","url":"https:\/\/indusrestaurant.ro\/wp-content\/uploads\/2025\/03\/logo-2-1.webp","contentUrl":"https:\/\/indusrestaurant.ro\/wp-content\/uploads\/2025\/03\/logo-2-1.webp","width":614,"height":283,"caption":"INDUS Restaurant pakistanez"},"image":{"@id":"https:\/\/indusrestaurant.ro\/#\/schema\/logo\/image\/"}}]}},"_links":{"self":[{"href":"https:\/\/indusrestaurant.ro\/en\/wp-json\/wp\/v2\/product\/630","targetHints":{"allow":["GET"]}}],"collection":[{"href":"https:\/\/indusrestaurant.ro\/en\/wp-json\/wp\/v2\/product"}],"about":[{"href":"https:\/\/indusrestaurant.ro\/en\/wp-json\/wp\/v2\/types\/product"}],"wp:attachment":[{"href":"https:\/\/indusrestaurant.ro\/en\/wp-json\/wp\/v2\/media?parent=630"}],"wp:term":[{"taxonomy":"product_brand","embeddable":true,"href":"https:\/\/indusrestaurant.ro\/en\/wp-json\/wp\/v2\/product_brand?post=630"},{"taxonomy":"product_cat","embeddable":true,"href":"https:\/\/indusrestaurant.ro\/en\/wp-json\/wp\/v2\/product_cat?post=630"},{"taxonomy":"product_tag","embeddable":true,"href":"https:\/\/indusrestaurant.ro\/en\/wp-json\/wp\/v2\/product_tag?post=630"}],"curies":[{"name":"wp","href":"https:\/\/api.w.org\/{rel}","templated":true}]}}