{"id":639,"date":"2025-08-28T14:51:41","date_gmt":"2025-08-28T14:51:41","guid":{"rendered":"https:\/\/indusrestaurant.ro\/?post_type=product&#038;p=639"},"modified":"2026-03-06T20:25:54","modified_gmt":"2026-03-06T20:25:54","slug":"paratha","status":"publish","type":"product","link":"https:\/\/indusrestaurant.ro\/en\/product\/paratha\/","title":{"rendered":"PARATHA &#8211; lipie tradi\u021bional\u0103"},"content":{"rendered":"<p><em><strong>IMPORTANT! A se men\u021biona op\u021biunea pentru lipie cu unt din lapte! Aceasta este pr\u0103jit\u0103 \u00een unt de cocos dac\u0103 nu sunt transmise alte men\u021biuni. <\/strong><\/em><\/p>\n<p>Lipie tradi\u021bional\u0103 cu aluat necrescut din f\u0103in\u0103 integral\u0103, care se desface \u00een straturi foarte fine, datorit\u0103 modului de fr\u0103m\u00e2ntare, g\u0103tit\u0103 \u00een unt gras de ferm\u0103 la tigaie. Este potrivit\u0103 at\u00e2t pentru micul dejun, c\u00e2t \u0219i pentru pr\u00e2nz, al\u0103turi de orice preparat principal pakistanez. 90g<\/p>","protected":false},"excerpt":{"rendered":"<p>IMPORTANT! A se men\u021biona op\u021biunea pentru lipie cu unt din lapte! Aceasta este pr\u0103jit\u0103 \u00een unt de cocos dac\u0103 nu sunt transmise alte men\u021biuni. Lipie tradi\u021bional\u0103 cu aluat necrescut din f\u0103in\u0103 integral\u0103, care se desface \u00een straturi foarte fine, datorit\u0103 modului de fr\u0103m\u00e2ntare, g\u0103tit\u0103 \u00een unt gras de ferm\u0103 la tigaie. Este potrivit\u0103 at\u00e2t pentru [&hellip;]<\/p>\n","protected":false},"featured_media":0,"template":"","meta":{"_acf_changed":false},"product_brand":[],"product_cat":[37],"product_tag":[],"class_list":{"0":"post-639","1":"product","2":"type-product","3":"status-publish","5":"product_cat-paine","7":"first","8":"instock","9":"shipping-taxable","10":"purchasable","11":"product-type-simple"},"acf":[],"yoast_head":"<!-- This site is optimized with the Yoast SEO plugin v27.5 - https:\/\/yoast.com\/product\/yoast-seo-wordpress\/ -->\n<title>PARATHA - lipie tradi\u021bional\u0103 - INDUS Restaurant pakistanez<\/title>\n<meta name=\"robots\" content=\"index, follow, max-snippet:-1, max-image-preview:large, max-video-preview:-1\" \/>\n<link rel=\"canonical\" href=\"https:\/\/indusrestaurant.ro\/en\/product\/paratha\/\" \/>\n<meta property=\"og:locale\" content=\"en_GB\" \/>\n<meta property=\"og:type\" content=\"article\" \/>\n<meta property=\"og:title\" content=\"PARATHA - lipie tradi\u021bional\u0103 - INDUS Restaurant pakistanez\" \/>\n<meta property=\"og:description\" content=\"IMPORTANT! A se men\u021biona op\u021biunea pentru lipie cu unt din lapte! Aceasta este pr\u0103jit\u0103 \u00een unt de cocos dac\u0103 nu sunt transmise alte men\u021biuni. Lipie tradi\u021bional\u0103 cu aluat necrescut din f\u0103in\u0103 integral\u0103, care se desface \u00een straturi foarte fine, datorit\u0103 modului de fr\u0103m\u00e2ntare, g\u0103tit\u0103 \u00een unt gras de ferm\u0103 la tigaie. Este potrivit\u0103 at\u00e2t pentru [&hellip;]\" \/>\n<meta property=\"og:url\" content=\"https:\/\/indusrestaurant.ro\/en\/product\/paratha\/\" \/>\n<meta property=\"og:site_name\" content=\"INDUS Restaurant pakistanez\" \/>\n<meta property=\"article:modified_time\" content=\"2026-03-06T20:25:54+00:00\" \/>\n<meta name=\"twitter:card\" content=\"summary_large_image\" \/>\n<meta name=\"twitter:label1\" content=\"Estimated reading time\" \/>\n\t<meta name=\"twitter:data1\" content=\"1 minute\" \/>\n<script type=\"application\/ld+json\" class=\"yoast-schema-graph\">{\"@context\":\"https:\\\/\\\/schema.org\",\"@graph\":[{\"@type\":\"WebPage\",\"@id\":\"https:\\\/\\\/indusrestaurant.ro\\\/product\\\/paratha\\\/\",\"url\":\"https:\\\/\\\/indusrestaurant.ro\\\/product\\\/paratha\\\/\",\"name\":\"PARATHA - lipie tradi\u021bional\u0103 - INDUS Restaurant pakistanez\",\"isPartOf\":{\"@id\":\"https:\\\/\\\/indusrestaurant.ro\\\/#website\"},\"datePublished\":\"2025-08-28T14:51:41+00:00\",\"dateModified\":\"2026-03-06T20:25:54+00:00\",\"breadcrumb\":{\"@id\":\"https:\\\/\\\/indusrestaurant.ro\\\/product\\\/paratha\\\/#breadcrumb\"},\"inLanguage\":\"en-GB\",\"potentialAction\":[{\"@type\":\"ReadAction\",\"target\":[\"https:\\\/\\\/indusrestaurant.ro\\\/product\\\/paratha\\\/\"]}]},{\"@type\":\"BreadcrumbList\",\"@id\":\"https:\\\/\\\/indusrestaurant.ro\\\/product\\\/paratha\\\/#breadcrumb\",\"itemListElement\":[{\"@type\":\"ListItem\",\"position\":1,\"name\":\"Home\",\"item\":\"https:\\\/\\\/indusrestaurant.ro\\\/\"},{\"@type\":\"ListItem\",\"position\":2,\"name\":\"Shop\",\"item\":\"https:\\\/\\\/indusrestaurant.ro\\\/shop\\\/\"},{\"@type\":\"ListItem\",\"position\":3,\"name\":\"PARATHA &#8211; lipie tradi\u021bional\u0103\"}]},{\"@type\":\"WebSite\",\"@id\":\"https:\\\/\\\/indusrestaurant.ro\\\/#website\",\"url\":\"https:\\\/\\\/indusrestaurant.ro\\\/\",\"name\":\"INDUS Restaurant pakistanez\",\"description\":\"Spice is life\",\"publisher\":{\"@id\":\"https:\\\/\\\/indusrestaurant.ro\\\/#organization\"},\"potentialAction\":[{\"@type\":\"SearchAction\",\"target\":{\"@type\":\"EntryPoint\",\"urlTemplate\":\"https:\\\/\\\/indusrestaurant.ro\\\/?s={search_term_string}\"},\"query-input\":{\"@type\":\"PropertyValueSpecification\",\"valueRequired\":true,\"valueName\":\"search_term_string\"}}],\"inLanguage\":\"en-GB\"},{\"@type\":\"Organization\",\"@id\":\"https:\\\/\\\/indusrestaurant.ro\\\/#organization\",\"name\":\"INDUS Restaurant pakistanez\",\"url\":\"https:\\\/\\\/indusrestaurant.ro\\\/\",\"logo\":{\"@type\":\"ImageObject\",\"inLanguage\":\"en-GB\",\"@id\":\"https:\\\/\\\/indusrestaurant.ro\\\/#\\\/schema\\\/logo\\\/image\\\/\",\"url\":\"https:\\\/\\\/indusrestaurant.ro\\\/wp-content\\\/uploads\\\/2025\\\/03\\\/logo-2-1.webp\",\"contentUrl\":\"https:\\\/\\\/indusrestaurant.ro\\\/wp-content\\\/uploads\\\/2025\\\/03\\\/logo-2-1.webp\",\"width\":614,\"height\":283,\"caption\":\"INDUS Restaurant pakistanez\"},\"image\":{\"@id\":\"https:\\\/\\\/indusrestaurant.ro\\\/#\\\/schema\\\/logo\\\/image\\\/\"}}]}<\/script>\n<!-- \/ Yoast SEO plugin. -->","yoast_head_json":{"title":"PARATHA - lipie tradi\u021bional\u0103 - INDUS Restaurant pakistanez","robots":{"index":"index","follow":"follow","max-snippet":"max-snippet:-1","max-image-preview":"max-image-preview:large","max-video-preview":"max-video-preview:-1"},"canonical":"https:\/\/indusrestaurant.ro\/en\/product\/paratha\/","og_locale":"en_GB","og_type":"article","og_title":"PARATHA - lipie tradi\u021bional\u0103 - INDUS Restaurant pakistanez","og_description":"IMPORTANT! A se men\u021biona op\u021biunea pentru lipie cu unt din lapte! Aceasta este pr\u0103jit\u0103 \u00een unt de cocos dac\u0103 nu sunt transmise alte men\u021biuni. Lipie tradi\u021bional\u0103 cu aluat necrescut din f\u0103in\u0103 integral\u0103, care se desface \u00een straturi foarte fine, datorit\u0103 modului de fr\u0103m\u00e2ntare, g\u0103tit\u0103 \u00een unt gras de ferm\u0103 la tigaie. Este potrivit\u0103 at\u00e2t pentru [&hellip;]","og_url":"https:\/\/indusrestaurant.ro\/en\/product\/paratha\/","og_site_name":"INDUS Restaurant pakistanez","article_modified_time":"2026-03-06T20:25:54+00:00","twitter_card":"summary_large_image","twitter_misc":{"Estimated reading time":"1 minute"},"schema":{"@context":"https:\/\/schema.org","@graph":[{"@type":"WebPage","@id":"https:\/\/indusrestaurant.ro\/product\/paratha\/","url":"https:\/\/indusrestaurant.ro\/product\/paratha\/","name":"PARATHA - lipie tradi\u021bional\u0103 - INDUS Restaurant pakistanez","isPartOf":{"@id":"https:\/\/indusrestaurant.ro\/#website"},"datePublished":"2025-08-28T14:51:41+00:00","dateModified":"2026-03-06T20:25:54+00:00","breadcrumb":{"@id":"https:\/\/indusrestaurant.ro\/product\/paratha\/#breadcrumb"},"inLanguage":"en-GB","potentialAction":[{"@type":"ReadAction","target":["https:\/\/indusrestaurant.ro\/product\/paratha\/"]}]},{"@type":"BreadcrumbList","@id":"https:\/\/indusrestaurant.ro\/product\/paratha\/#breadcrumb","itemListElement":[{"@type":"ListItem","position":1,"name":"Home","item":"https:\/\/indusrestaurant.ro\/"},{"@type":"ListItem","position":2,"name":"Shop","item":"https:\/\/indusrestaurant.ro\/shop\/"},{"@type":"ListItem","position":3,"name":"PARATHA &#8211; lipie tradi\u021bional\u0103"}]},{"@type":"WebSite","@id":"https:\/\/indusrestaurant.ro\/#website","url":"https:\/\/indusrestaurant.ro\/","name":"INDUS Restaurant pakistanez","description":"Spice is life","publisher":{"@id":"https:\/\/indusrestaurant.ro\/#organization"},"potentialAction":[{"@type":"SearchAction","target":{"@type":"EntryPoint","urlTemplate":"https:\/\/indusrestaurant.ro\/?s={search_term_string}"},"query-input":{"@type":"PropertyValueSpecification","valueRequired":true,"valueName":"search_term_string"}}],"inLanguage":"en-GB"},{"@type":"Organization","@id":"https:\/\/indusrestaurant.ro\/#organization","name":"INDUS Restaurant pakistanez","url":"https:\/\/indusrestaurant.ro\/","logo":{"@type":"ImageObject","inLanguage":"en-GB","@id":"https:\/\/indusrestaurant.ro\/#\/schema\/logo\/image\/","url":"https:\/\/indusrestaurant.ro\/wp-content\/uploads\/2025\/03\/logo-2-1.webp","contentUrl":"https:\/\/indusrestaurant.ro\/wp-content\/uploads\/2025\/03\/logo-2-1.webp","width":614,"height":283,"caption":"INDUS Restaurant pakistanez"},"image":{"@id":"https:\/\/indusrestaurant.ro\/#\/schema\/logo\/image\/"}}]}},"_links":{"self":[{"href":"https:\/\/indusrestaurant.ro\/en\/wp-json\/wp\/v2\/product\/639","targetHints":{"allow":["GET"]}}],"collection":[{"href":"https:\/\/indusrestaurant.ro\/en\/wp-json\/wp\/v2\/product"}],"about":[{"href":"https:\/\/indusrestaurant.ro\/en\/wp-json\/wp\/v2\/types\/product"}],"wp:attachment":[{"href":"https:\/\/indusrestaurant.ro\/en\/wp-json\/wp\/v2\/media?parent=639"}],"wp:term":[{"taxonomy":"product_brand","embeddable":true,"href":"https:\/\/indusrestaurant.ro\/en\/wp-json\/wp\/v2\/product_brand?post=639"},{"taxonomy":"product_cat","embeddable":true,"href":"https:\/\/indusrestaurant.ro\/en\/wp-json\/wp\/v2\/product_cat?post=639"},{"taxonomy":"product_tag","embeddable":true,"href":"https:\/\/indusrestaurant.ro\/en\/wp-json\/wp\/v2\/product_tag?post=639"}],"curies":[{"name":"wp","href":"https:\/\/api.w.org\/{rel}","templated":true}]}}