{"id":641,"date":"2025-08-28T14:53:10","date_gmt":"2025-08-28T14:53:10","guid":{"rendered":"https:\/\/indusrestaurant.ro\/?post_type=product&#038;p=641"},"modified":"2026-04-21T07:07:56","modified_gmt":"2026-04-21T07:07:56","slug":"mango-lassi","status":"publish","type":"product","link":"https:\/\/indusrestaurant.ro\/en\/product\/mango-lassi\/","title":{"rendered":"MANGO LASSI"},"content":{"rendered":"<p>Un preparat de tip smoothie r\u0103coritor \u0219i cremos, cu pulp\u0103 de mango autentic din Pakistan, combinat\u0103 cu iaurt fin \u0219i cardamom proasp\u0103t m\u0103cinat. B\u0103utura surprinde echilibrul perfect \u00eentre dulcea\u021ba fructului \u0219i aroma delicat\u0103 a condimentului, oferind o experien\u021b\u0103 revigorant\u0103 \u0219i autentic\u0103, specific\u0103 buc\u0103t\u0103riei pakistaneze. 200ml<\/p>","protected":false},"excerpt":{"rendered":"<p>Un preparat de tip smoothie r\u0103coritor \u0219i cremos, cu pulp\u0103 de mango autentic din Pakistan, combinat\u0103 cu iaurt fin \u0219i cardamom proasp\u0103t m\u0103cinat. B\u0103utura surprinde echilibrul perfect \u00eentre dulcea\u021ba fructului \u0219i aroma delicat\u0103 a condimentului, oferind o experien\u021b\u0103 revigorant\u0103 \u0219i autentic\u0103, specific\u0103 buc\u0103t\u0103riei pakistaneze. 200ml<\/p>","protected":false},"featured_media":0,"template":"","meta":{"_acf_changed":false},"product_brand":[],"product_cat":[35,38],"product_tag":[],"class_list":{"0":"post-641","1":"product","2":"type-product","3":"status-publish","5":"product_cat-desert","6":"product_cat-drinks","8":"first","9":"instock","10":"shipping-taxable","11":"purchasable","12":"product-type-simple"},"acf":[],"yoast_head":"<!-- This site is optimized with the Yoast SEO plugin v27.5 - https:\/\/yoast.com\/product\/yoast-seo-wordpress\/ -->\n<title>MANGO LASSI - INDUS Restaurant pakistanez<\/title>\n<meta name=\"robots\" content=\"index, follow, max-snippet:-1, max-image-preview:large, max-video-preview:-1\" \/>\n<link rel=\"canonical\" href=\"https:\/\/indusrestaurant.ro\/en\/product\/mango-lassi\/\" \/>\n<meta property=\"og:locale\" content=\"en_GB\" \/>\n<meta property=\"og:type\" content=\"article\" \/>\n<meta property=\"og:title\" content=\"MANGO LASSI - INDUS Restaurant pakistanez\" \/>\n<meta property=\"og:description\" content=\"Un preparat de tip smoothie r\u0103coritor \u0219i cremos, cu pulp\u0103 de mango autentic din Pakistan, combinat\u0103 cu iaurt fin \u0219i cardamom proasp\u0103t m\u0103cinat. B\u0103utura surprinde echilibrul perfect \u00eentre dulcea\u021ba fructului \u0219i aroma delicat\u0103 a condimentului, oferind o experien\u021b\u0103 revigorant\u0103 \u0219i autentic\u0103, specific\u0103 buc\u0103t\u0103riei pakistaneze. 200ml\" \/>\n<meta property=\"og:url\" content=\"https:\/\/indusrestaurant.ro\/en\/product\/mango-lassi\/\" \/>\n<meta property=\"og:site_name\" content=\"INDUS Restaurant pakistanez\" \/>\n<meta property=\"article:modified_time\" content=\"2026-04-21T07:07:56+00:00\" \/>\n<meta name=\"twitter:card\" content=\"summary_large_image\" \/>\n<meta name=\"twitter:label1\" content=\"Estimated reading time\" \/>\n\t<meta name=\"twitter:data1\" content=\"1 minute\" \/>\n<script type=\"application\/ld+json\" class=\"yoast-schema-graph\">{\"@context\":\"https:\\\/\\\/schema.org\",\"@graph\":[{\"@type\":\"WebPage\",\"@id\":\"https:\\\/\\\/indusrestaurant.ro\\\/product\\\/mango-lassi\\\/\",\"url\":\"https:\\\/\\\/indusrestaurant.ro\\\/product\\\/mango-lassi\\\/\",\"name\":\"MANGO LASSI - INDUS Restaurant pakistanez\",\"isPartOf\":{\"@id\":\"https:\\\/\\\/indusrestaurant.ro\\\/#website\"},\"datePublished\":\"2025-08-28T14:53:10+00:00\",\"dateModified\":\"2026-04-21T07:07:56+00:00\",\"breadcrumb\":{\"@id\":\"https:\\\/\\\/indusrestaurant.ro\\\/product\\\/mango-lassi\\\/#breadcrumb\"},\"inLanguage\":\"en-GB\",\"potentialAction\":[{\"@type\":\"ReadAction\",\"target\":[\"https:\\\/\\\/indusrestaurant.ro\\\/product\\\/mango-lassi\\\/\"]}]},{\"@type\":\"BreadcrumbList\",\"@id\":\"https:\\\/\\\/indusrestaurant.ro\\\/product\\\/mango-lassi\\\/#breadcrumb\",\"itemListElement\":[{\"@type\":\"ListItem\",\"position\":1,\"name\":\"Home\",\"item\":\"https:\\\/\\\/indusrestaurant.ro\\\/\"},{\"@type\":\"ListItem\",\"position\":2,\"name\":\"Shop\",\"item\":\"https:\\\/\\\/indusrestaurant.ro\\\/shop\\\/\"},{\"@type\":\"ListItem\",\"position\":3,\"name\":\"MANGO LASSI\"}]},{\"@type\":\"WebSite\",\"@id\":\"https:\\\/\\\/indusrestaurant.ro\\\/#website\",\"url\":\"https:\\\/\\\/indusrestaurant.ro\\\/\",\"name\":\"INDUS Restaurant pakistanez\",\"description\":\"Spice is life\",\"publisher\":{\"@id\":\"https:\\\/\\\/indusrestaurant.ro\\\/#organization\"},\"potentialAction\":[{\"@type\":\"SearchAction\",\"target\":{\"@type\":\"EntryPoint\",\"urlTemplate\":\"https:\\\/\\\/indusrestaurant.ro\\\/?s={search_term_string}\"},\"query-input\":{\"@type\":\"PropertyValueSpecification\",\"valueRequired\":true,\"valueName\":\"search_term_string\"}}],\"inLanguage\":\"en-GB\"},{\"@type\":\"Organization\",\"@id\":\"https:\\\/\\\/indusrestaurant.ro\\\/#organization\",\"name\":\"INDUS Restaurant pakistanez\",\"url\":\"https:\\\/\\\/indusrestaurant.ro\\\/\",\"logo\":{\"@type\":\"ImageObject\",\"inLanguage\":\"en-GB\",\"@id\":\"https:\\\/\\\/indusrestaurant.ro\\\/#\\\/schema\\\/logo\\\/image\\\/\",\"url\":\"https:\\\/\\\/indusrestaurant.ro\\\/wp-content\\\/uploads\\\/2025\\\/03\\\/logo-2-1.webp\",\"contentUrl\":\"https:\\\/\\\/indusrestaurant.ro\\\/wp-content\\\/uploads\\\/2025\\\/03\\\/logo-2-1.webp\",\"width\":614,\"height\":283,\"caption\":\"INDUS Restaurant pakistanez\"},\"image\":{\"@id\":\"https:\\\/\\\/indusrestaurant.ro\\\/#\\\/schema\\\/logo\\\/image\\\/\"}}]}<\/script>\n<!-- \/ Yoast SEO plugin. -->","yoast_head_json":{"title":"MANGO LASSI - INDUS Restaurant pakistanez","robots":{"index":"index","follow":"follow","max-snippet":"max-snippet:-1","max-image-preview":"max-image-preview:large","max-video-preview":"max-video-preview:-1"},"canonical":"https:\/\/indusrestaurant.ro\/en\/product\/mango-lassi\/","og_locale":"en_GB","og_type":"article","og_title":"MANGO LASSI - INDUS Restaurant pakistanez","og_description":"Un preparat de tip smoothie r\u0103coritor \u0219i cremos, cu pulp\u0103 de mango autentic din Pakistan, combinat\u0103 cu iaurt fin \u0219i cardamom proasp\u0103t m\u0103cinat. B\u0103utura surprinde echilibrul perfect \u00eentre dulcea\u021ba fructului \u0219i aroma delicat\u0103 a condimentului, oferind o experien\u021b\u0103 revigorant\u0103 \u0219i autentic\u0103, specific\u0103 buc\u0103t\u0103riei pakistaneze. 200ml","og_url":"https:\/\/indusrestaurant.ro\/en\/product\/mango-lassi\/","og_site_name":"INDUS Restaurant pakistanez","article_modified_time":"2026-04-21T07:07:56+00:00","twitter_card":"summary_large_image","twitter_misc":{"Estimated reading time":"1 minute"},"schema":{"@context":"https:\/\/schema.org","@graph":[{"@type":"WebPage","@id":"https:\/\/indusrestaurant.ro\/product\/mango-lassi\/","url":"https:\/\/indusrestaurant.ro\/product\/mango-lassi\/","name":"MANGO LASSI - INDUS Restaurant pakistanez","isPartOf":{"@id":"https:\/\/indusrestaurant.ro\/#website"},"datePublished":"2025-08-28T14:53:10+00:00","dateModified":"2026-04-21T07:07:56+00:00","breadcrumb":{"@id":"https:\/\/indusrestaurant.ro\/product\/mango-lassi\/#breadcrumb"},"inLanguage":"en-GB","potentialAction":[{"@type":"ReadAction","target":["https:\/\/indusrestaurant.ro\/product\/mango-lassi\/"]}]},{"@type":"BreadcrumbList","@id":"https:\/\/indusrestaurant.ro\/product\/mango-lassi\/#breadcrumb","itemListElement":[{"@type":"ListItem","position":1,"name":"Home","item":"https:\/\/indusrestaurant.ro\/"},{"@type":"ListItem","position":2,"name":"Shop","item":"https:\/\/indusrestaurant.ro\/shop\/"},{"@type":"ListItem","position":3,"name":"MANGO LASSI"}]},{"@type":"WebSite","@id":"https:\/\/indusrestaurant.ro\/#website","url":"https:\/\/indusrestaurant.ro\/","name":"INDUS Restaurant pakistanez","description":"Spice is life","publisher":{"@id":"https:\/\/indusrestaurant.ro\/#organization"},"potentialAction":[{"@type":"SearchAction","target":{"@type":"EntryPoint","urlTemplate":"https:\/\/indusrestaurant.ro\/?s={search_term_string}"},"query-input":{"@type":"PropertyValueSpecification","valueRequired":true,"valueName":"search_term_string"}}],"inLanguage":"en-GB"},{"@type":"Organization","@id":"https:\/\/indusrestaurant.ro\/#organization","name":"INDUS Restaurant pakistanez","url":"https:\/\/indusrestaurant.ro\/","logo":{"@type":"ImageObject","inLanguage":"en-GB","@id":"https:\/\/indusrestaurant.ro\/#\/schema\/logo\/image\/","url":"https:\/\/indusrestaurant.ro\/wp-content\/uploads\/2025\/03\/logo-2-1.webp","contentUrl":"https:\/\/indusrestaurant.ro\/wp-content\/uploads\/2025\/03\/logo-2-1.webp","width":614,"height":283,"caption":"INDUS Restaurant pakistanez"},"image":{"@id":"https:\/\/indusrestaurant.ro\/#\/schema\/logo\/image\/"}}]}},"_links":{"self":[{"href":"https:\/\/indusrestaurant.ro\/en\/wp-json\/wp\/v2\/product\/641","targetHints":{"allow":["GET"]}}],"collection":[{"href":"https:\/\/indusrestaurant.ro\/en\/wp-json\/wp\/v2\/product"}],"about":[{"href":"https:\/\/indusrestaurant.ro\/en\/wp-json\/wp\/v2\/types\/product"}],"wp:attachment":[{"href":"https:\/\/indusrestaurant.ro\/en\/wp-json\/wp\/v2\/media?parent=641"}],"wp:term":[{"taxonomy":"product_brand","embeddable":true,"href":"https:\/\/indusrestaurant.ro\/en\/wp-json\/wp\/v2\/product_brand?post=641"},{"taxonomy":"product_cat","embeddable":true,"href":"https:\/\/indusrestaurant.ro\/en\/wp-json\/wp\/v2\/product_cat?post=641"},{"taxonomy":"product_tag","embeddable":true,"href":"https:\/\/indusrestaurant.ro\/en\/wp-json\/wp\/v2\/product_tag?post=641"}],"curies":[{"name":"wp","href":"https:\/\/api.w.org\/{rel}","templated":true}]}}