{"id":643,"date":"2025-08-28T14:54:07","date_gmt":"2025-08-28T14:54:07","guid":{"rendered":"https:\/\/indusrestaurant.ro\/?post_type=product&#038;p=643"},"modified":"2026-04-15T08:44:50","modified_gmt":"2026-04-15T08:44:50","slug":"milk-chai","status":"publish","type":"product","link":"https:\/\/indusrestaurant.ro\/en\/product\/milk-chai\/","title":{"rendered":"MILK CHAI"},"content":{"rendered":"<p>Un preparat clasic, cu ceai negru intens fiert \u00een lapte, consumat tradi\u021bional de pakistanezi de mai multe ori pe zi, \u00een diverse contexte sociale. Aroma simpl\u0103 \u0219i reconfortant\u0103 a ceaiului se combin\u0103 cu dulcea\u021ba u\u0219oar\u0103 a laptelui, oferind o experien\u021b\u0103 familiar\u0103 \u0219i pl\u0103cut\u0103, autentic\u0103 pentru cultura pakistanez\u0103. 200ml<\/p>","protected":false},"excerpt":{"rendered":"<p>Un preparat clasic, cu ceai negru intens fiert \u00een lapte, consumat tradi\u021bional de pakistanezi de mai multe ori pe zi, \u00een diverse contexte sociale. Aroma simpl\u0103 \u0219i reconfortant\u0103 a ceaiului se combin\u0103 cu dulcea\u021ba u\u0219oar\u0103 a laptelui, oferind o experien\u021b\u0103 familiar\u0103 \u0219i pl\u0103cut\u0103, autentic\u0103 pentru cultura pakistanez\u0103. 200ml<\/p>","protected":false},"featured_media":0,"template":"","meta":{"_acf_changed":false},"product_brand":[],"product_cat":[38],"product_tag":[],"class_list":{"0":"post-643","1":"product","2":"type-product","3":"status-publish","5":"product_cat-drinks","7":"first","8":"instock","9":"shipping-taxable","10":"purchasable","11":"product-type-simple"},"acf":[],"yoast_head":"<!-- This site is optimized with the Yoast SEO plugin v27.5 - https:\/\/yoast.com\/product\/yoast-seo-wordpress\/ -->\n<title>MILK CHAI - INDUS Restaurant pakistanez<\/title>\n<meta name=\"robots\" content=\"index, follow, max-snippet:-1, max-image-preview:large, max-video-preview:-1\" \/>\n<link rel=\"canonical\" href=\"https:\/\/indusrestaurant.ro\/en\/product\/milk-chai\/\" \/>\n<meta property=\"og:locale\" content=\"en_GB\" \/>\n<meta property=\"og:type\" content=\"article\" \/>\n<meta property=\"og:title\" content=\"MILK CHAI - INDUS Restaurant pakistanez\" \/>\n<meta property=\"og:description\" content=\"Un preparat clasic, cu ceai negru intens fiert \u00een lapte, consumat tradi\u021bional de pakistanezi de mai multe ori pe zi, \u00een diverse contexte sociale. Aroma simpl\u0103 \u0219i reconfortant\u0103 a ceaiului se combin\u0103 cu dulcea\u021ba u\u0219oar\u0103 a laptelui, oferind o experien\u021b\u0103 familiar\u0103 \u0219i pl\u0103cut\u0103, autentic\u0103 pentru cultura pakistanez\u0103. 200ml\" \/>\n<meta property=\"og:url\" content=\"https:\/\/indusrestaurant.ro\/en\/product\/milk-chai\/\" \/>\n<meta property=\"og:site_name\" content=\"INDUS Restaurant pakistanez\" \/>\n<meta property=\"article:modified_time\" content=\"2026-04-15T08:44:50+00:00\" \/>\n<meta name=\"twitter:card\" content=\"summary_large_image\" \/>\n<meta name=\"twitter:label1\" content=\"Estimated reading time\" \/>\n\t<meta name=\"twitter:data1\" content=\"1 minute\" \/>\n<script type=\"application\/ld+json\" class=\"yoast-schema-graph\">{\"@context\":\"https:\\\/\\\/schema.org\",\"@graph\":[{\"@type\":\"WebPage\",\"@id\":\"https:\\\/\\\/indusrestaurant.ro\\\/product\\\/milk-chai\\\/\",\"url\":\"https:\\\/\\\/indusrestaurant.ro\\\/product\\\/milk-chai\\\/\",\"name\":\"MILK CHAI - INDUS Restaurant pakistanez\",\"isPartOf\":{\"@id\":\"https:\\\/\\\/indusrestaurant.ro\\\/#website\"},\"datePublished\":\"2025-08-28T14:54:07+00:00\",\"dateModified\":\"2026-04-15T08:44:50+00:00\",\"breadcrumb\":{\"@id\":\"https:\\\/\\\/indusrestaurant.ro\\\/product\\\/milk-chai\\\/#breadcrumb\"},\"inLanguage\":\"en-GB\",\"potentialAction\":[{\"@type\":\"ReadAction\",\"target\":[\"https:\\\/\\\/indusrestaurant.ro\\\/product\\\/milk-chai\\\/\"]}]},{\"@type\":\"BreadcrumbList\",\"@id\":\"https:\\\/\\\/indusrestaurant.ro\\\/product\\\/milk-chai\\\/#breadcrumb\",\"itemListElement\":[{\"@type\":\"ListItem\",\"position\":1,\"name\":\"Home\",\"item\":\"https:\\\/\\\/indusrestaurant.ro\\\/\"},{\"@type\":\"ListItem\",\"position\":2,\"name\":\"Shop\",\"item\":\"https:\\\/\\\/indusrestaurant.ro\\\/shop\\\/\"},{\"@type\":\"ListItem\",\"position\":3,\"name\":\"MILK CHAI\"}]},{\"@type\":\"WebSite\",\"@id\":\"https:\\\/\\\/indusrestaurant.ro\\\/#website\",\"url\":\"https:\\\/\\\/indusrestaurant.ro\\\/\",\"name\":\"INDUS Restaurant pakistanez\",\"description\":\"Spice is life\",\"publisher\":{\"@id\":\"https:\\\/\\\/indusrestaurant.ro\\\/#organization\"},\"potentialAction\":[{\"@type\":\"SearchAction\",\"target\":{\"@type\":\"EntryPoint\",\"urlTemplate\":\"https:\\\/\\\/indusrestaurant.ro\\\/?s={search_term_string}\"},\"query-input\":{\"@type\":\"PropertyValueSpecification\",\"valueRequired\":true,\"valueName\":\"search_term_string\"}}],\"inLanguage\":\"en-GB\"},{\"@type\":\"Organization\",\"@id\":\"https:\\\/\\\/indusrestaurant.ro\\\/#organization\",\"name\":\"INDUS Restaurant pakistanez\",\"url\":\"https:\\\/\\\/indusrestaurant.ro\\\/\",\"logo\":{\"@type\":\"ImageObject\",\"inLanguage\":\"en-GB\",\"@id\":\"https:\\\/\\\/indusrestaurant.ro\\\/#\\\/schema\\\/logo\\\/image\\\/\",\"url\":\"https:\\\/\\\/indusrestaurant.ro\\\/wp-content\\\/uploads\\\/2025\\\/03\\\/logo-2-1.webp\",\"contentUrl\":\"https:\\\/\\\/indusrestaurant.ro\\\/wp-content\\\/uploads\\\/2025\\\/03\\\/logo-2-1.webp\",\"width\":614,\"height\":283,\"caption\":\"INDUS Restaurant pakistanez\"},\"image\":{\"@id\":\"https:\\\/\\\/indusrestaurant.ro\\\/#\\\/schema\\\/logo\\\/image\\\/\"}}]}<\/script>\n<!-- \/ Yoast SEO plugin. -->","yoast_head_json":{"title":"MILK CHAI - INDUS Restaurant pakistanez","robots":{"index":"index","follow":"follow","max-snippet":"max-snippet:-1","max-image-preview":"max-image-preview:large","max-video-preview":"max-video-preview:-1"},"canonical":"https:\/\/indusrestaurant.ro\/en\/product\/milk-chai\/","og_locale":"en_GB","og_type":"article","og_title":"MILK CHAI - INDUS Restaurant pakistanez","og_description":"Un preparat clasic, cu ceai negru intens fiert \u00een lapte, consumat tradi\u021bional de pakistanezi de mai multe ori pe zi, \u00een diverse contexte sociale. Aroma simpl\u0103 \u0219i reconfortant\u0103 a ceaiului se combin\u0103 cu dulcea\u021ba u\u0219oar\u0103 a laptelui, oferind o experien\u021b\u0103 familiar\u0103 \u0219i pl\u0103cut\u0103, autentic\u0103 pentru cultura pakistanez\u0103. 200ml","og_url":"https:\/\/indusrestaurant.ro\/en\/product\/milk-chai\/","og_site_name":"INDUS Restaurant pakistanez","article_modified_time":"2026-04-15T08:44:50+00:00","twitter_card":"summary_large_image","twitter_misc":{"Estimated reading time":"1 minute"},"schema":{"@context":"https:\/\/schema.org","@graph":[{"@type":"WebPage","@id":"https:\/\/indusrestaurant.ro\/product\/milk-chai\/","url":"https:\/\/indusrestaurant.ro\/product\/milk-chai\/","name":"MILK CHAI - INDUS Restaurant pakistanez","isPartOf":{"@id":"https:\/\/indusrestaurant.ro\/#website"},"datePublished":"2025-08-28T14:54:07+00:00","dateModified":"2026-04-15T08:44:50+00:00","breadcrumb":{"@id":"https:\/\/indusrestaurant.ro\/product\/milk-chai\/#breadcrumb"},"inLanguage":"en-GB","potentialAction":[{"@type":"ReadAction","target":["https:\/\/indusrestaurant.ro\/product\/milk-chai\/"]}]},{"@type":"BreadcrumbList","@id":"https:\/\/indusrestaurant.ro\/product\/milk-chai\/#breadcrumb","itemListElement":[{"@type":"ListItem","position":1,"name":"Home","item":"https:\/\/indusrestaurant.ro\/"},{"@type":"ListItem","position":2,"name":"Shop","item":"https:\/\/indusrestaurant.ro\/shop\/"},{"@type":"ListItem","position":3,"name":"MILK CHAI"}]},{"@type":"WebSite","@id":"https:\/\/indusrestaurant.ro\/#website","url":"https:\/\/indusrestaurant.ro\/","name":"INDUS Restaurant pakistanez","description":"Spice is life","publisher":{"@id":"https:\/\/indusrestaurant.ro\/#organization"},"potentialAction":[{"@type":"SearchAction","target":{"@type":"EntryPoint","urlTemplate":"https:\/\/indusrestaurant.ro\/?s={search_term_string}"},"query-input":{"@type":"PropertyValueSpecification","valueRequired":true,"valueName":"search_term_string"}}],"inLanguage":"en-GB"},{"@type":"Organization","@id":"https:\/\/indusrestaurant.ro\/#organization","name":"INDUS Restaurant pakistanez","url":"https:\/\/indusrestaurant.ro\/","logo":{"@type":"ImageObject","inLanguage":"en-GB","@id":"https:\/\/indusrestaurant.ro\/#\/schema\/logo\/image\/","url":"https:\/\/indusrestaurant.ro\/wp-content\/uploads\/2025\/03\/logo-2-1.webp","contentUrl":"https:\/\/indusrestaurant.ro\/wp-content\/uploads\/2025\/03\/logo-2-1.webp","width":614,"height":283,"caption":"INDUS Restaurant pakistanez"},"image":{"@id":"https:\/\/indusrestaurant.ro\/#\/schema\/logo\/image\/"}}]}},"_links":{"self":[{"href":"https:\/\/indusrestaurant.ro\/en\/wp-json\/wp\/v2\/product\/643","targetHints":{"allow":["GET"]}}],"collection":[{"href":"https:\/\/indusrestaurant.ro\/en\/wp-json\/wp\/v2\/product"}],"about":[{"href":"https:\/\/indusrestaurant.ro\/en\/wp-json\/wp\/v2\/types\/product"}],"wp:attachment":[{"href":"https:\/\/indusrestaurant.ro\/en\/wp-json\/wp\/v2\/media?parent=643"}],"wp:term":[{"taxonomy":"product_brand","embeddable":true,"href":"https:\/\/indusrestaurant.ro\/en\/wp-json\/wp\/v2\/product_brand?post=643"},{"taxonomy":"product_cat","embeddable":true,"href":"https:\/\/indusrestaurant.ro\/en\/wp-json\/wp\/v2\/product_cat?post=643"},{"taxonomy":"product_tag","embeddable":true,"href":"https:\/\/indusrestaurant.ro\/en\/wp-json\/wp\/v2\/product_tag?post=643"}],"curies":[{"name":"wp","href":"https:\/\/api.w.org\/{rel}","templated":true}]}}