{"id":904,"date":"2025-09-30T17:07:18","date_gmt":"2025-09-30T17:07:18","guid":{"rendered":"https:\/\/indusrestaurant.ro\/?post_type=product&#038;p=904"},"modified":"2026-02-24T19:17:03","modified_gmt":"2026-02-24T19:17:03","slug":"fire-bowl-chicken-masala-orez-basmati","status":"publish","type":"product","link":"https:\/\/indusrestaurant.ro\/en\/product\/fire-bowl-chicken-masala-orez-basmati\/","title":{"rendered":"Fire Bowl \u2013 Tikka Masala &#038; Orez Basmati"},"content":{"rendered":"<p>O reinterpretare fresh a clasicului Tikka Masala, servit ca street food s\u0103n\u0103tos. Pieptul de pui fraged, marinat 12 ore \u00een iaurt cu condimente autentice, apoi g\u0103tit \u00een cuptor, e sc\u0103ldat \u00eentr-un sos sc\u0103zut timp de 12 ore, ce con\u021bine ro\u0219ii, sm\u00e2nt\u00e2n\u0103 de ferm\u0103, coriandru, chimion, cardamom, cui\u0219oare, scor\u021bi\u0219oar\u0103, nuc\u0219oar\u0103, piper negru, turmeric, paprika \u0219i chilli, \u0219i acompaniate de orez basmati premium perfect fiert. Gustul intens \u0219i bogat te poart\u0103 direct \u00een inima Pakistanului, oferind un echilibru \u00eentre cremozitate \u0219i condimentele autentice.<\/p>\n<p><b>Ingrediente:<\/b> piept de pui, orez basmati, ro\u0219ii, ceap\u0103, sm\u00e2nt\u00e2n\u0103, iaurt, ulei de m\u0103sline, ulei de floarea soarelui, coriandru, chimion, cardamom, cui\u0219oare, scor\u021bi\u0219oar\u0103, nuc\u0219oar\u0103, fenicul, piper negru, turmeric, paprika, chilli, usturoi, sare.<\/p>\n<p><b>Valori nutri\u021bionale:<\/b> 540 kcal, 35g proteine, 55g carbohidra\u021bi, 22g gr\u0103simi, 5g fibre<\/p>\n<p><b>Alergeni:<\/b> sm\u00e2nt\u00e2n\u0103, unt (produse lactate), scor\u021bi\u0219oar\u0103.<\/p>\n<p><b>Nivel de iu\u021beal\u0103: <\/b>ridicat<\/p>\n<p>(450g)<\/p>","protected":false},"excerpt":{"rendered":"<p>O reinterpretare fresh a clasicului Tikka Masala, servit ca street food s\u0103n\u0103tos. Pieptul de pui fraged, marinat 12 ore \u00een iaurt cu condimente autentice, apoi g\u0103tit \u00een cuptor, e sc\u0103ldat \u00eentr-un sos sc\u0103zut timp de 12 ore, ce con\u021bine ro\u0219ii, sm\u00e2nt\u00e2n\u0103 de ferm\u0103, coriandru, chimion, cardamom, cui\u0219oare, scor\u021bi\u0219oar\u0103, nuc\u0219oar\u0103, piper negru, turmeric, paprika \u0219i chilli, [&hellip;]<\/p>\n","protected":false},"featured_media":0,"template":"","meta":{"_acf_changed":false},"product_brand":[],"product_cat":[41],"product_tag":[],"class_list":{"0":"post-904","1":"product","2":"type-product","3":"status-publish","5":"product_cat-streetfood","7":"first","8":"instock","9":"shipping-taxable","10":"purchasable","11":"product-type-simple"},"acf":[],"yoast_head":"<!-- This site is optimized with the Yoast SEO plugin v27.5 - https:\/\/yoast.com\/product\/yoast-seo-wordpress\/ -->\n<title>Fire Bowl \u2013 Tikka Masala &amp; Orez Basmati - INDUS Restaurant pakistanez<\/title>\n<meta name=\"robots\" content=\"index, follow, max-snippet:-1, max-image-preview:large, max-video-preview:-1\" \/>\n<link rel=\"canonical\" href=\"https:\/\/indusrestaurant.ro\/en\/product\/fire-bowl-chicken-masala-orez-basmati\/\" \/>\n<meta property=\"og:locale\" content=\"en_GB\" \/>\n<meta property=\"og:type\" content=\"article\" \/>\n<meta property=\"og:title\" content=\"Fire Bowl \u2013 Tikka Masala &amp; Orez Basmati - INDUS Restaurant pakistanez\" \/>\n<meta property=\"og:description\" content=\"O reinterpretare fresh a clasicului Tikka Masala, servit ca street food s\u0103n\u0103tos. Pieptul de pui fraged, marinat 12 ore \u00een iaurt cu condimente autentice, apoi g\u0103tit \u00een cuptor, e sc\u0103ldat \u00eentr-un sos sc\u0103zut timp de 12 ore, ce con\u021bine ro\u0219ii, sm\u00e2nt\u00e2n\u0103 de ferm\u0103, coriandru, chimion, cardamom, cui\u0219oare, scor\u021bi\u0219oar\u0103, nuc\u0219oar\u0103, piper negru, turmeric, paprika \u0219i chilli, [&hellip;]\" \/>\n<meta property=\"og:url\" content=\"https:\/\/indusrestaurant.ro\/en\/product\/fire-bowl-chicken-masala-orez-basmati\/\" \/>\n<meta property=\"og:site_name\" content=\"INDUS Restaurant pakistanez\" \/>\n<meta property=\"article:modified_time\" content=\"2026-02-24T19:17:03+00:00\" \/>\n<meta name=\"twitter:card\" content=\"summary_large_image\" \/>\n<meta name=\"twitter:label1\" content=\"Estimated reading time\" \/>\n\t<meta name=\"twitter:data1\" content=\"1 minute\" \/>\n<script type=\"application\/ld+json\" class=\"yoast-schema-graph\">{\"@context\":\"https:\\\/\\\/schema.org\",\"@graph\":[{\"@type\":\"WebPage\",\"@id\":\"https:\\\/\\\/indusrestaurant.ro\\\/product\\\/fire-bowl-chicken-masala-orez-basmati\\\/\",\"url\":\"https:\\\/\\\/indusrestaurant.ro\\\/product\\\/fire-bowl-chicken-masala-orez-basmati\\\/\",\"name\":\"Fire Bowl \u2013 Tikka Masala & Orez Basmati - INDUS Restaurant pakistanez\",\"isPartOf\":{\"@id\":\"https:\\\/\\\/indusrestaurant.ro\\\/#website\"},\"datePublished\":\"2025-09-30T17:07:18+00:00\",\"dateModified\":\"2026-02-24T19:17:03+00:00\",\"breadcrumb\":{\"@id\":\"https:\\\/\\\/indusrestaurant.ro\\\/product\\\/fire-bowl-chicken-masala-orez-basmati\\\/#breadcrumb\"},\"inLanguage\":\"en-GB\",\"potentialAction\":[{\"@type\":\"ReadAction\",\"target\":[\"https:\\\/\\\/indusrestaurant.ro\\\/product\\\/fire-bowl-chicken-masala-orez-basmati\\\/\"]}]},{\"@type\":\"BreadcrumbList\",\"@id\":\"https:\\\/\\\/indusrestaurant.ro\\\/product\\\/fire-bowl-chicken-masala-orez-basmati\\\/#breadcrumb\",\"itemListElement\":[{\"@type\":\"ListItem\",\"position\":1,\"name\":\"Home\",\"item\":\"https:\\\/\\\/indusrestaurant.ro\\\/\"},{\"@type\":\"ListItem\",\"position\":2,\"name\":\"Shop\",\"item\":\"https:\\\/\\\/indusrestaurant.ro\\\/shop\\\/\"},{\"@type\":\"ListItem\",\"position\":3,\"name\":\"Fire Bowl \u2013 Tikka Masala &#038; Orez Basmati\"}]},{\"@type\":\"WebSite\",\"@id\":\"https:\\\/\\\/indusrestaurant.ro\\\/#website\",\"url\":\"https:\\\/\\\/indusrestaurant.ro\\\/\",\"name\":\"INDUS Restaurant pakistanez\",\"description\":\"Spice is life\",\"publisher\":{\"@id\":\"https:\\\/\\\/indusrestaurant.ro\\\/#organization\"},\"potentialAction\":[{\"@type\":\"SearchAction\",\"target\":{\"@type\":\"EntryPoint\",\"urlTemplate\":\"https:\\\/\\\/indusrestaurant.ro\\\/?s={search_term_string}\"},\"query-input\":{\"@type\":\"PropertyValueSpecification\",\"valueRequired\":true,\"valueName\":\"search_term_string\"}}],\"inLanguage\":\"en-GB\"},{\"@type\":\"Organization\",\"@id\":\"https:\\\/\\\/indusrestaurant.ro\\\/#organization\",\"name\":\"INDUS Restaurant pakistanez\",\"url\":\"https:\\\/\\\/indusrestaurant.ro\\\/\",\"logo\":{\"@type\":\"ImageObject\",\"inLanguage\":\"en-GB\",\"@id\":\"https:\\\/\\\/indusrestaurant.ro\\\/#\\\/schema\\\/logo\\\/image\\\/\",\"url\":\"https:\\\/\\\/indusrestaurant.ro\\\/wp-content\\\/uploads\\\/2025\\\/03\\\/logo-2-1.webp\",\"contentUrl\":\"https:\\\/\\\/indusrestaurant.ro\\\/wp-content\\\/uploads\\\/2025\\\/03\\\/logo-2-1.webp\",\"width\":614,\"height\":283,\"caption\":\"INDUS Restaurant pakistanez\"},\"image\":{\"@id\":\"https:\\\/\\\/indusrestaurant.ro\\\/#\\\/schema\\\/logo\\\/image\\\/\"}}]}<\/script>\n<!-- \/ Yoast SEO plugin. -->","yoast_head_json":{"title":"Fire Bowl \u2013 Tikka Masala & Orez Basmati - INDUS Restaurant pakistanez","robots":{"index":"index","follow":"follow","max-snippet":"max-snippet:-1","max-image-preview":"max-image-preview:large","max-video-preview":"max-video-preview:-1"},"canonical":"https:\/\/indusrestaurant.ro\/en\/product\/fire-bowl-chicken-masala-orez-basmati\/","og_locale":"en_GB","og_type":"article","og_title":"Fire Bowl \u2013 Tikka Masala & Orez Basmati - INDUS Restaurant pakistanez","og_description":"O reinterpretare fresh a clasicului Tikka Masala, servit ca street food s\u0103n\u0103tos. Pieptul de pui fraged, marinat 12 ore \u00een iaurt cu condimente autentice, apoi g\u0103tit \u00een cuptor, e sc\u0103ldat \u00eentr-un sos sc\u0103zut timp de 12 ore, ce con\u021bine ro\u0219ii, sm\u00e2nt\u00e2n\u0103 de ferm\u0103, coriandru, chimion, cardamom, cui\u0219oare, scor\u021bi\u0219oar\u0103, nuc\u0219oar\u0103, piper negru, turmeric, paprika \u0219i chilli, [&hellip;]","og_url":"https:\/\/indusrestaurant.ro\/en\/product\/fire-bowl-chicken-masala-orez-basmati\/","og_site_name":"INDUS Restaurant pakistanez","article_modified_time":"2026-02-24T19:17:03+00:00","twitter_card":"summary_large_image","twitter_misc":{"Estimated reading time":"1 minute"},"schema":{"@context":"https:\/\/schema.org","@graph":[{"@type":"WebPage","@id":"https:\/\/indusrestaurant.ro\/product\/fire-bowl-chicken-masala-orez-basmati\/","url":"https:\/\/indusrestaurant.ro\/product\/fire-bowl-chicken-masala-orez-basmati\/","name":"Fire Bowl \u2013 Tikka Masala & Orez Basmati - INDUS Restaurant pakistanez","isPartOf":{"@id":"https:\/\/indusrestaurant.ro\/#website"},"datePublished":"2025-09-30T17:07:18+00:00","dateModified":"2026-02-24T19:17:03+00:00","breadcrumb":{"@id":"https:\/\/indusrestaurant.ro\/product\/fire-bowl-chicken-masala-orez-basmati\/#breadcrumb"},"inLanguage":"en-GB","potentialAction":[{"@type":"ReadAction","target":["https:\/\/indusrestaurant.ro\/product\/fire-bowl-chicken-masala-orez-basmati\/"]}]},{"@type":"BreadcrumbList","@id":"https:\/\/indusrestaurant.ro\/product\/fire-bowl-chicken-masala-orez-basmati\/#breadcrumb","itemListElement":[{"@type":"ListItem","position":1,"name":"Home","item":"https:\/\/indusrestaurant.ro\/"},{"@type":"ListItem","position":2,"name":"Shop","item":"https:\/\/indusrestaurant.ro\/shop\/"},{"@type":"ListItem","position":3,"name":"Fire Bowl \u2013 Tikka Masala &#038; Orez Basmati"}]},{"@type":"WebSite","@id":"https:\/\/indusrestaurant.ro\/#website","url":"https:\/\/indusrestaurant.ro\/","name":"INDUS Restaurant pakistanez","description":"Spice is life","publisher":{"@id":"https:\/\/indusrestaurant.ro\/#organization"},"potentialAction":[{"@type":"SearchAction","target":{"@type":"EntryPoint","urlTemplate":"https:\/\/indusrestaurant.ro\/?s={search_term_string}"},"query-input":{"@type":"PropertyValueSpecification","valueRequired":true,"valueName":"search_term_string"}}],"inLanguage":"en-GB"},{"@type":"Organization","@id":"https:\/\/indusrestaurant.ro\/#organization","name":"INDUS Restaurant pakistanez","url":"https:\/\/indusrestaurant.ro\/","logo":{"@type":"ImageObject","inLanguage":"en-GB","@id":"https:\/\/indusrestaurant.ro\/#\/schema\/logo\/image\/","url":"https:\/\/indusrestaurant.ro\/wp-content\/uploads\/2025\/03\/logo-2-1.webp","contentUrl":"https:\/\/indusrestaurant.ro\/wp-content\/uploads\/2025\/03\/logo-2-1.webp","width":614,"height":283,"caption":"INDUS Restaurant pakistanez"},"image":{"@id":"https:\/\/indusrestaurant.ro\/#\/schema\/logo\/image\/"}}]}},"_links":{"self":[{"href":"https:\/\/indusrestaurant.ro\/en\/wp-json\/wp\/v2\/product\/904","targetHints":{"allow":["GET"]}}],"collection":[{"href":"https:\/\/indusrestaurant.ro\/en\/wp-json\/wp\/v2\/product"}],"about":[{"href":"https:\/\/indusrestaurant.ro\/en\/wp-json\/wp\/v2\/types\/product"}],"wp:attachment":[{"href":"https:\/\/indusrestaurant.ro\/en\/wp-json\/wp\/v2\/media?parent=904"}],"wp:term":[{"taxonomy":"product_brand","embeddable":true,"href":"https:\/\/indusrestaurant.ro\/en\/wp-json\/wp\/v2\/product_brand?post=904"},{"taxonomy":"product_cat","embeddable":true,"href":"https:\/\/indusrestaurant.ro\/en\/wp-json\/wp\/v2\/product_cat?post=904"},{"taxonomy":"product_tag","embeddable":true,"href":"https:\/\/indusrestaurant.ro\/en\/wp-json\/wp\/v2\/product_tag?post=904"}],"curies":[{"name":"wp","href":"https:\/\/api.w.org\/{rel}","templated":true}]}}