{"id":909,"date":"2025-09-30T17:10:02","date_gmt":"2025-09-30T17:10:02","guid":{"rendered":"https:\/\/indusrestaurant.ro\/?post_type=product&#038;p=909"},"modified":"2026-04-09T10:37:15","modified_gmt":"2026-04-09T10:37:15","slug":"silk-bowl-butter-chicken-orez-basmati","status":"publish","type":"product","link":"https:\/\/indusrestaurant.ro\/en\/product\/silk-bowl-butter-chicken-orez-basmati\/","title":{"rendered":"Silk Bowl \u2013 Butter Chicken &#038; Orez Basmati"},"content":{"rendered":"<p>Clasicul Butter Chicken reinterpretat pentru street food s\u0103n\u0103tos. Pieptul de pui fraged, marinat 12 ore \u00een iaurt cu condimente autentice, apoi g\u0103tit \u00een cuptor, este sc\u0103ldat \u00eentr-un sos cremos, sc\u0103zut lent timp de 10 ore, ce con\u021bine sm\u00e2nt\u00e2n\u0103 \u0219i unt de ferm\u0103, unt clarifiat \u0219i acondimente naturale pakistaneze \u2013 coriandru, chimion, cardamom, cui\u0219oare, scor\u021bi\u0219oar\u0103, nuc\u0219oar\u0103, piper negru, turmeric, paprika \u0219i chilli \u2013 care \u00eei confer\u0103 un gust bogat \u0219i aromat, servit cu orez basmati premium perfect fiert. Este combina\u021bia perfect\u0103 \u00eentre textura cremoas\u0103 \u0219i aroma intens\u0103, ideal pentru iubitorii de curry autentice.<\/p>\n<p><b>Ingrediente:<\/b> piept de pui, orez basmati, ro\u0219ii, sm\u00e2nt\u00e2n\u0103, iaurt, ceap\u0103, unt, ulei de m\u0103sline, ulei de floarea soarelui, coriandru, chimion, cardamom, cui\u0219oare, scor\u021bi\u0219oar\u0103, nuc\u0219oar\u0103, piper negru, turmeric, paprika, fenicul, chilli, usturoi, sare.<\/p>\n<p><b>Valori nutri\u021bionale:<\/b> 560 kcal, 36g proteine, 55g carbohidra\u021bi, 25g gr\u0103simi, 4g fibre.<\/p>\n<p><b>Alergeni:<\/b> sm\u00e2nt\u00e2n\u0103, unt (produse lactate), scor\u021bi\u0219oar\u0103.<\/p>\n<p><b>Nivel de iu\u021beal\u0103: <\/b>sc\u0103zut spre mediu<\/p>\n<p>450g<\/p>","protected":false},"excerpt":{"rendered":"<p>Clasicul Butter Chicken reinterpretat pentru street food s\u0103n\u0103tos. Pieptul de pui fraged, marinat 12 ore \u00een iaurt cu condimente autentice, apoi g\u0103tit \u00een cuptor, este sc\u0103ldat \u00eentr-un sos cremos, sc\u0103zut lent timp de 10 ore, ce con\u021bine sm\u00e2nt\u00e2n\u0103 \u0219i unt de ferm\u0103, unt clarifiat \u0219i acondimente naturale pakistaneze \u2013 coriandru, chimion, cardamom, cui\u0219oare, scor\u021bi\u0219oar\u0103, nuc\u0219oar\u0103, [&hellip;]<\/p>\n","protected":false},"featured_media":0,"template":"","meta":{"_acf_changed":false},"product_brand":[],"product_cat":[41],"product_tag":[],"class_list":{"0":"post-909","1":"product","2":"type-product","3":"status-publish","5":"product_cat-streetfood","7":"first","8":"instock","9":"shipping-taxable","10":"purchasable","11":"product-type-simple"},"acf":[],"yoast_head":"<!-- This site is optimized with the Yoast SEO plugin v27.5 - https:\/\/yoast.com\/product\/yoast-seo-wordpress\/ -->\n<title>Silk Bowl \u2013 Butter Chicken &amp; Orez Basmati - INDUS Restaurant pakistanez<\/title>\n<meta name=\"robots\" content=\"index, follow, max-snippet:-1, max-image-preview:large, max-video-preview:-1\" \/>\n<link rel=\"canonical\" href=\"https:\/\/indusrestaurant.ro\/en\/product\/silk-bowl-butter-chicken-orez-basmati\/\" \/>\n<meta property=\"og:locale\" content=\"en_GB\" \/>\n<meta property=\"og:type\" content=\"article\" \/>\n<meta property=\"og:title\" content=\"Silk Bowl \u2013 Butter Chicken &amp; Orez Basmati - INDUS Restaurant pakistanez\" \/>\n<meta property=\"og:description\" content=\"Clasicul Butter Chicken reinterpretat pentru street food s\u0103n\u0103tos. Pieptul de pui fraged, marinat 12 ore \u00een iaurt cu condimente autentice, apoi g\u0103tit \u00een cuptor, este sc\u0103ldat \u00eentr-un sos cremos, sc\u0103zut lent timp de 10 ore, ce con\u021bine sm\u00e2nt\u00e2n\u0103 \u0219i unt de ferm\u0103, unt clarifiat \u0219i acondimente naturale pakistaneze \u2013 coriandru, chimion, cardamom, cui\u0219oare, scor\u021bi\u0219oar\u0103, nuc\u0219oar\u0103, [&hellip;]\" \/>\n<meta property=\"og:url\" content=\"https:\/\/indusrestaurant.ro\/en\/product\/silk-bowl-butter-chicken-orez-basmati\/\" \/>\n<meta property=\"og:site_name\" content=\"INDUS Restaurant pakistanez\" \/>\n<meta property=\"article:modified_time\" content=\"2026-04-09T10:37:15+00:00\" \/>\n<meta name=\"twitter:card\" content=\"summary_large_image\" \/>\n<meta name=\"twitter:label1\" content=\"Estimated reading time\" \/>\n\t<meta name=\"twitter:data1\" content=\"1 minute\" \/>\n<script type=\"application\/ld+json\" class=\"yoast-schema-graph\">{\"@context\":\"https:\\\/\\\/schema.org\",\"@graph\":[{\"@type\":\"WebPage\",\"@id\":\"https:\\\/\\\/indusrestaurant.ro\\\/product\\\/silk-bowl-butter-chicken-orez-basmati\\\/\",\"url\":\"https:\\\/\\\/indusrestaurant.ro\\\/product\\\/silk-bowl-butter-chicken-orez-basmati\\\/\",\"name\":\"Silk Bowl \u2013 Butter Chicken & Orez Basmati - INDUS Restaurant pakistanez\",\"isPartOf\":{\"@id\":\"https:\\\/\\\/indusrestaurant.ro\\\/#website\"},\"datePublished\":\"2025-09-30T17:10:02+00:00\",\"dateModified\":\"2026-04-09T10:37:15+00:00\",\"breadcrumb\":{\"@id\":\"https:\\\/\\\/indusrestaurant.ro\\\/product\\\/silk-bowl-butter-chicken-orez-basmati\\\/#breadcrumb\"},\"inLanguage\":\"en-GB\",\"potentialAction\":[{\"@type\":\"ReadAction\",\"target\":[\"https:\\\/\\\/indusrestaurant.ro\\\/product\\\/silk-bowl-butter-chicken-orez-basmati\\\/\"]}]},{\"@type\":\"BreadcrumbList\",\"@id\":\"https:\\\/\\\/indusrestaurant.ro\\\/product\\\/silk-bowl-butter-chicken-orez-basmati\\\/#breadcrumb\",\"itemListElement\":[{\"@type\":\"ListItem\",\"position\":1,\"name\":\"Home\",\"item\":\"https:\\\/\\\/indusrestaurant.ro\\\/\"},{\"@type\":\"ListItem\",\"position\":2,\"name\":\"Shop\",\"item\":\"https:\\\/\\\/indusrestaurant.ro\\\/shop\\\/\"},{\"@type\":\"ListItem\",\"position\":3,\"name\":\"Silk Bowl \u2013 Butter Chicken &#038; Orez Basmati\"}]},{\"@type\":\"WebSite\",\"@id\":\"https:\\\/\\\/indusrestaurant.ro\\\/#website\",\"url\":\"https:\\\/\\\/indusrestaurant.ro\\\/\",\"name\":\"INDUS Restaurant pakistanez\",\"description\":\"Spice is life\",\"publisher\":{\"@id\":\"https:\\\/\\\/indusrestaurant.ro\\\/#organization\"},\"potentialAction\":[{\"@type\":\"SearchAction\",\"target\":{\"@type\":\"EntryPoint\",\"urlTemplate\":\"https:\\\/\\\/indusrestaurant.ro\\\/?s={search_term_string}\"},\"query-input\":{\"@type\":\"PropertyValueSpecification\",\"valueRequired\":true,\"valueName\":\"search_term_string\"}}],\"inLanguage\":\"en-GB\"},{\"@type\":\"Organization\",\"@id\":\"https:\\\/\\\/indusrestaurant.ro\\\/#organization\",\"name\":\"INDUS Restaurant pakistanez\",\"url\":\"https:\\\/\\\/indusrestaurant.ro\\\/\",\"logo\":{\"@type\":\"ImageObject\",\"inLanguage\":\"en-GB\",\"@id\":\"https:\\\/\\\/indusrestaurant.ro\\\/#\\\/schema\\\/logo\\\/image\\\/\",\"url\":\"https:\\\/\\\/indusrestaurant.ro\\\/wp-content\\\/uploads\\\/2025\\\/03\\\/logo-2-1.webp\",\"contentUrl\":\"https:\\\/\\\/indusrestaurant.ro\\\/wp-content\\\/uploads\\\/2025\\\/03\\\/logo-2-1.webp\",\"width\":614,\"height\":283,\"caption\":\"INDUS Restaurant pakistanez\"},\"image\":{\"@id\":\"https:\\\/\\\/indusrestaurant.ro\\\/#\\\/schema\\\/logo\\\/image\\\/\"}}]}<\/script>\n<!-- \/ Yoast SEO plugin. -->","yoast_head_json":{"title":"Silk Bowl \u2013 Butter Chicken & Orez Basmati - INDUS Restaurant pakistanez","robots":{"index":"index","follow":"follow","max-snippet":"max-snippet:-1","max-image-preview":"max-image-preview:large","max-video-preview":"max-video-preview:-1"},"canonical":"https:\/\/indusrestaurant.ro\/en\/product\/silk-bowl-butter-chicken-orez-basmati\/","og_locale":"en_GB","og_type":"article","og_title":"Silk Bowl \u2013 Butter Chicken & Orez Basmati - INDUS Restaurant pakistanez","og_description":"Clasicul Butter Chicken reinterpretat pentru street food s\u0103n\u0103tos. Pieptul de pui fraged, marinat 12 ore \u00een iaurt cu condimente autentice, apoi g\u0103tit \u00een cuptor, este sc\u0103ldat \u00eentr-un sos cremos, sc\u0103zut lent timp de 10 ore, ce con\u021bine sm\u00e2nt\u00e2n\u0103 \u0219i unt de ferm\u0103, unt clarifiat \u0219i acondimente naturale pakistaneze \u2013 coriandru, chimion, cardamom, cui\u0219oare, scor\u021bi\u0219oar\u0103, nuc\u0219oar\u0103, [&hellip;]","og_url":"https:\/\/indusrestaurant.ro\/en\/product\/silk-bowl-butter-chicken-orez-basmati\/","og_site_name":"INDUS Restaurant pakistanez","article_modified_time":"2026-04-09T10:37:15+00:00","twitter_card":"summary_large_image","twitter_misc":{"Estimated reading time":"1 minute"},"schema":{"@context":"https:\/\/schema.org","@graph":[{"@type":"WebPage","@id":"https:\/\/indusrestaurant.ro\/product\/silk-bowl-butter-chicken-orez-basmati\/","url":"https:\/\/indusrestaurant.ro\/product\/silk-bowl-butter-chicken-orez-basmati\/","name":"Silk Bowl \u2013 Butter Chicken & Orez Basmati - INDUS Restaurant pakistanez","isPartOf":{"@id":"https:\/\/indusrestaurant.ro\/#website"},"datePublished":"2025-09-30T17:10:02+00:00","dateModified":"2026-04-09T10:37:15+00:00","breadcrumb":{"@id":"https:\/\/indusrestaurant.ro\/product\/silk-bowl-butter-chicken-orez-basmati\/#breadcrumb"},"inLanguage":"en-GB","potentialAction":[{"@type":"ReadAction","target":["https:\/\/indusrestaurant.ro\/product\/silk-bowl-butter-chicken-orez-basmati\/"]}]},{"@type":"BreadcrumbList","@id":"https:\/\/indusrestaurant.ro\/product\/silk-bowl-butter-chicken-orez-basmati\/#breadcrumb","itemListElement":[{"@type":"ListItem","position":1,"name":"Home","item":"https:\/\/indusrestaurant.ro\/"},{"@type":"ListItem","position":2,"name":"Shop","item":"https:\/\/indusrestaurant.ro\/shop\/"},{"@type":"ListItem","position":3,"name":"Silk Bowl \u2013 Butter Chicken &#038; Orez Basmati"}]},{"@type":"WebSite","@id":"https:\/\/indusrestaurant.ro\/#website","url":"https:\/\/indusrestaurant.ro\/","name":"INDUS Restaurant pakistanez","description":"Spice is life","publisher":{"@id":"https:\/\/indusrestaurant.ro\/#organization"},"potentialAction":[{"@type":"SearchAction","target":{"@type":"EntryPoint","urlTemplate":"https:\/\/indusrestaurant.ro\/?s={search_term_string}"},"query-input":{"@type":"PropertyValueSpecification","valueRequired":true,"valueName":"search_term_string"}}],"inLanguage":"en-GB"},{"@type":"Organization","@id":"https:\/\/indusrestaurant.ro\/#organization","name":"INDUS Restaurant pakistanez","url":"https:\/\/indusrestaurant.ro\/","logo":{"@type":"ImageObject","inLanguage":"en-GB","@id":"https:\/\/indusrestaurant.ro\/#\/schema\/logo\/image\/","url":"https:\/\/indusrestaurant.ro\/wp-content\/uploads\/2025\/03\/logo-2-1.webp","contentUrl":"https:\/\/indusrestaurant.ro\/wp-content\/uploads\/2025\/03\/logo-2-1.webp","width":614,"height":283,"caption":"INDUS Restaurant pakistanez"},"image":{"@id":"https:\/\/indusrestaurant.ro\/#\/schema\/logo\/image\/"}}]}},"_links":{"self":[{"href":"https:\/\/indusrestaurant.ro\/en\/wp-json\/wp\/v2\/product\/909","targetHints":{"allow":["GET"]}}],"collection":[{"href":"https:\/\/indusrestaurant.ro\/en\/wp-json\/wp\/v2\/product"}],"about":[{"href":"https:\/\/indusrestaurant.ro\/en\/wp-json\/wp\/v2\/types\/product"}],"wp:attachment":[{"href":"https:\/\/indusrestaurant.ro\/en\/wp-json\/wp\/v2\/media?parent=909"}],"wp:term":[{"taxonomy":"product_brand","embeddable":true,"href":"https:\/\/indusrestaurant.ro\/en\/wp-json\/wp\/v2\/product_brand?post=909"},{"taxonomy":"product_cat","embeddable":true,"href":"https:\/\/indusrestaurant.ro\/en\/wp-json\/wp\/v2\/product_cat?post=909"},{"taxonomy":"product_tag","embeddable":true,"href":"https:\/\/indusrestaurant.ro\/en\/wp-json\/wp\/v2\/product_tag?post=909"}],"curies":[{"name":"wp","href":"https:\/\/api.w.org\/{rel}","templated":true}]}}