{"id":911,"date":"2025-09-30T17:11:24","date_gmt":"2025-09-30T17:11:24","guid":{"rendered":"https:\/\/indusrestaurant.ro\/?post_type=product&#038;p=911"},"modified":"2026-04-09T17:41:36","modified_gmt":"2026-04-09T17:41:36","slug":"black-fire-bowl-black-beans-curry","status":"publish","type":"product","link":"https:\/\/indusrestaurant.ro\/en\/product\/black-fire-bowl-black-beans-curry\/","title":{"rendered":"Black Fire Bowl \u2013 Black Beans Curry"},"content":{"rendered":"<p><em>vegan\/de post<\/em><br \/>\nFasole neagr\u0103 hidratat\u0103 14 ore \u00een prealabil, fiart\u0103 lent, apoi sc\u0103ldat\u0103 \u00een sos de ro\u0219ii aromat cu chimion, coriandru, cardamom, cui\u0219oare, scor\u021bi\u0219oar\u0103, nuc\u0219oar\u0103, piper negru, turmeric, paprika, chilli, ghimbir \u0219i usturoi, servit\u0103 cu orez simplu. Gust bogat \u0219i intens, cu accent autentic pakistanez.<\/p>\n<p><b>Ingrediente:<\/b> fasole neagr\u0103, ro\u0219ii, orez basmati, suc de l\u0103m\u00e2ie, ceap\u0103, ulei de floarea soarelui, chimion, coriandru, cardamom, cui\u0219oare, scor\u021bi\u0219oar\u0103, nuc\u0219oar\u0103, piper negru, turmeric, fenicul, paprika, chilli, ghimbir, usturoi, foi de dafin, sare.<\/p>\n<p><b>Valori nutri\u021bionale:<\/b> 360 kcal, 20g proteine, 50g carbohidra\u021bi, 10g gr\u0103simi, 12g fibre<\/p>\n<p><b>Alergeni:<\/b> scor\u021bi\u0219oar\u0103.<\/p>\n<p><b>Nivel de iu\u021beal\u0103: <\/b>sc\u0103zut<span class=\"Apple-converted-space\">\u00a0<\/span><\/p>\n<p>500g<\/p>","protected":false},"excerpt":{"rendered":"<p>vegan\/de post Fasole neagr\u0103 hidratat\u0103 14 ore \u00een prealabil, fiart\u0103 lent, apoi sc\u0103ldat\u0103 \u00een sos de ro\u0219ii aromat cu chimion, coriandru, cardamom, cui\u0219oare, scor\u021bi\u0219oar\u0103, nuc\u0219oar\u0103, piper negru, turmeric, paprika, chilli, ghimbir \u0219i usturoi, servit\u0103 cu orez simplu. Gust bogat \u0219i intens, cu accent autentic pakistanez. Ingrediente: fasole neagr\u0103, ro\u0219ii, orez basmati, suc de l\u0103m\u00e2ie, ceap\u0103, [&hellip;]<\/p>\n","protected":false},"featured_media":0,"template":"","meta":{"_acf_changed":false},"product_brand":[],"product_cat":[41],"product_tag":[],"class_list":{"0":"post-911","1":"product","2":"type-product","3":"status-publish","5":"product_cat-streetfood","7":"first","8":"instock","9":"shipping-taxable","10":"purchasable","11":"product-type-simple"},"acf":[],"yoast_head":"<!-- This site is optimized with the Yoast SEO plugin v27.5 - https:\/\/yoast.com\/product\/yoast-seo-wordpress\/ -->\n<title>Black Fire Bowl \u2013 Black Beans Curry - INDUS Restaurant pakistanez<\/title>\n<meta name=\"robots\" content=\"index, follow, max-snippet:-1, max-image-preview:large, max-video-preview:-1\" \/>\n<link rel=\"canonical\" href=\"https:\/\/indusrestaurant.ro\/en\/product\/black-fire-bowl-black-beans-curry\/\" \/>\n<meta property=\"og:locale\" content=\"en_GB\" \/>\n<meta property=\"og:type\" content=\"article\" \/>\n<meta property=\"og:title\" content=\"Black Fire Bowl \u2013 Black Beans Curry - INDUS Restaurant pakistanez\" \/>\n<meta property=\"og:description\" content=\"vegan\/de post Fasole neagr\u0103 hidratat\u0103 14 ore \u00een prealabil, fiart\u0103 lent, apoi sc\u0103ldat\u0103 \u00een sos de ro\u0219ii aromat cu chimion, coriandru, cardamom, cui\u0219oare, scor\u021bi\u0219oar\u0103, nuc\u0219oar\u0103, piper negru, turmeric, paprika, chilli, ghimbir \u0219i usturoi, servit\u0103 cu orez simplu. Gust bogat \u0219i intens, cu accent autentic pakistanez. Ingrediente: fasole neagr\u0103, ro\u0219ii, orez basmati, suc de l\u0103m\u00e2ie, ceap\u0103, [&hellip;]\" \/>\n<meta property=\"og:url\" content=\"https:\/\/indusrestaurant.ro\/en\/product\/black-fire-bowl-black-beans-curry\/\" \/>\n<meta property=\"og:site_name\" content=\"INDUS Restaurant pakistanez\" \/>\n<meta property=\"article:modified_time\" content=\"2026-04-09T17:41:36+00:00\" \/>\n<meta name=\"twitter:card\" content=\"summary_large_image\" \/>\n<meta name=\"twitter:label1\" content=\"Estimated reading time\" \/>\n\t<meta name=\"twitter:data1\" content=\"1 minute\" \/>\n<script type=\"application\/ld+json\" class=\"yoast-schema-graph\">{\"@context\":\"https:\\\/\\\/schema.org\",\"@graph\":[{\"@type\":\"WebPage\",\"@id\":\"https:\\\/\\\/indusrestaurant.ro\\\/product\\\/black-fire-bowl-black-beans-curry\\\/\",\"url\":\"https:\\\/\\\/indusrestaurant.ro\\\/product\\\/black-fire-bowl-black-beans-curry\\\/\",\"name\":\"Black Fire Bowl \u2013 Black Beans Curry - INDUS Restaurant pakistanez\",\"isPartOf\":{\"@id\":\"https:\\\/\\\/indusrestaurant.ro\\\/#website\"},\"datePublished\":\"2025-09-30T17:11:24+00:00\",\"dateModified\":\"2026-04-09T17:41:36+00:00\",\"breadcrumb\":{\"@id\":\"https:\\\/\\\/indusrestaurant.ro\\\/product\\\/black-fire-bowl-black-beans-curry\\\/#breadcrumb\"},\"inLanguage\":\"en-GB\",\"potentialAction\":[{\"@type\":\"ReadAction\",\"target\":[\"https:\\\/\\\/indusrestaurant.ro\\\/product\\\/black-fire-bowl-black-beans-curry\\\/\"]}]},{\"@type\":\"BreadcrumbList\",\"@id\":\"https:\\\/\\\/indusrestaurant.ro\\\/product\\\/black-fire-bowl-black-beans-curry\\\/#breadcrumb\",\"itemListElement\":[{\"@type\":\"ListItem\",\"position\":1,\"name\":\"Home\",\"item\":\"https:\\\/\\\/indusrestaurant.ro\\\/\"},{\"@type\":\"ListItem\",\"position\":2,\"name\":\"Shop\",\"item\":\"https:\\\/\\\/indusrestaurant.ro\\\/shop\\\/\"},{\"@type\":\"ListItem\",\"position\":3,\"name\":\"Black Fire Bowl \u2013 Black Beans Curry\"}]},{\"@type\":\"WebSite\",\"@id\":\"https:\\\/\\\/indusrestaurant.ro\\\/#website\",\"url\":\"https:\\\/\\\/indusrestaurant.ro\\\/\",\"name\":\"INDUS Restaurant pakistanez\",\"description\":\"Spice is life\",\"publisher\":{\"@id\":\"https:\\\/\\\/indusrestaurant.ro\\\/#organization\"},\"potentialAction\":[{\"@type\":\"SearchAction\",\"target\":{\"@type\":\"EntryPoint\",\"urlTemplate\":\"https:\\\/\\\/indusrestaurant.ro\\\/?s={search_term_string}\"},\"query-input\":{\"@type\":\"PropertyValueSpecification\",\"valueRequired\":true,\"valueName\":\"search_term_string\"}}],\"inLanguage\":\"en-GB\"},{\"@type\":\"Organization\",\"@id\":\"https:\\\/\\\/indusrestaurant.ro\\\/#organization\",\"name\":\"INDUS Restaurant pakistanez\",\"url\":\"https:\\\/\\\/indusrestaurant.ro\\\/\",\"logo\":{\"@type\":\"ImageObject\",\"inLanguage\":\"en-GB\",\"@id\":\"https:\\\/\\\/indusrestaurant.ro\\\/#\\\/schema\\\/logo\\\/image\\\/\",\"url\":\"https:\\\/\\\/indusrestaurant.ro\\\/wp-content\\\/uploads\\\/2025\\\/03\\\/logo-2-1.webp\",\"contentUrl\":\"https:\\\/\\\/indusrestaurant.ro\\\/wp-content\\\/uploads\\\/2025\\\/03\\\/logo-2-1.webp\",\"width\":614,\"height\":283,\"caption\":\"INDUS Restaurant pakistanez\"},\"image\":{\"@id\":\"https:\\\/\\\/indusrestaurant.ro\\\/#\\\/schema\\\/logo\\\/image\\\/\"}}]}<\/script>\n<!-- \/ Yoast SEO plugin. -->","yoast_head_json":{"title":"Black Fire Bowl \u2013 Black Beans Curry - INDUS Restaurant pakistanez","robots":{"index":"index","follow":"follow","max-snippet":"max-snippet:-1","max-image-preview":"max-image-preview:large","max-video-preview":"max-video-preview:-1"},"canonical":"https:\/\/indusrestaurant.ro\/en\/product\/black-fire-bowl-black-beans-curry\/","og_locale":"en_GB","og_type":"article","og_title":"Black Fire Bowl \u2013 Black Beans Curry - INDUS Restaurant pakistanez","og_description":"vegan\/de post Fasole neagr\u0103 hidratat\u0103 14 ore \u00een prealabil, fiart\u0103 lent, apoi sc\u0103ldat\u0103 \u00een sos de ro\u0219ii aromat cu chimion, coriandru, cardamom, cui\u0219oare, scor\u021bi\u0219oar\u0103, nuc\u0219oar\u0103, piper negru, turmeric, paprika, chilli, ghimbir \u0219i usturoi, servit\u0103 cu orez simplu. Gust bogat \u0219i intens, cu accent autentic pakistanez. Ingrediente: fasole neagr\u0103, ro\u0219ii, orez basmati, suc de l\u0103m\u00e2ie, ceap\u0103, [&hellip;]","og_url":"https:\/\/indusrestaurant.ro\/en\/product\/black-fire-bowl-black-beans-curry\/","og_site_name":"INDUS Restaurant pakistanez","article_modified_time":"2026-04-09T17:41:36+00:00","twitter_card":"summary_large_image","twitter_misc":{"Estimated reading time":"1 minute"},"schema":{"@context":"https:\/\/schema.org","@graph":[{"@type":"WebPage","@id":"https:\/\/indusrestaurant.ro\/product\/black-fire-bowl-black-beans-curry\/","url":"https:\/\/indusrestaurant.ro\/product\/black-fire-bowl-black-beans-curry\/","name":"Black Fire Bowl \u2013 Black Beans Curry - INDUS Restaurant pakistanez","isPartOf":{"@id":"https:\/\/indusrestaurant.ro\/#website"},"datePublished":"2025-09-30T17:11:24+00:00","dateModified":"2026-04-09T17:41:36+00:00","breadcrumb":{"@id":"https:\/\/indusrestaurant.ro\/product\/black-fire-bowl-black-beans-curry\/#breadcrumb"},"inLanguage":"en-GB","potentialAction":[{"@type":"ReadAction","target":["https:\/\/indusrestaurant.ro\/product\/black-fire-bowl-black-beans-curry\/"]}]},{"@type":"BreadcrumbList","@id":"https:\/\/indusrestaurant.ro\/product\/black-fire-bowl-black-beans-curry\/#breadcrumb","itemListElement":[{"@type":"ListItem","position":1,"name":"Home","item":"https:\/\/indusrestaurant.ro\/"},{"@type":"ListItem","position":2,"name":"Shop","item":"https:\/\/indusrestaurant.ro\/shop\/"},{"@type":"ListItem","position":3,"name":"Black Fire Bowl \u2013 Black Beans Curry"}]},{"@type":"WebSite","@id":"https:\/\/indusrestaurant.ro\/#website","url":"https:\/\/indusrestaurant.ro\/","name":"INDUS Restaurant pakistanez","description":"Spice is life","publisher":{"@id":"https:\/\/indusrestaurant.ro\/#organization"},"potentialAction":[{"@type":"SearchAction","target":{"@type":"EntryPoint","urlTemplate":"https:\/\/indusrestaurant.ro\/?s={search_term_string}"},"query-input":{"@type":"PropertyValueSpecification","valueRequired":true,"valueName":"search_term_string"}}],"inLanguage":"en-GB"},{"@type":"Organization","@id":"https:\/\/indusrestaurant.ro\/#organization","name":"INDUS Restaurant pakistanez","url":"https:\/\/indusrestaurant.ro\/","logo":{"@type":"ImageObject","inLanguage":"en-GB","@id":"https:\/\/indusrestaurant.ro\/#\/schema\/logo\/image\/","url":"https:\/\/indusrestaurant.ro\/wp-content\/uploads\/2025\/03\/logo-2-1.webp","contentUrl":"https:\/\/indusrestaurant.ro\/wp-content\/uploads\/2025\/03\/logo-2-1.webp","width":614,"height":283,"caption":"INDUS Restaurant pakistanez"},"image":{"@id":"https:\/\/indusrestaurant.ro\/#\/schema\/logo\/image\/"}}]}},"_links":{"self":[{"href":"https:\/\/indusrestaurant.ro\/en\/wp-json\/wp\/v2\/product\/911","targetHints":{"allow":["GET"]}}],"collection":[{"href":"https:\/\/indusrestaurant.ro\/en\/wp-json\/wp\/v2\/product"}],"about":[{"href":"https:\/\/indusrestaurant.ro\/en\/wp-json\/wp\/v2\/types\/product"}],"wp:attachment":[{"href":"https:\/\/indusrestaurant.ro\/en\/wp-json\/wp\/v2\/media?parent=911"}],"wp:term":[{"taxonomy":"product_brand","embeddable":true,"href":"https:\/\/indusrestaurant.ro\/en\/wp-json\/wp\/v2\/product_brand?post=911"},{"taxonomy":"product_cat","embeddable":true,"href":"https:\/\/indusrestaurant.ro\/en\/wp-json\/wp\/v2\/product_cat?post=911"},{"taxonomy":"product_tag","embeddable":true,"href":"https:\/\/indusrestaurant.ro\/en\/wp-json\/wp\/v2\/product_tag?post=911"}],"curies":[{"name":"wp","href":"https:\/\/api.w.org\/{rel}","templated":true}]}}