{"id":914,"date":"2025-09-30T17:12:48","date_gmt":"2025-09-30T17:12:48","guid":{"rendered":"https:\/\/indusrestaurant.ro\/?post_type=product&#038;p=914"},"modified":"2026-02-10T11:27:52","modified_gmt":"2026-02-10T11:27:52","slug":"shawarma-de-casa-pui","status":"publish","type":"product","link":"https:\/\/indusrestaurant.ro\/en\/product\/shawarma-de-casa-pui\/","title":{"rendered":"Shawarma de cas\u0103 \u2013 Pui"},"content":{"rendered":"<p>Piept de pui marinat 12 ore \u00een iaurt \u0219i condimente pakistaneze, g\u0103tit la cuptor, apoi tras la tigaie \u0219i servit\u0103 cu lipie Roti de cas\u0103, salat\u0103 proasp\u0103t\u0103 de varz\u0103 cu o\u021bet din orez, ceap\u0103, castravete \u0219i sos de iaurt cu mango murat (F\u0102R\u0102 maionez\u0103).<\/p>\n<p><b>Ingrediente:<\/b> carne de pui, iaurt, lipie Roti (f\u0103in\u0103 integral\u0103), salat\u0103 de varz\u0103, ceap\u0103, castravete, lipie Roti, iaurt, mango murat, condimente pakistaneze, ulei de m\u0103sline, o\u021bet din orez, ulei de floarea soarelui, sare. <\/p>\n<p><b>Valori nutri\u021bionale:<\/b> 450 kcal, 30g proteine, 40g carbohidra\u021bi, 18g gr\u0103simi, 5g fibre.<\/p>\n<p><b>Alergeni:<\/b> iaurt, scor\u021bi\u0219oar\u0103.<\/p>\n<p><b>Nivel de iu\u021beal\u0103: <\/b>SC\u0102ZUT <\/p>\n<p>350g<br \/>\n<em>\u2022 con\u021bine 100 de grame de carne g\u0103tit\u0103, 90 de grame de lipie, 50 de grame de varz\u0103, 40 de grame de ro\u0219ii, 40 de grame de sos de iaurt, 20 de grame de ceap\u0103 ro\u0219ie, 10 de grame de castrave\u021bi.<\/em><\/p>","protected":false},"excerpt":{"rendered":"<p>Piept de pui marinat 12 ore \u00een iaurt \u0219i condimente pakistaneze, g\u0103tit la cuptor, apoi tras la tigaie \u0219i servit\u0103 cu lipie Roti de cas\u0103, salat\u0103 proasp\u0103t\u0103 de varz\u0103 cu o\u021bet din orez, ceap\u0103, castravete \u0219i sos de iaurt cu mango murat (F\u0102R\u0102 maionez\u0103). Ingrediente: carne de pui, iaurt, lipie Roti (f\u0103in\u0103 integral\u0103), salat\u0103 de [&hellip;]<\/p>\n","protected":false},"featured_media":0,"template":"","meta":{"_acf_changed":false},"product_brand":[],"product_cat":[41],"product_tag":[],"class_list":{"0":"post-914","1":"product","2":"type-product","3":"status-publish","5":"product_cat-streetfood","7":"first","8":"instock","9":"shipping-taxable","10":"purchasable","11":"product-type-simple"},"acf":[],"yoast_head":"<!-- This site is optimized with the Yoast SEO plugin v27.5 - https:\/\/yoast.com\/product\/yoast-seo-wordpress\/ -->\n<title>Shawarma de cas\u0103 \u2013 Pui - INDUS Restaurant pakistanez<\/title>\n<meta name=\"robots\" content=\"index, follow, max-snippet:-1, max-image-preview:large, max-video-preview:-1\" \/>\n<link rel=\"canonical\" href=\"https:\/\/indusrestaurant.ro\/en\/product\/shawarma-de-casa-pui\/\" \/>\n<meta property=\"og:locale\" content=\"en_GB\" \/>\n<meta property=\"og:type\" content=\"article\" \/>\n<meta property=\"og:title\" content=\"Shawarma de cas\u0103 \u2013 Pui - INDUS Restaurant pakistanez\" \/>\n<meta property=\"og:description\" content=\"Piept de pui marinat 12 ore \u00een iaurt \u0219i condimente pakistaneze, g\u0103tit la cuptor, apoi tras la tigaie \u0219i servit\u0103 cu lipie Roti de cas\u0103, salat\u0103 proasp\u0103t\u0103 de varz\u0103 cu o\u021bet din orez, ceap\u0103, castravete \u0219i sos de iaurt cu mango murat (F\u0102R\u0102 maionez\u0103). Ingrediente: carne de pui, iaurt, lipie Roti (f\u0103in\u0103 integral\u0103), salat\u0103 de [&hellip;]\" \/>\n<meta property=\"og:url\" content=\"https:\/\/indusrestaurant.ro\/en\/product\/shawarma-de-casa-pui\/\" \/>\n<meta property=\"og:site_name\" content=\"INDUS Restaurant pakistanez\" \/>\n<meta property=\"article:modified_time\" content=\"2026-02-10T11:27:52+00:00\" \/>\n<meta name=\"twitter:card\" content=\"summary_large_image\" \/>\n<meta name=\"twitter:label1\" content=\"Estimated reading time\" \/>\n\t<meta name=\"twitter:data1\" content=\"1 minute\" \/>\n<script type=\"application\/ld+json\" class=\"yoast-schema-graph\">{\"@context\":\"https:\\\/\\\/schema.org\",\"@graph\":[{\"@type\":\"WebPage\",\"@id\":\"https:\\\/\\\/indusrestaurant.ro\\\/product\\\/shawarma-de-casa-pui\\\/\",\"url\":\"https:\\\/\\\/indusrestaurant.ro\\\/product\\\/shawarma-de-casa-pui\\\/\",\"name\":\"Shawarma de cas\u0103 \u2013 Pui - INDUS Restaurant pakistanez\",\"isPartOf\":{\"@id\":\"https:\\\/\\\/indusrestaurant.ro\\\/#website\"},\"datePublished\":\"2025-09-30T17:12:48+00:00\",\"dateModified\":\"2026-02-10T11:27:52+00:00\",\"breadcrumb\":{\"@id\":\"https:\\\/\\\/indusrestaurant.ro\\\/product\\\/shawarma-de-casa-pui\\\/#breadcrumb\"},\"inLanguage\":\"en-GB\",\"potentialAction\":[{\"@type\":\"ReadAction\",\"target\":[\"https:\\\/\\\/indusrestaurant.ro\\\/product\\\/shawarma-de-casa-pui\\\/\"]}]},{\"@type\":\"BreadcrumbList\",\"@id\":\"https:\\\/\\\/indusrestaurant.ro\\\/product\\\/shawarma-de-casa-pui\\\/#breadcrumb\",\"itemListElement\":[{\"@type\":\"ListItem\",\"position\":1,\"name\":\"Home\",\"item\":\"https:\\\/\\\/indusrestaurant.ro\\\/\"},{\"@type\":\"ListItem\",\"position\":2,\"name\":\"Shop\",\"item\":\"https:\\\/\\\/indusrestaurant.ro\\\/shop\\\/\"},{\"@type\":\"ListItem\",\"position\":3,\"name\":\"Shawarma de cas\u0103 \u2013 Pui\"}]},{\"@type\":\"WebSite\",\"@id\":\"https:\\\/\\\/indusrestaurant.ro\\\/#website\",\"url\":\"https:\\\/\\\/indusrestaurant.ro\\\/\",\"name\":\"INDUS Restaurant pakistanez\",\"description\":\"Spice is life\",\"publisher\":{\"@id\":\"https:\\\/\\\/indusrestaurant.ro\\\/#organization\"},\"potentialAction\":[{\"@type\":\"SearchAction\",\"target\":{\"@type\":\"EntryPoint\",\"urlTemplate\":\"https:\\\/\\\/indusrestaurant.ro\\\/?s={search_term_string}\"},\"query-input\":{\"@type\":\"PropertyValueSpecification\",\"valueRequired\":true,\"valueName\":\"search_term_string\"}}],\"inLanguage\":\"en-GB\"},{\"@type\":\"Organization\",\"@id\":\"https:\\\/\\\/indusrestaurant.ro\\\/#organization\",\"name\":\"INDUS Restaurant pakistanez\",\"url\":\"https:\\\/\\\/indusrestaurant.ro\\\/\",\"logo\":{\"@type\":\"ImageObject\",\"inLanguage\":\"en-GB\",\"@id\":\"https:\\\/\\\/indusrestaurant.ro\\\/#\\\/schema\\\/logo\\\/image\\\/\",\"url\":\"https:\\\/\\\/indusrestaurant.ro\\\/wp-content\\\/uploads\\\/2025\\\/03\\\/logo-2-1.webp\",\"contentUrl\":\"https:\\\/\\\/indusrestaurant.ro\\\/wp-content\\\/uploads\\\/2025\\\/03\\\/logo-2-1.webp\",\"width\":614,\"height\":283,\"caption\":\"INDUS Restaurant pakistanez\"},\"image\":{\"@id\":\"https:\\\/\\\/indusrestaurant.ro\\\/#\\\/schema\\\/logo\\\/image\\\/\"}}]}<\/script>\n<!-- \/ Yoast SEO plugin. -->","yoast_head_json":{"title":"Shawarma de cas\u0103 \u2013 Pui - INDUS Restaurant pakistanez","robots":{"index":"index","follow":"follow","max-snippet":"max-snippet:-1","max-image-preview":"max-image-preview:large","max-video-preview":"max-video-preview:-1"},"canonical":"https:\/\/indusrestaurant.ro\/en\/product\/shawarma-de-casa-pui\/","og_locale":"en_GB","og_type":"article","og_title":"Shawarma de cas\u0103 \u2013 Pui - INDUS Restaurant pakistanez","og_description":"Piept de pui marinat 12 ore \u00een iaurt \u0219i condimente pakistaneze, g\u0103tit la cuptor, apoi tras la tigaie \u0219i servit\u0103 cu lipie Roti de cas\u0103, salat\u0103 proasp\u0103t\u0103 de varz\u0103 cu o\u021bet din orez, ceap\u0103, castravete \u0219i sos de iaurt cu mango murat (F\u0102R\u0102 maionez\u0103). Ingrediente: carne de pui, iaurt, lipie Roti (f\u0103in\u0103 integral\u0103), salat\u0103 de [&hellip;]","og_url":"https:\/\/indusrestaurant.ro\/en\/product\/shawarma-de-casa-pui\/","og_site_name":"INDUS Restaurant pakistanez","article_modified_time":"2026-02-10T11:27:52+00:00","twitter_card":"summary_large_image","twitter_misc":{"Estimated reading time":"1 minute"},"schema":{"@context":"https:\/\/schema.org","@graph":[{"@type":"WebPage","@id":"https:\/\/indusrestaurant.ro\/product\/shawarma-de-casa-pui\/","url":"https:\/\/indusrestaurant.ro\/product\/shawarma-de-casa-pui\/","name":"Shawarma de cas\u0103 \u2013 Pui - INDUS Restaurant pakistanez","isPartOf":{"@id":"https:\/\/indusrestaurant.ro\/#website"},"datePublished":"2025-09-30T17:12:48+00:00","dateModified":"2026-02-10T11:27:52+00:00","breadcrumb":{"@id":"https:\/\/indusrestaurant.ro\/product\/shawarma-de-casa-pui\/#breadcrumb"},"inLanguage":"en-GB","potentialAction":[{"@type":"ReadAction","target":["https:\/\/indusrestaurant.ro\/product\/shawarma-de-casa-pui\/"]}]},{"@type":"BreadcrumbList","@id":"https:\/\/indusrestaurant.ro\/product\/shawarma-de-casa-pui\/#breadcrumb","itemListElement":[{"@type":"ListItem","position":1,"name":"Home","item":"https:\/\/indusrestaurant.ro\/"},{"@type":"ListItem","position":2,"name":"Shop","item":"https:\/\/indusrestaurant.ro\/shop\/"},{"@type":"ListItem","position":3,"name":"Shawarma de cas\u0103 \u2013 Pui"}]},{"@type":"WebSite","@id":"https:\/\/indusrestaurant.ro\/#website","url":"https:\/\/indusrestaurant.ro\/","name":"INDUS Restaurant pakistanez","description":"Spice is life","publisher":{"@id":"https:\/\/indusrestaurant.ro\/#organization"},"potentialAction":[{"@type":"SearchAction","target":{"@type":"EntryPoint","urlTemplate":"https:\/\/indusrestaurant.ro\/?s={search_term_string}"},"query-input":{"@type":"PropertyValueSpecification","valueRequired":true,"valueName":"search_term_string"}}],"inLanguage":"en-GB"},{"@type":"Organization","@id":"https:\/\/indusrestaurant.ro\/#organization","name":"INDUS Restaurant pakistanez","url":"https:\/\/indusrestaurant.ro\/","logo":{"@type":"ImageObject","inLanguage":"en-GB","@id":"https:\/\/indusrestaurant.ro\/#\/schema\/logo\/image\/","url":"https:\/\/indusrestaurant.ro\/wp-content\/uploads\/2025\/03\/logo-2-1.webp","contentUrl":"https:\/\/indusrestaurant.ro\/wp-content\/uploads\/2025\/03\/logo-2-1.webp","width":614,"height":283,"caption":"INDUS Restaurant pakistanez"},"image":{"@id":"https:\/\/indusrestaurant.ro\/#\/schema\/logo\/image\/"}}]}},"_links":{"self":[{"href":"https:\/\/indusrestaurant.ro\/en\/wp-json\/wp\/v2\/product\/914","targetHints":{"allow":["GET"]}}],"collection":[{"href":"https:\/\/indusrestaurant.ro\/en\/wp-json\/wp\/v2\/product"}],"about":[{"href":"https:\/\/indusrestaurant.ro\/en\/wp-json\/wp\/v2\/types\/product"}],"wp:attachment":[{"href":"https:\/\/indusrestaurant.ro\/en\/wp-json\/wp\/v2\/media?parent=914"}],"wp:term":[{"taxonomy":"product_brand","embeddable":true,"href":"https:\/\/indusrestaurant.ro\/en\/wp-json\/wp\/v2\/product_brand?post=914"},{"taxonomy":"product_cat","embeddable":true,"href":"https:\/\/indusrestaurant.ro\/en\/wp-json\/wp\/v2\/product_cat?post=914"},{"taxonomy":"product_tag","embeddable":true,"href":"https:\/\/indusrestaurant.ro\/en\/wp-json\/wp\/v2\/product_tag?post=914"}],"curies":[{"name":"wp","href":"https:\/\/api.w.org\/{rel}","templated":true}]}}