{"id":918,"date":"2025-09-30T17:15:57","date_gmt":"2025-09-30T17:15:57","guid":{"rendered":"https:\/\/indusrestaurant.ro\/?post_type=product&#038;p=918"},"modified":"2026-02-10T11:26:36","modified_gmt":"2026-02-10T11:26:36","slug":"kebab-de-casa-vita","status":"publish","type":"product","link":"https:\/\/indusrestaurant.ro\/en\/product\/kebab-de-casa-vita\/","title":{"rendered":"Kebab de cas\u0103 \u2013 Vit\u0103"},"content":{"rendered":"<p>Carne de vit\u0103 tocat\u0103 de la ferm\u0103, asezonat\u0103 cu condimente pakistaneze, inclusiv chilli, \u0219i coapt\u0103 \u00een tigaie tip gr\u0103tar, servit\u0103 cu lipie Roti de cas\u0103, salat\u0103 verde, ceap\u0103 ro\u0219ie marinat\u0103 \u0219i sos de iaurt u\u0219or picant (F\u0102R\u0102 maionez\u0103).<\/p>\n<p><b>Ingrediente:<\/b> carne de vit\u0103, coriandru, chimion, cardamom, cui\u0219oare, scor\u021bi\u0219oar\u0103, nuc\u0219oar\u0103, piper negru, turmeric, paprika, chilli, salat\u0103 verde, ceap\u0103, iaurt, o\u021bet din orez, sare.<\/p>\n<p><b>Valori nutri\u021bionale:<\/b> 420 kcal, 28g proteine, 35g carbohidra\u021bi, 17g gr\u0103simi, 4g fibre<\/p>\n<p><b>Alergeni:<\/b> iaurt (produse lactate)<\/p>\n<p><b>Nivel de iu\u021beal\u0103: <\/b>mediu<\/p>\n<p>350g<\/p>\n<p><em>\u2022 con\u021bine 100 de grame de carne g\u0103tit\u0103, 90 de grame de lipie, 50 de grame de ro\u0219ii, 40 de grame de sos de iaurt, 40 de grame de ceap\u0103 ro\u0219ie, 30 de grame de salat\u0103 verde.<\/em><\/p>","protected":false},"excerpt":{"rendered":"<p>Carne de vit\u0103 tocat\u0103 de la ferm\u0103, asezonat\u0103 cu condimente pakistaneze, inclusiv chilli, \u0219i coapt\u0103 \u00een tigaie tip gr\u0103tar, servit\u0103 cu lipie Roti de cas\u0103, salat\u0103 verde, ceap\u0103 ro\u0219ie marinat\u0103 \u0219i sos de iaurt u\u0219or picant (F\u0102R\u0102 maionez\u0103). Ingrediente: carne de vit\u0103, coriandru, chimion, cardamom, cui\u0219oare, scor\u021bi\u0219oar\u0103, nuc\u0219oar\u0103, piper negru, turmeric, paprika, chilli, salat\u0103 verde, [&hellip;]<\/p>\n","protected":false},"featured_media":0,"template":"","meta":{"_acf_changed":false},"product_brand":[],"product_cat":[41],"product_tag":[],"class_list":{"0":"post-918","1":"product","2":"type-product","3":"status-publish","5":"product_cat-streetfood","7":"first","8":"instock","9":"shipping-taxable","10":"purchasable","11":"product-type-simple"},"acf":[],"yoast_head":"<!-- This site is optimized with the Yoast SEO plugin v27.5 - https:\/\/yoast.com\/product\/yoast-seo-wordpress\/ -->\n<title>Kebab de cas\u0103 \u2013 Vit\u0103 - INDUS Restaurant pakistanez<\/title>\n<meta name=\"robots\" content=\"index, follow, max-snippet:-1, max-image-preview:large, max-video-preview:-1\" \/>\n<link rel=\"canonical\" href=\"https:\/\/indusrestaurant.ro\/en\/product\/kebab-de-casa-vita\/\" \/>\n<meta property=\"og:locale\" content=\"en_GB\" \/>\n<meta property=\"og:type\" content=\"article\" \/>\n<meta property=\"og:title\" content=\"Kebab de cas\u0103 \u2013 Vit\u0103 - INDUS Restaurant pakistanez\" \/>\n<meta property=\"og:description\" content=\"Carne de vit\u0103 tocat\u0103 de la ferm\u0103, asezonat\u0103 cu condimente pakistaneze, inclusiv chilli, \u0219i coapt\u0103 \u00een tigaie tip gr\u0103tar, servit\u0103 cu lipie Roti de cas\u0103, salat\u0103 verde, ceap\u0103 ro\u0219ie marinat\u0103 \u0219i sos de iaurt u\u0219or picant (F\u0102R\u0102 maionez\u0103). Ingrediente: carne de vit\u0103, coriandru, chimion, cardamom, cui\u0219oare, scor\u021bi\u0219oar\u0103, nuc\u0219oar\u0103, piper negru, turmeric, paprika, chilli, salat\u0103 verde, [&hellip;]\" \/>\n<meta property=\"og:url\" content=\"https:\/\/indusrestaurant.ro\/en\/product\/kebab-de-casa-vita\/\" \/>\n<meta property=\"og:site_name\" content=\"INDUS Restaurant pakistanez\" \/>\n<meta property=\"article:modified_time\" content=\"2026-02-10T11:26:36+00:00\" \/>\n<meta name=\"twitter:card\" content=\"summary_large_image\" \/>\n<meta name=\"twitter:label1\" content=\"Estimated reading time\" \/>\n\t<meta name=\"twitter:data1\" content=\"1 minute\" \/>\n<script type=\"application\/ld+json\" class=\"yoast-schema-graph\">{\"@context\":\"https:\\\/\\\/schema.org\",\"@graph\":[{\"@type\":\"WebPage\",\"@id\":\"https:\\\/\\\/indusrestaurant.ro\\\/product\\\/kebab-de-casa-vita\\\/\",\"url\":\"https:\\\/\\\/indusrestaurant.ro\\\/product\\\/kebab-de-casa-vita\\\/\",\"name\":\"Kebab de cas\u0103 \u2013 Vit\u0103 - INDUS Restaurant pakistanez\",\"isPartOf\":{\"@id\":\"https:\\\/\\\/indusrestaurant.ro\\\/#website\"},\"datePublished\":\"2025-09-30T17:15:57+00:00\",\"dateModified\":\"2026-02-10T11:26:36+00:00\",\"breadcrumb\":{\"@id\":\"https:\\\/\\\/indusrestaurant.ro\\\/product\\\/kebab-de-casa-vita\\\/#breadcrumb\"},\"inLanguage\":\"en-GB\",\"potentialAction\":[{\"@type\":\"ReadAction\",\"target\":[\"https:\\\/\\\/indusrestaurant.ro\\\/product\\\/kebab-de-casa-vita\\\/\"]}]},{\"@type\":\"BreadcrumbList\",\"@id\":\"https:\\\/\\\/indusrestaurant.ro\\\/product\\\/kebab-de-casa-vita\\\/#breadcrumb\",\"itemListElement\":[{\"@type\":\"ListItem\",\"position\":1,\"name\":\"Home\",\"item\":\"https:\\\/\\\/indusrestaurant.ro\\\/\"},{\"@type\":\"ListItem\",\"position\":2,\"name\":\"Shop\",\"item\":\"https:\\\/\\\/indusrestaurant.ro\\\/shop\\\/\"},{\"@type\":\"ListItem\",\"position\":3,\"name\":\"Kebab de cas\u0103 \u2013 Vit\u0103\"}]},{\"@type\":\"WebSite\",\"@id\":\"https:\\\/\\\/indusrestaurant.ro\\\/#website\",\"url\":\"https:\\\/\\\/indusrestaurant.ro\\\/\",\"name\":\"INDUS Restaurant pakistanez\",\"description\":\"Spice is life\",\"publisher\":{\"@id\":\"https:\\\/\\\/indusrestaurant.ro\\\/#organization\"},\"potentialAction\":[{\"@type\":\"SearchAction\",\"target\":{\"@type\":\"EntryPoint\",\"urlTemplate\":\"https:\\\/\\\/indusrestaurant.ro\\\/?s={search_term_string}\"},\"query-input\":{\"@type\":\"PropertyValueSpecification\",\"valueRequired\":true,\"valueName\":\"search_term_string\"}}],\"inLanguage\":\"en-GB\"},{\"@type\":\"Organization\",\"@id\":\"https:\\\/\\\/indusrestaurant.ro\\\/#organization\",\"name\":\"INDUS Restaurant pakistanez\",\"url\":\"https:\\\/\\\/indusrestaurant.ro\\\/\",\"logo\":{\"@type\":\"ImageObject\",\"inLanguage\":\"en-GB\",\"@id\":\"https:\\\/\\\/indusrestaurant.ro\\\/#\\\/schema\\\/logo\\\/image\\\/\",\"url\":\"https:\\\/\\\/indusrestaurant.ro\\\/wp-content\\\/uploads\\\/2025\\\/03\\\/logo-2-1.webp\",\"contentUrl\":\"https:\\\/\\\/indusrestaurant.ro\\\/wp-content\\\/uploads\\\/2025\\\/03\\\/logo-2-1.webp\",\"width\":614,\"height\":283,\"caption\":\"INDUS Restaurant pakistanez\"},\"image\":{\"@id\":\"https:\\\/\\\/indusrestaurant.ro\\\/#\\\/schema\\\/logo\\\/image\\\/\"}}]}<\/script>\n<!-- \/ Yoast SEO plugin. -->","yoast_head_json":{"title":"Kebab de cas\u0103 \u2013 Vit\u0103 - INDUS Restaurant pakistanez","robots":{"index":"index","follow":"follow","max-snippet":"max-snippet:-1","max-image-preview":"max-image-preview:large","max-video-preview":"max-video-preview:-1"},"canonical":"https:\/\/indusrestaurant.ro\/en\/product\/kebab-de-casa-vita\/","og_locale":"en_GB","og_type":"article","og_title":"Kebab de cas\u0103 \u2013 Vit\u0103 - INDUS Restaurant pakistanez","og_description":"Carne de vit\u0103 tocat\u0103 de la ferm\u0103, asezonat\u0103 cu condimente pakistaneze, inclusiv chilli, \u0219i coapt\u0103 \u00een tigaie tip gr\u0103tar, servit\u0103 cu lipie Roti de cas\u0103, salat\u0103 verde, ceap\u0103 ro\u0219ie marinat\u0103 \u0219i sos de iaurt u\u0219or picant (F\u0102R\u0102 maionez\u0103). Ingrediente: carne de vit\u0103, coriandru, chimion, cardamom, cui\u0219oare, scor\u021bi\u0219oar\u0103, nuc\u0219oar\u0103, piper negru, turmeric, paprika, chilli, salat\u0103 verde, [&hellip;]","og_url":"https:\/\/indusrestaurant.ro\/en\/product\/kebab-de-casa-vita\/","og_site_name":"INDUS Restaurant pakistanez","article_modified_time":"2026-02-10T11:26:36+00:00","twitter_card":"summary_large_image","twitter_misc":{"Estimated reading time":"1 minute"},"schema":{"@context":"https:\/\/schema.org","@graph":[{"@type":"WebPage","@id":"https:\/\/indusrestaurant.ro\/product\/kebab-de-casa-vita\/","url":"https:\/\/indusrestaurant.ro\/product\/kebab-de-casa-vita\/","name":"Kebab de cas\u0103 \u2013 Vit\u0103 - INDUS Restaurant pakistanez","isPartOf":{"@id":"https:\/\/indusrestaurant.ro\/#website"},"datePublished":"2025-09-30T17:15:57+00:00","dateModified":"2026-02-10T11:26:36+00:00","breadcrumb":{"@id":"https:\/\/indusrestaurant.ro\/product\/kebab-de-casa-vita\/#breadcrumb"},"inLanguage":"en-GB","potentialAction":[{"@type":"ReadAction","target":["https:\/\/indusrestaurant.ro\/product\/kebab-de-casa-vita\/"]}]},{"@type":"BreadcrumbList","@id":"https:\/\/indusrestaurant.ro\/product\/kebab-de-casa-vita\/#breadcrumb","itemListElement":[{"@type":"ListItem","position":1,"name":"Home","item":"https:\/\/indusrestaurant.ro\/"},{"@type":"ListItem","position":2,"name":"Shop","item":"https:\/\/indusrestaurant.ro\/shop\/"},{"@type":"ListItem","position":3,"name":"Kebab de cas\u0103 \u2013 Vit\u0103"}]},{"@type":"WebSite","@id":"https:\/\/indusrestaurant.ro\/#website","url":"https:\/\/indusrestaurant.ro\/","name":"INDUS Restaurant pakistanez","description":"Spice is life","publisher":{"@id":"https:\/\/indusrestaurant.ro\/#organization"},"potentialAction":[{"@type":"SearchAction","target":{"@type":"EntryPoint","urlTemplate":"https:\/\/indusrestaurant.ro\/?s={search_term_string}"},"query-input":{"@type":"PropertyValueSpecification","valueRequired":true,"valueName":"search_term_string"}}],"inLanguage":"en-GB"},{"@type":"Organization","@id":"https:\/\/indusrestaurant.ro\/#organization","name":"INDUS Restaurant pakistanez","url":"https:\/\/indusrestaurant.ro\/","logo":{"@type":"ImageObject","inLanguage":"en-GB","@id":"https:\/\/indusrestaurant.ro\/#\/schema\/logo\/image\/","url":"https:\/\/indusrestaurant.ro\/wp-content\/uploads\/2025\/03\/logo-2-1.webp","contentUrl":"https:\/\/indusrestaurant.ro\/wp-content\/uploads\/2025\/03\/logo-2-1.webp","width":614,"height":283,"caption":"INDUS Restaurant pakistanez"},"image":{"@id":"https:\/\/indusrestaurant.ro\/#\/schema\/logo\/image\/"}}]}},"_links":{"self":[{"href":"https:\/\/indusrestaurant.ro\/en\/wp-json\/wp\/v2\/product\/918","targetHints":{"allow":["GET"]}}],"collection":[{"href":"https:\/\/indusrestaurant.ro\/en\/wp-json\/wp\/v2\/product"}],"about":[{"href":"https:\/\/indusrestaurant.ro\/en\/wp-json\/wp\/v2\/types\/product"}],"wp:attachment":[{"href":"https:\/\/indusrestaurant.ro\/en\/wp-json\/wp\/v2\/media?parent=918"}],"wp:term":[{"taxonomy":"product_brand","embeddable":true,"href":"https:\/\/indusrestaurant.ro\/en\/wp-json\/wp\/v2\/product_brand?post=918"},{"taxonomy":"product_cat","embeddable":true,"href":"https:\/\/indusrestaurant.ro\/en\/wp-json\/wp\/v2\/product_cat?post=918"},{"taxonomy":"product_tag","embeddable":true,"href":"https:\/\/indusrestaurant.ro\/en\/wp-json\/wp\/v2\/product_tag?post=918"}],"curies":[{"name":"wp","href":"https:\/\/api.w.org\/{rel}","templated":true}]}}