{"id":920,"date":"2025-09-30T17:17:56","date_gmt":"2025-09-30T17:17:56","guid":{"rendered":"https:\/\/indusrestaurant.ro\/?post_type=product&#038;p=920"},"modified":"2026-04-07T08:26:05","modified_gmt":"2026-04-07T08:26:05","slug":"falafel-hummus-indus","status":"publish","type":"product","link":"https:\/\/indusrestaurant.ro\/en\/product\/falafel-hummus-indus\/","title":{"rendered":"Meniu Falafel &#038; Hummus \u201dindus\u201d &#038; lipie Paratha"},"content":{"rendered":"<p><em><strong>IMPORTANT! A se men\u021biona op\u021biunea pentru lipie cu unt din lapte! Aceasta este pr\u0103jit\u0103 \u00een unt de cocos dac\u0103 nu sunt transmise alte men\u021biuni. <\/strong><\/em><\/p>\n<p>Chiftelu\u021be de n\u0103ut aromate, g\u0103tite \u00een cuptor cu aer cald, care sunt servite \u00eempreun\u0103 cu hummus cremos \u00een stil \u201dindus\u201d \u0219i lipie tradi\u021bional\u0103 Paratha cu unt de cocos. O alegere delicioas\u0103 \u0219i nutritiv\u0103, cu influen\u021be pakistaneze autentice, cu ingrediente curate, premium.<\/p>\n<p><b>Ingrediente:<\/b> n\u0103ut, ceap\u0103, usturoi, susan, chimion, suc de l\u0103m\u00e2ie, ulei de m\u0103sline, chimion, coriandru, sare, lipie (f\u0103in\u0103 de gr\u00e2u, unt de cocos).<\/p>\n<p><b>Valori nutri\u021bionale:<\/b> 380 kcal, 18g proteine, 45g carbohidra\u021bi, 14g gr\u0103simi, 10g fibre<\/p>\n<p><b>Alergeni:<\/b> susan.<\/p>\n<p><b>Nivel de iu\u021beal\u0103: <\/b>deloc<\/p>\n<p>400g<\/p>\n<p><em>\u2022 con\u021bine 150 g de hummus, 130 de grame de chiftelu\u021be, 120 de grame de lipie <\/em><\/p>","protected":false},"excerpt":{"rendered":"<p>IMPORTANT! A se men\u021biona op\u021biunea pentru lipie cu unt din lapte! Aceasta este pr\u0103jit\u0103 \u00een unt de cocos dac\u0103 nu sunt transmise alte men\u021biuni. Chiftelu\u021be de n\u0103ut aromate, g\u0103tite \u00een cuptor cu aer cald, care sunt servite \u00eempreun\u0103 cu hummus cremos \u00een stil \u201dindus\u201d \u0219i lipie tradi\u021bional\u0103 Paratha cu unt de cocos. O alegere delicioas\u0103 [&hellip;]<\/p>\n","protected":false},"featured_media":0,"template":"","meta":{"_acf_changed":false},"product_brand":[],"product_cat":[41],"product_tag":[],"class_list":{"0":"post-920","1":"product","2":"type-product","3":"status-publish","5":"product_cat-streetfood","7":"first","8":"instock","9":"shipping-taxable","10":"purchasable","11":"product-type-simple"},"acf":[],"yoast_head":"<!-- This site is optimized with the Yoast SEO plugin v27.5 - https:\/\/yoast.com\/product\/yoast-seo-wordpress\/ -->\n<title>Meniu Falafel &amp; Hummus \u201dindus\u201d &amp; lipie Paratha - INDUS Restaurant pakistanez<\/title>\n<meta name=\"robots\" content=\"index, follow, max-snippet:-1, max-image-preview:large, max-video-preview:-1\" \/>\n<link rel=\"canonical\" href=\"https:\/\/indusrestaurant.ro\/en\/product\/falafel-hummus-indus\/\" \/>\n<meta property=\"og:locale\" content=\"en_GB\" \/>\n<meta property=\"og:type\" content=\"article\" \/>\n<meta property=\"og:title\" content=\"Meniu Falafel &amp; Hummus \u201dindus\u201d &amp; lipie Paratha - INDUS Restaurant pakistanez\" \/>\n<meta property=\"og:description\" content=\"IMPORTANT! A se men\u021biona op\u021biunea pentru lipie cu unt din lapte! Aceasta este pr\u0103jit\u0103 \u00een unt de cocos dac\u0103 nu sunt transmise alte men\u021biuni. Chiftelu\u021be de n\u0103ut aromate, g\u0103tite \u00een cuptor cu aer cald, care sunt servite \u00eempreun\u0103 cu hummus cremos \u00een stil \u201dindus\u201d \u0219i lipie tradi\u021bional\u0103 Paratha cu unt de cocos. O alegere delicioas\u0103 [&hellip;]\" \/>\n<meta property=\"og:url\" content=\"https:\/\/indusrestaurant.ro\/en\/product\/falafel-hummus-indus\/\" \/>\n<meta property=\"og:site_name\" content=\"INDUS Restaurant pakistanez\" \/>\n<meta property=\"article:modified_time\" content=\"2026-04-07T08:26:05+00:00\" \/>\n<meta name=\"twitter:card\" content=\"summary_large_image\" \/>\n<meta name=\"twitter:label1\" content=\"Estimated reading time\" \/>\n\t<meta name=\"twitter:data1\" content=\"1 minute\" \/>\n<script type=\"application\/ld+json\" class=\"yoast-schema-graph\">{\"@context\":\"https:\\\/\\\/schema.org\",\"@graph\":[{\"@type\":\"WebPage\",\"@id\":\"https:\\\/\\\/indusrestaurant.ro\\\/product\\\/falafel-hummus-indus\\\/\",\"url\":\"https:\\\/\\\/indusrestaurant.ro\\\/product\\\/falafel-hummus-indus\\\/\",\"name\":\"Meniu Falafel & Hummus \u201dindus\u201d & lipie Paratha - INDUS Restaurant pakistanez\",\"isPartOf\":{\"@id\":\"https:\\\/\\\/indusrestaurant.ro\\\/#website\"},\"datePublished\":\"2025-09-30T17:17:56+00:00\",\"dateModified\":\"2026-04-07T08:26:05+00:00\",\"breadcrumb\":{\"@id\":\"https:\\\/\\\/indusrestaurant.ro\\\/product\\\/falafel-hummus-indus\\\/#breadcrumb\"},\"inLanguage\":\"en-GB\",\"potentialAction\":[{\"@type\":\"ReadAction\",\"target\":[\"https:\\\/\\\/indusrestaurant.ro\\\/product\\\/falafel-hummus-indus\\\/\"]}]},{\"@type\":\"BreadcrumbList\",\"@id\":\"https:\\\/\\\/indusrestaurant.ro\\\/product\\\/falafel-hummus-indus\\\/#breadcrumb\",\"itemListElement\":[{\"@type\":\"ListItem\",\"position\":1,\"name\":\"Home\",\"item\":\"https:\\\/\\\/indusrestaurant.ro\\\/\"},{\"@type\":\"ListItem\",\"position\":2,\"name\":\"Shop\",\"item\":\"https:\\\/\\\/indusrestaurant.ro\\\/shop\\\/\"},{\"@type\":\"ListItem\",\"position\":3,\"name\":\"Meniu Falafel &#038; Hummus \u201dindus\u201d &#038; lipie Paratha\"}]},{\"@type\":\"WebSite\",\"@id\":\"https:\\\/\\\/indusrestaurant.ro\\\/#website\",\"url\":\"https:\\\/\\\/indusrestaurant.ro\\\/\",\"name\":\"INDUS Restaurant pakistanez\",\"description\":\"Spice is life\",\"publisher\":{\"@id\":\"https:\\\/\\\/indusrestaurant.ro\\\/#organization\"},\"potentialAction\":[{\"@type\":\"SearchAction\",\"target\":{\"@type\":\"EntryPoint\",\"urlTemplate\":\"https:\\\/\\\/indusrestaurant.ro\\\/?s={search_term_string}\"},\"query-input\":{\"@type\":\"PropertyValueSpecification\",\"valueRequired\":true,\"valueName\":\"search_term_string\"}}],\"inLanguage\":\"en-GB\"},{\"@type\":\"Organization\",\"@id\":\"https:\\\/\\\/indusrestaurant.ro\\\/#organization\",\"name\":\"INDUS Restaurant pakistanez\",\"url\":\"https:\\\/\\\/indusrestaurant.ro\\\/\",\"logo\":{\"@type\":\"ImageObject\",\"inLanguage\":\"en-GB\",\"@id\":\"https:\\\/\\\/indusrestaurant.ro\\\/#\\\/schema\\\/logo\\\/image\\\/\",\"url\":\"https:\\\/\\\/indusrestaurant.ro\\\/wp-content\\\/uploads\\\/2025\\\/03\\\/logo-2-1.webp\",\"contentUrl\":\"https:\\\/\\\/indusrestaurant.ro\\\/wp-content\\\/uploads\\\/2025\\\/03\\\/logo-2-1.webp\",\"width\":614,\"height\":283,\"caption\":\"INDUS Restaurant pakistanez\"},\"image\":{\"@id\":\"https:\\\/\\\/indusrestaurant.ro\\\/#\\\/schema\\\/logo\\\/image\\\/\"}}]}<\/script>\n<!-- \/ Yoast SEO plugin. -->","yoast_head_json":{"title":"Meniu Falafel & Hummus \u201dindus\u201d & lipie Paratha - INDUS Restaurant pakistanez","robots":{"index":"index","follow":"follow","max-snippet":"max-snippet:-1","max-image-preview":"max-image-preview:large","max-video-preview":"max-video-preview:-1"},"canonical":"https:\/\/indusrestaurant.ro\/en\/product\/falafel-hummus-indus\/","og_locale":"en_GB","og_type":"article","og_title":"Meniu Falafel & Hummus \u201dindus\u201d & lipie Paratha - INDUS Restaurant pakistanez","og_description":"IMPORTANT! A se men\u021biona op\u021biunea pentru lipie cu unt din lapte! Aceasta este pr\u0103jit\u0103 \u00een unt de cocos dac\u0103 nu sunt transmise alte men\u021biuni. Chiftelu\u021be de n\u0103ut aromate, g\u0103tite \u00een cuptor cu aer cald, care sunt servite \u00eempreun\u0103 cu hummus cremos \u00een stil \u201dindus\u201d \u0219i lipie tradi\u021bional\u0103 Paratha cu unt de cocos. O alegere delicioas\u0103 [&hellip;]","og_url":"https:\/\/indusrestaurant.ro\/en\/product\/falafel-hummus-indus\/","og_site_name":"INDUS Restaurant pakistanez","article_modified_time":"2026-04-07T08:26:05+00:00","twitter_card":"summary_large_image","twitter_misc":{"Estimated reading time":"1 minute"},"schema":{"@context":"https:\/\/schema.org","@graph":[{"@type":"WebPage","@id":"https:\/\/indusrestaurant.ro\/product\/falafel-hummus-indus\/","url":"https:\/\/indusrestaurant.ro\/product\/falafel-hummus-indus\/","name":"Meniu Falafel & Hummus \u201dindus\u201d & lipie Paratha - INDUS Restaurant pakistanez","isPartOf":{"@id":"https:\/\/indusrestaurant.ro\/#website"},"datePublished":"2025-09-30T17:17:56+00:00","dateModified":"2026-04-07T08:26:05+00:00","breadcrumb":{"@id":"https:\/\/indusrestaurant.ro\/product\/falafel-hummus-indus\/#breadcrumb"},"inLanguage":"en-GB","potentialAction":[{"@type":"ReadAction","target":["https:\/\/indusrestaurant.ro\/product\/falafel-hummus-indus\/"]}]},{"@type":"BreadcrumbList","@id":"https:\/\/indusrestaurant.ro\/product\/falafel-hummus-indus\/#breadcrumb","itemListElement":[{"@type":"ListItem","position":1,"name":"Home","item":"https:\/\/indusrestaurant.ro\/"},{"@type":"ListItem","position":2,"name":"Shop","item":"https:\/\/indusrestaurant.ro\/shop\/"},{"@type":"ListItem","position":3,"name":"Meniu Falafel &#038; Hummus \u201dindus\u201d &#038; lipie Paratha"}]},{"@type":"WebSite","@id":"https:\/\/indusrestaurant.ro\/#website","url":"https:\/\/indusrestaurant.ro\/","name":"INDUS Restaurant pakistanez","description":"Spice is life","publisher":{"@id":"https:\/\/indusrestaurant.ro\/#organization"},"potentialAction":[{"@type":"SearchAction","target":{"@type":"EntryPoint","urlTemplate":"https:\/\/indusrestaurant.ro\/?s={search_term_string}"},"query-input":{"@type":"PropertyValueSpecification","valueRequired":true,"valueName":"search_term_string"}}],"inLanguage":"en-GB"},{"@type":"Organization","@id":"https:\/\/indusrestaurant.ro\/#organization","name":"INDUS Restaurant pakistanez","url":"https:\/\/indusrestaurant.ro\/","logo":{"@type":"ImageObject","inLanguage":"en-GB","@id":"https:\/\/indusrestaurant.ro\/#\/schema\/logo\/image\/","url":"https:\/\/indusrestaurant.ro\/wp-content\/uploads\/2025\/03\/logo-2-1.webp","contentUrl":"https:\/\/indusrestaurant.ro\/wp-content\/uploads\/2025\/03\/logo-2-1.webp","width":614,"height":283,"caption":"INDUS Restaurant pakistanez"},"image":{"@id":"https:\/\/indusrestaurant.ro\/#\/schema\/logo\/image\/"}}]}},"_links":{"self":[{"href":"https:\/\/indusrestaurant.ro\/en\/wp-json\/wp\/v2\/product\/920","targetHints":{"allow":["GET"]}}],"collection":[{"href":"https:\/\/indusrestaurant.ro\/en\/wp-json\/wp\/v2\/product"}],"about":[{"href":"https:\/\/indusrestaurant.ro\/en\/wp-json\/wp\/v2\/types\/product"}],"wp:attachment":[{"href":"https:\/\/indusrestaurant.ro\/en\/wp-json\/wp\/v2\/media?parent=920"}],"wp:term":[{"taxonomy":"product_brand","embeddable":true,"href":"https:\/\/indusrestaurant.ro\/en\/wp-json\/wp\/v2\/product_brand?post=920"},{"taxonomy":"product_cat","embeddable":true,"href":"https:\/\/indusrestaurant.ro\/en\/wp-json\/wp\/v2\/product_cat?post=920"},{"taxonomy":"product_tag","embeddable":true,"href":"https:\/\/indusrestaurant.ro\/en\/wp-json\/wp\/v2\/product_tag?post=920"}],"curies":[{"name":"wp","href":"https:\/\/api.w.org\/{rel}","templated":true}]}}